{"id":97,"date":"2026-01-08T09:23:32","date_gmt":"2026-01-08T09:23:32","guid":{"rendered":"https:\/\/talentos-objetivos.pt\/figueiraultratrail\/?page_id=97"},"modified":"2026-01-08T17:13:13","modified_gmt":"2026-01-08T17:13:13","slug":"programa","status":"publish","type":"page","link":"https:\/\/talentos-objetivos.pt\/figueiraultratrail\/informacoes\/programa\/","title":{"rendered":"Programa"},"content":{"rendered":"\n<p><strong>Sexta-feira, 03 de abril de 2026<\/strong><\/p>\n\n\n\n<p>14h00 &#8211; Secretariado [Grupo Caras Direitas]<br>20h00 &#8211; Fecho do Secretariado<br><strong><br>s\u00e1bado, 04 de abril de 2026<\/strong><\/p>\n\n\n\n<p>07h00 \u00e0s 15h30 &#8211; Secretariado [Grupo Caras Direitas]\n\n\n\n<p>(levantamento do dorsal encerra 30 minutos antes do controlo \u201c0\u201d de cada circuito)<\/p>\n\n\n\n<p><br>08h00 &#8211; Controlo \u201c0\u201d Ultra Trail [junto \u00e0 partida]<br>08h30 &#8211; Partida ULTRA Trail (CN)<\/p>\n\n\n\n<p>08h45 &#8211; Controlo \u201c0\u201d Trail Longo [junto \u00e0 partida]<br>09h00 &#8211; Partida Trail Longo<\/p>\n\n\n\n<p>09h15 &#8211; Controlo \u201c0\u201d Trail Sprint [junto \u00e0 partida]<br>09h30 &#8211; Partida Trail Sprint<\/p>\n\n\n\n<p>09h35 &#8211; Controlo \u201c0\u201d Mini Trail [junto \u00e0 partida] (entrada box A)<br>09h45 &#8211; Partida Mini Trail<br><br>09h35 &#8211; Controlo \u201c0\u201d caminhada [junto \u00e0 partida] (entrada box B)<br>09h45 &#8211; Partida Caminhada<\/p>\n\n\n\n<p>11h00 &#8211; Previs\u00e3o da chegada do primeiro atleta do Mini Trail<br>11h00 &#8211; Previs\u00e3o da chegada do primeiro atleta do Trail Sprint<br>11h30 &#8211; Previs\u00e3o da chegada do primeiro atleta do Trail Longo<br>11h30 &#8211; Previs\u00e3o da chegada do primeiro atleta do Ultra Trail 14h30 &#8211; Cerim\u00f3nia de Entrega de pr\u00e9mios<br><br>NOTA: Por raz\u00f5es de for\u00e7a maior os hor\u00e1rios poder\u00e3o sofrer altera\u00e7\u00f5es.<\/p>\n","protected":false},"excerpt":{"rendered":"<p>Sexta-feira, 03 de abril de 2026 14h00 &#8211; Secretariado [Grupo Caras Direitas]20h00 &#8211; Fecho do Secretariados\u00e1bado, 04 de abril de 2026 07h00 \u00e0s 15h30 &#8211; Secretariado [Grupo Caras Direitas] (levantamento do dorsal encerra 30 minutos antes do controlo \u201c0\u201d de cada circuito) 08h00 &#8211; Controlo \u201c0\u201d Ultra Trail [junto \u00e0 partida]08h30 &#8211; Partida ULTRA Trail [&hellip;]<\/p>\n","protected":false},"author":1,"featured_media":0,"parent":51,"menu_order":0,"comment_status":"closed","ping_status":"closed","template":"","meta":{"saved_in_kubio":false,"footnotes":""},"class_list":["post-97","page","type-page","status-publish","hentry"],"yoast_head":"<!-- This site is optimized with the Yoast SEO plugin v27.5 - https:\/\/yoast.com\/product\/yoast-seo-wordpress\/ -->\n<title>Programa - Figueira Ultra Trail<\/title>\n<meta name=\"robots\" content=\"index, follow, max-snippet:-1, max-image-preview:large, max-video-preview:-1\" \/>\n<link rel=\"canonical\" href=\"https:\/\/talentos-objetivos.pt\/figueiraultratrail\/informacoes\/programa\/\" \/>\n<meta property=\"og:locale\" content=\"pt_PT\" \/>\n<meta property=\"og:type\" content=\"article\" \/>\n<meta property=\"og:title\" content=\"Programa - Figueira Ultra Trail\" \/>\n<meta property=\"og:description\" content=\"Sexta-feira, 03 de abril de 2026 14h00 &#8211; Secretariado [Grupo Caras Direitas]20h00 &#8211; Fecho do Secretariados\u00e1bado, 04 de abril de 2026 07h00 \u00e0s 15h30 &#8211; Secretariado [Grupo Caras Direitas] (levantamento do dorsal encerra 30 minutos antes do controlo \u201c0\u201d de cada circuito) 08h00 &#8211; Controlo \u201c0\u201d Ultra Trail [junto \u00e0 partida]08h30 &#8211; Partida ULTRA Trail [&hellip;]\" \/>\n<meta property=\"og:url\" content=\"https:\/\/talentos-objetivos.pt\/figueiraultratrail\/informacoes\/programa\/\" \/>\n<meta property=\"og:site_name\" content=\"Figueira Ultra Trail\" \/>\n<meta property=\"article:modified_time\" content=\"2026-01-08T17:13:13+00:00\" \/>\n<meta name=\"twitter:card\" content=\"summary_large_image\" \/>\n<meta name=\"twitter:label1\" content=\"Tempo estimado de leitura\" \/>\n\t<meta name=\"twitter:data1\" content=\"1 minuto\" \/>\n<script type=\"application\/ld+json\" class=\"yoast-schema-graph\">{\"@context\":\"https:\\\/\\\/schema.org\",\"@graph\":[{\"@type\":\"WebPage\",\"@id\":\"https:\\\/\\\/talentos-objetivos.pt\\\/figueiraultratrail\\\/informacoes\\\/programa\\\/\",\"url\":\"https:\\\/\\\/talentos-objetivos.pt\\\/figueiraultratrail\\\/informacoes\\\/programa\\\/\",\"name\":\"Programa - Figueira Ultra Trail\",\"isPartOf\":{\"@id\":\"https:\\\/\\\/talentos-objetivos.pt\\\/figueiraultratrail\\\/#website\"},\"datePublished\":\"2026-01-08T09:23:32+00:00\",\"dateModified\":\"2026-01-08T17:13:13+00:00\",\"breadcrumb\":{\"@id\":\"https:\\\/\\\/talentos-objetivos.pt\\\/figueiraultratrail\\\/informacoes\\\/programa\\\/#breadcrumb\"},\"inLanguage\":\"pt-PT\",\"potentialAction\":[{\"@type\":\"ReadAction\",\"target\":[\"https:\\\/\\\/talentos-objetivos.pt\\\/figueiraultratrail\\\/informacoes\\\/programa\\\/\"]}]},{\"@type\":\"BreadcrumbList\",\"@id\":\"https:\\\/\\\/talentos-objetivos.pt\\\/figueiraultratrail\\\/informacoes\\\/programa\\\/#breadcrumb\",\"itemListElement\":[{\"@type\":\"ListItem\",\"position\":1,\"name\":\"In\u00edcio\",\"item\":\"https:\\\/\\\/talentos-objetivos.pt\\\/figueiraultratrail\\\/\"},{\"@type\":\"ListItem\",\"position\":2,\"name\":\"Informa\u00e7\u00f5es\",\"item\":\"https:\\\/\\\/talentos-objetivos.pt\\\/figueiraultratrail\\\/informacoes\\\/\"},{\"@type\":\"ListItem\",\"position\":3,\"name\":\"Programa\"}]},{\"@type\":\"WebSite\",\"@id\":\"https:\\\/\\\/talentos-objetivos.pt\\\/figueiraultratrail\\\/#website\",\"url\":\"https:\\\/\\\/talentos-objetivos.pt\\\/figueiraultratrail\\\/\",\"name\":\"Figueira Ultra Trail\",\"description\":\"\",\"publisher\":{\"@id\":\"https:\\\/\\\/talentos-objetivos.pt\\\/figueiraultratrail\\\/#organization\"},\"potentialAction\":[{\"@type\":\"SearchAction\",\"target\":{\"@type\":\"EntryPoint\",\"urlTemplate\":\"https:\\\/\\\/talentos-objetivos.pt\\\/figueiraultratrail\\\/?s={search_term_string}\"},\"query-input\":{\"@type\":\"PropertyValueSpecification\",\"valueRequired\":true,\"valueName\":\"search_term_string\"}}],\"inLanguage\":\"pt-PT\"},{\"@type\":\"Organization\",\"@id\":\"https:\\\/\\\/talentos-objetivos.pt\\\/figueiraultratrail\\\/#organization\",\"name\":\"Figueira Ultra Trail\",\"url\":\"https:\\\/\\\/talentos-objetivos.pt\\\/figueiraultratrail\\\/\",\"logo\":{\"@type\":\"ImageObject\",\"inLanguage\":\"pt-PT\",\"@id\":\"https:\\\/\\\/talentos-objetivos.pt\\\/figueiraultratrail\\\/#\\\/schema\\\/logo\\\/image\\\/\",\"url\":\"https:\\\/\\\/talentos-objetivos.pt\\\/figueiraultratrail\\\/wp-content\\\/uploads\\\/sites\\\/8\\\/2026\\\/01\\\/Image2.png\",\"contentUrl\":\"https:\\\/\\\/talentos-objetivos.pt\\\/figueiraultratrail\\\/wp-content\\\/uploads\\\/sites\\\/8\\\/2026\\\/01\\\/Image2.png\",\"width\":336,\"height\":335,\"caption\":\"Figueira Ultra Trail\"},\"image\":{\"@id\":\"https:\\\/\\\/talentos-objetivos.pt\\\/figueiraultratrail\\\/#\\\/schema\\\/logo\\\/image\\\/\"}}]}<\/script>\n<!-- \/ Yoast SEO plugin. -->","yoast_head_json":{"title":"Programa - Figueira Ultra Trail","robots":{"index":"index","follow":"follow","max-snippet":"max-snippet:-1","max-image-preview":"max-image-preview:large","max-video-preview":"max-video-preview:-1"},"canonical":"https:\/\/talentos-objetivos.pt\/figueiraultratrail\/informacoes\/programa\/","og_locale":"pt_PT","og_type":"article","og_title":"Programa - Figueira Ultra Trail","og_description":"Sexta-feira, 03 de abril de 2026 14h00 &#8211; Secretariado [Grupo Caras Direitas]20h00 &#8211; Fecho do Secretariados\u00e1bado, 04 de abril de 2026 07h00 \u00e0s 15h30 &#8211; Secretariado [Grupo Caras Direitas] (levantamento do dorsal encerra 30 minutos antes do controlo \u201c0\u201d de cada circuito) 08h00 &#8211; Controlo \u201c0\u201d Ultra Trail [junto \u00e0 partida]08h30 &#8211; Partida ULTRA Trail [&hellip;]","og_url":"https:\/\/talentos-objetivos.pt\/figueiraultratrail\/informacoes\/programa\/","og_site_name":"Figueira Ultra Trail","article_modified_time":"2026-01-08T17:13:13+00:00","twitter_card":"summary_large_image","twitter_misc":{"Tempo estimado de leitura":"1 minuto"},"schema":{"@context":"https:\/\/schema.org","@graph":[{"@type":"WebPage","@id":"https:\/\/talentos-objetivos.pt\/figueiraultratrail\/informacoes\/programa\/","url":"https:\/\/talentos-objetivos.pt\/figueiraultratrail\/informacoes\/programa\/","name":"Programa - Figueira Ultra Trail","isPartOf":{"@id":"https:\/\/talentos-objetivos.pt\/figueiraultratrail\/#website"},"datePublished":"2026-01-08T09:23:32+00:00","dateModified":"2026-01-08T17:13:13+00:00","breadcrumb":{"@id":"https:\/\/talentos-objetivos.pt\/figueiraultratrail\/informacoes\/programa\/#breadcrumb"},"inLanguage":"pt-PT","potentialAction":[{"@type":"ReadAction","target":["https:\/\/talentos-objetivos.pt\/figueiraultratrail\/informacoes\/programa\/"]}]},{"@type":"BreadcrumbList","@id":"https:\/\/talentos-objetivos.pt\/figueiraultratrail\/informacoes\/programa\/#breadcrumb","itemListElement":[{"@type":"ListItem","position":1,"name":"In\u00edcio","item":"https:\/\/talentos-objetivos.pt\/figueiraultratrail\/"},{"@type":"ListItem","position":2,"name":"Informa\u00e7\u00f5es","item":"https:\/\/talentos-objetivos.pt\/figueiraultratrail\/informacoes\/"},{"@type":"ListItem","position":3,"name":"Programa"}]},{"@type":"WebSite","@id":"https:\/\/talentos-objetivos.pt\/figueiraultratrail\/#website","url":"https:\/\/talentos-objetivos.pt\/figueiraultratrail\/","name":"Figueira Ultra Trail","description":"","publisher":{"@id":"https:\/\/talentos-objetivos.pt\/figueiraultratrail\/#organization"},"potentialAction":[{"@type":"SearchAction","target":{"@type":"EntryPoint","urlTemplate":"https:\/\/talentos-objetivos.pt\/figueiraultratrail\/?s={search_term_string}"},"query-input":{"@type":"PropertyValueSpecification","valueRequired":true,"valueName":"search_term_string"}}],"inLanguage":"pt-PT"},{"@type":"Organization","@id":"https:\/\/talentos-objetivos.pt\/figueiraultratrail\/#organization","name":"Figueira Ultra Trail","url":"https:\/\/talentos-objetivos.pt\/figueiraultratrail\/","logo":{"@type":"ImageObject","inLanguage":"pt-PT","@id":"https:\/\/talentos-objetivos.pt\/figueiraultratrail\/#\/schema\/logo\/image\/","url":"https:\/\/talentos-objetivos.pt\/figueiraultratrail\/wp-content\/uploads\/sites\/8\/2026\/01\/Image2.png","contentUrl":"https:\/\/talentos-objetivos.pt\/figueiraultratrail\/wp-content\/uploads\/sites\/8\/2026\/01\/Image2.png","width":336,"height":335,"caption":"Figueira Ultra Trail"},"image":{"@id":"https:\/\/talentos-objetivos.pt\/figueiraultratrail\/#\/schema\/logo\/image\/"}}]}},"kubio_ai_page_context":{"short_desc":"","purpose":"general"},"_links":{"self":[{"href":"https:\/\/talentos-objetivos.pt\/figueiraultratrail\/wp-json\/wp\/v2\/pages\/97","targetHints":{"allow":["GET"]}}],"collection":[{"href":"https:\/\/talentos-objetivos.pt\/figueiraultratrail\/wp-json\/wp\/v2\/pages"}],"about":[{"href":"https:\/\/talentos-objetivos.pt\/figueiraultratrail\/wp-json\/wp\/v2\/types\/page"}],"author":[{"embeddable":true,"href":"https:\/\/talentos-objetivos.pt\/figueiraultratrail\/wp-json\/wp\/v2\/users\/1"}],"replies":[{"embeddable":true,"href":"https:\/\/talentos-objetivos.pt\/figueiraultratrail\/wp-json\/wp\/v2\/comments?post=97"}],"version-history":[{"count":0,"href":"https:\/\/talentos-objetivos.pt\/figueiraultratrail\/wp-json\/wp\/v2\/pages\/97\/revisions"}],"up":[{"embeddable":true,"href":"https:\/\/talentos-objetivos.pt\/figueiraultratrail\/wp-json\/wp\/v2\/pages\/51"}],"wp:attachment":[{"href":"https:\/\/talentos-objetivos.pt\/figueiraultratrail\/wp-json\/wp\/v2\/media?parent=97"}],"curies":[{"name":"wp","href":"https:\/\/api.w.org\/{rel}","templated":true}]}}