{"id":35,"date":"2018-01-02T18:58:35","date_gmt":"2018-01-02T18:58:35","guid":{"rendered":"http:\/\/talentos-objetivos.pt\/trialgp\/?page_id=35"},"modified":"2022-12-19T14:25:59","modified_gmt":"2022-12-19T14:25:59","slug":"restauracao","status":"publish","type":"page","link":"https:\/\/talentos-objetivos.pt\/trialgp\/pt\/cidade-de-gouveia\/restauracao\/","title":{"rendered":"Restaura\u00e7\u00e3o"},"content":{"rendered":"<p><img loading=\"lazy\" decoding=\"async\" class=\"aligncenter wp-image-543 size-full\" src=\"https:\/\/talentos-objetivos.pt\/wecportugal\/wp-content\/uploads\/sites\/6\/2022\/12\/onde-comer-banner.jpg\" alt=\"onde-comer-banner\" width=\"700\" height=\"100\" \/><\/p>\n<p style=\"text-align: justify;\">A gastronomia beir\u00e3 oferece-lhe os verdadeiros sabores de montanha, tipicamente serranos, de paladar e carater\u00edsticas \u00fanicas. A come\u00e7ar pelo famoso Queijo da Serra, passando pelos enchidos regionais e o apetitoso p\u00e3o de centeio, juntam-se ainda os pratos t\u00edpicos oriundos do Cabrito, da Truta e do Bacalhau para dar o bom nome \u00e0 arte de bem servir na Beira Interior. Fora da sua experi\u00eancia n\u00e3o poder\u00e3o ficar os saborosos vinhos do D\u00e3o, bem como a prova dos mais diversos licores e aguardentes regionais.<\/p>\n<p>Consulte a lista de restaurantes recomendados para a ocasi\u00e3o:<\/p>\n<hr \/>\n<h3><strong>Sabores da Serra &#8211; Hotel Eurosol<\/strong><\/h3>\n<p><strong>Morada:<\/strong>\u00a0Av. 1.\u00ba de Maio 6290-541 Gouveia<br \/>\n<strong>Telefone:<\/strong>\u00a0238 491 010<br \/>\n<strong>Fax:<\/strong>\u00a0238 494 370<br \/>\n<strong>Internet:<\/strong>\u00a0www.eurosol.pt<br \/>\n<strong>Email:<\/strong>\u00a0gouveia@eurosol.pt<br \/>\n<strong>Descanso Semanal:<\/strong>\u00a0Domingo (Jantar) e Segunda-Feira (Almo\u00e7o e Jantar)<br \/>\n<strong>Especialidades:<\/strong>\u00a0Alheiras de Ca\u00e7a, Arroz de Pato, Espetada Serrana com A\u00e7orda de Farinheira<\/p>\n<hr \/>\n<h3><strong>L\u00e1 em Casa<\/strong><\/h3>\n<p><strong>Morada:<\/strong>\u00a0Sitio dos Barreiros 6290-319 Gouveia<br \/>\n<strong>Telefone:<\/strong>\u00a0238 491 983<br \/>\n<strong>Descanso Semanal:<\/strong>\u00a0Domingo (jantar) e Segunda-Feira (Almo\u00e7o e Jantar)<br \/>\n<strong>Especialidades:<\/strong>\u00a0Lombinho de Porco recheado com Queijo da Serra e Molho de Morcela, Polvo L\u00e1 em Lasa, Crepes de Camar\u00e3o e Cabrito Grelhado<\/p>\n<hr \/>\n<h3><strong>Ponte dos Cavaleiros<\/strong><\/h3>\n<p><strong>Morada:<\/strong>\u00a0Bairro da Serr\u00e3 6290-051 Arcozelo da Serra<br \/>\n<strong>Telefone:<\/strong>\u00a0238 771 010<br \/>\n<strong>Internet:<\/strong>\u00a0http:\/\/www.pontedoscavaleiros.com<br \/>\n<strong>Email:<\/strong>\u00a0pontedoscavaleiros@hotmail.com<br \/>\n<strong>Descanso Semanal:<\/strong>\u00a0N\u00e3o tem<br \/>\n<strong>Especialidades:<\/strong>\u00a0Bacalhau \u00e0 Ponte dos Cavaleiros e Borrego de Leite Grelhado, Lombinho de Novilho Grelhado e Bife de Alcatra Grelhado<\/p>\n<hr \/>\n<h3><strong>Fonte dos Namorados<\/strong><\/h3>\n<p><strong>Morada:<\/strong>\u00a0Melo 6290-121 Gouveia<br \/>\n<strong>Telefone:<\/strong>\u00a0238 745 245<br \/>\n<strong>Fax:<\/strong>\u00a0238 748 074<br \/>\n<strong>Internet:<\/strong>\u00a0www.fontedosnamorados.com<br \/>\n<strong>Email:<\/strong>\u00a0fontedosnamorados@iol.pt<br \/>\n<strong>Descanso Semanal:<\/strong>\u00a0Ter\u00e7a-Feira (Almo\u00e7o e Jantar)<br \/>\n<strong>Especialidades:<\/strong>\u00a0Moelas e Enchidos na Telha, Vitela na Ca\u00e7arola, Cabrito Assado no Forno, Javali na Panela de Ferro e Bacalhau \u00e0 T\u00f3 Z\u00e9<\/p>\n<hr \/>\n<p><a href=\"https:\/\/talentos-objetivos.pt\/wecportugal\/wp-content\/uploads\/sites\/6\/2022\/12\/Restaurantes-no-Concelho-de-Gouveia_TOCER_UEM2017_07_02.pdf\" target=\"_blank\" rel=\"noopener\"><img loading=\"lazy\" decoding=\"async\" class=\"alignleft size-medium wp-image-689\" src=\"https:\/\/talentos-objetivos.pt\/wecportugal\/wp-content\/uploads\/sites\/6\/2022\/12\/Restauracao_Icone-300x300-1.png\" alt=\"Restauracao_Icone\" width=\"300\" height=\"300\" \/><\/a><a href=\"http:\/\/www.cm-gouveia.pt\/visitar\/restauracao\/\" target=\"_blank\" rel=\"noopener\">Restaurantes no Concelho de Gouveia<\/a><\/p>\n","protected":false},"excerpt":{"rendered":"<p>A gastronomia beir\u00e3 oferece-lhe os verdadeiros sabores de montanha, tipicamente serranos, de paladar e carater\u00edsticas \u00fanicas. A come\u00e7ar pelo famoso Queijo da Serra, passando pelos enchidos regionais e o apetitoso p\u00e3o de centeio, juntam-se ainda os pratos t\u00edpicos oriundos do Cabrito, da Truta e do Bacalhau para dar o bom&hellip; <\/p>\n","protected":false},"author":2,"featured_media":0,"parent":39,"menu_order":0,"comment_status":"closed","ping_status":"closed","template":"","meta":{"footnotes":""},"class_list":["post-35","page","type-page","status-publish","hentry"],"yoast_head":"<!-- This site is optimized with the Yoast SEO plugin v27.4 - https:\/\/yoast.com\/product\/yoast-seo-wordpress\/ -->\n<title>Restaura\u00e7\u00e3o - TRIALGP Portugal<\/title>\n<meta name=\"robots\" content=\"index, follow, max-snippet:-1, max-image-preview:large, max-video-preview:-1\" \/>\n<link rel=\"canonical\" href=\"https:\/\/talentos-objetivos.pt\/trialgp\/pt\/cidade-de-gouveia\/restauracao\/\" \/>\n<meta property=\"og:locale\" content=\"pt_PT\" \/>\n<meta property=\"og:type\" content=\"article\" \/>\n<meta property=\"og:title\" content=\"Restaura\u00e7\u00e3o - TRIALGP Portugal\" \/>\n<meta property=\"og:description\" content=\"A gastronomia beir\u00e3 oferece-lhe os verdadeiros sabores de montanha, tipicamente serranos, de paladar e carater\u00edsticas \u00fanicas. A come\u00e7ar pelo famoso Queijo da Serra, passando pelos enchidos regionais e o apetitoso p\u00e3o de centeio, juntam-se ainda os pratos t\u00edpicos oriundos do Cabrito, da Truta e do Bacalhau para dar o bom&hellip;\" \/>\n<meta property=\"og:url\" content=\"https:\/\/talentos-objetivos.pt\/trialgp\/pt\/cidade-de-gouveia\/restauracao\/\" \/>\n<meta property=\"og:site_name\" content=\"TRIALGP Portugal\" \/>\n<meta property=\"article:modified_time\" content=\"2022-12-19T14:25:59+00:00\" \/>\n<meta name=\"twitter:card\" content=\"summary_large_image\" \/>\n<meta name=\"twitter:label1\" content=\"Tempo estimado de leitura\" \/>\n\t<meta name=\"twitter:data1\" content=\"1 minuto\" \/>\n<script type=\"application\/ld+json\" class=\"yoast-schema-graph\">{\"@context\":\"https:\\\/\\\/schema.org\",\"@graph\":[{\"@type\":\"WebPage\",\"@id\":\"https:\\\/\\\/talentos-objetivos.pt\\\/trialgp\\\/pt\\\/cidade-de-gouveia\\\/restauracao\\\/\",\"url\":\"https:\\\/\\\/talentos-objetivos.pt\\\/trialgp\\\/pt\\\/cidade-de-gouveia\\\/restauracao\\\/\",\"name\":\"Restaura\u00e7\u00e3o - TRIALGP Portugal\",\"isPartOf\":{\"@id\":\"https:\\\/\\\/talentos-objetivos.pt\\\/trialgp\\\/#website\"},\"primaryImageOfPage\":{\"@id\":\"https:\\\/\\\/talentos-objetivos.pt\\\/trialgp\\\/pt\\\/cidade-de-gouveia\\\/restauracao\\\/#primaryimage\"},\"image\":{\"@id\":\"https:\\\/\\\/talentos-objetivos.pt\\\/trialgp\\\/pt\\\/cidade-de-gouveia\\\/restauracao\\\/#primaryimage\"},\"thumbnailUrl\":\"https:\\\/\\\/talentos-objetivos.pt\\\/wecportugal\\\/wp-content\\\/uploads\\\/sites\\\/6\\\/2022\\\/12\\\/onde-comer-banner.jpg\",\"datePublished\":\"2018-01-02T18:58:35+00:00\",\"dateModified\":\"2022-12-19T14:25:59+00:00\",\"breadcrumb\":{\"@id\":\"https:\\\/\\\/talentos-objetivos.pt\\\/trialgp\\\/pt\\\/cidade-de-gouveia\\\/restauracao\\\/#breadcrumb\"},\"inLanguage\":\"pt-PT\",\"potentialAction\":[{\"@type\":\"ReadAction\",\"target\":[\"https:\\\/\\\/talentos-objetivos.pt\\\/trialgp\\\/pt\\\/cidade-de-gouveia\\\/restauracao\\\/\"]}]},{\"@type\":\"ImageObject\",\"inLanguage\":\"pt-PT\",\"@id\":\"https:\\\/\\\/talentos-objetivos.pt\\\/trialgp\\\/pt\\\/cidade-de-gouveia\\\/restauracao\\\/#primaryimage\",\"url\":\"https:\\\/\\\/talentos-objetivos.pt\\\/wecportugal\\\/wp-content\\\/uploads\\\/sites\\\/6\\\/2022\\\/12\\\/onde-comer-banner.jpg\",\"contentUrl\":\"https:\\\/\\\/talentos-objetivos.pt\\\/wecportugal\\\/wp-content\\\/uploads\\\/sites\\\/6\\\/2022\\\/12\\\/onde-comer-banner.jpg\"},{\"@type\":\"BreadcrumbList\",\"@id\":\"https:\\\/\\\/talentos-objetivos.pt\\\/trialgp\\\/pt\\\/cidade-de-gouveia\\\/restauracao\\\/#breadcrumb\",\"itemListElement\":[{\"@type\":\"ListItem\",\"position\":1,\"name\":\"In\u00edcio\",\"item\":\"https:\\\/\\\/talentos-objetivos.pt\\\/trialgp\\\/\"},{\"@type\":\"ListItem\",\"position\":2,\"name\":\"PT\",\"item\":\"https:\\\/\\\/talentos-objetivos.pt\\\/trialgp\\\/pt\\\/\"},{\"@type\":\"ListItem\",\"position\":3,\"name\":\"Cidade de Gouveia\",\"item\":\"https:\\\/\\\/talentos-objetivos.pt\\\/trialgp\\\/pt\\\/cidade-de-gouveia\\\/\"},{\"@type\":\"ListItem\",\"position\":4,\"name\":\"Restaura\u00e7\u00e3o\"}]},{\"@type\":\"WebSite\",\"@id\":\"https:\\\/\\\/talentos-objetivos.pt\\\/trialgp\\\/#website\",\"url\":\"https:\\\/\\\/talentos-objetivos.pt\\\/trialgp\\\/\",\"name\":\"TRIALGP Portugal\",\"description\":\"TrialGp - Gouveia 2023\",\"potentialAction\":[{\"@type\":\"SearchAction\",\"target\":{\"@type\":\"EntryPoint\",\"urlTemplate\":\"https:\\\/\\\/talentos-objetivos.pt\\\/trialgp\\\/?s={search_term_string}\"},\"query-input\":{\"@type\":\"PropertyValueSpecification\",\"valueRequired\":true,\"valueName\":\"search_term_string\"}}],\"inLanguage\":\"pt-PT\"}]}<\/script>\n<!-- \/ Yoast SEO plugin. -->","yoast_head_json":{"title":"Restaura\u00e7\u00e3o - TRIALGP Portugal","robots":{"index":"index","follow":"follow","max-snippet":"max-snippet:-1","max-image-preview":"max-image-preview:large","max-video-preview":"max-video-preview:-1"},"canonical":"https:\/\/talentos-objetivos.pt\/trialgp\/pt\/cidade-de-gouveia\/restauracao\/","og_locale":"pt_PT","og_type":"article","og_title":"Restaura\u00e7\u00e3o - TRIALGP Portugal","og_description":"A gastronomia beir\u00e3 oferece-lhe os verdadeiros sabores de montanha, tipicamente serranos, de paladar e carater\u00edsticas \u00fanicas. A come\u00e7ar pelo famoso Queijo da Serra, passando pelos enchidos regionais e o apetitoso p\u00e3o de centeio, juntam-se ainda os pratos t\u00edpicos oriundos do Cabrito, da Truta e do Bacalhau para dar o bom&hellip;","og_url":"https:\/\/talentos-objetivos.pt\/trialgp\/pt\/cidade-de-gouveia\/restauracao\/","og_site_name":"TRIALGP Portugal","article_modified_time":"2022-12-19T14:25:59+00:00","twitter_card":"summary_large_image","twitter_misc":{"Tempo estimado de leitura":"1 minuto"},"schema":{"@context":"https:\/\/schema.org","@graph":[{"@type":"WebPage","@id":"https:\/\/talentos-objetivos.pt\/trialgp\/pt\/cidade-de-gouveia\/restauracao\/","url":"https:\/\/talentos-objetivos.pt\/trialgp\/pt\/cidade-de-gouveia\/restauracao\/","name":"Restaura\u00e7\u00e3o - TRIALGP Portugal","isPartOf":{"@id":"https:\/\/talentos-objetivos.pt\/trialgp\/#website"},"primaryImageOfPage":{"@id":"https:\/\/talentos-objetivos.pt\/trialgp\/pt\/cidade-de-gouveia\/restauracao\/#primaryimage"},"image":{"@id":"https:\/\/talentos-objetivos.pt\/trialgp\/pt\/cidade-de-gouveia\/restauracao\/#primaryimage"},"thumbnailUrl":"https:\/\/talentos-objetivos.pt\/wecportugal\/wp-content\/uploads\/sites\/6\/2022\/12\/onde-comer-banner.jpg","datePublished":"2018-01-02T18:58:35+00:00","dateModified":"2022-12-19T14:25:59+00:00","breadcrumb":{"@id":"https:\/\/talentos-objetivos.pt\/trialgp\/pt\/cidade-de-gouveia\/restauracao\/#breadcrumb"},"inLanguage":"pt-PT","potentialAction":[{"@type":"ReadAction","target":["https:\/\/talentos-objetivos.pt\/trialgp\/pt\/cidade-de-gouveia\/restauracao\/"]}]},{"@type":"ImageObject","inLanguage":"pt-PT","@id":"https:\/\/talentos-objetivos.pt\/trialgp\/pt\/cidade-de-gouveia\/restauracao\/#primaryimage","url":"https:\/\/talentos-objetivos.pt\/wecportugal\/wp-content\/uploads\/sites\/6\/2022\/12\/onde-comer-banner.jpg","contentUrl":"https:\/\/talentos-objetivos.pt\/wecportugal\/wp-content\/uploads\/sites\/6\/2022\/12\/onde-comer-banner.jpg"},{"@type":"BreadcrumbList","@id":"https:\/\/talentos-objetivos.pt\/trialgp\/pt\/cidade-de-gouveia\/restauracao\/#breadcrumb","itemListElement":[{"@type":"ListItem","position":1,"name":"In\u00edcio","item":"https:\/\/talentos-objetivos.pt\/trialgp\/"},{"@type":"ListItem","position":2,"name":"PT","item":"https:\/\/talentos-objetivos.pt\/trialgp\/pt\/"},{"@type":"ListItem","position":3,"name":"Cidade de Gouveia","item":"https:\/\/talentos-objetivos.pt\/trialgp\/pt\/cidade-de-gouveia\/"},{"@type":"ListItem","position":4,"name":"Restaura\u00e7\u00e3o"}]},{"@type":"WebSite","@id":"https:\/\/talentos-objetivos.pt\/trialgp\/#website","url":"https:\/\/talentos-objetivos.pt\/trialgp\/","name":"TRIALGP Portugal","description":"TrialGp - Gouveia 2023","potentialAction":[{"@type":"SearchAction","target":{"@type":"EntryPoint","urlTemplate":"https:\/\/talentos-objetivos.pt\/trialgp\/?s={search_term_string}"},"query-input":{"@type":"PropertyValueSpecification","valueRequired":true,"valueName":"search_term_string"}}],"inLanguage":"pt-PT"}]}},"_links":{"self":[{"href":"https:\/\/talentos-objetivos.pt\/trialgp\/wp-json\/wp\/v2\/pages\/35","targetHints":{"allow":["GET"]}}],"collection":[{"href":"https:\/\/talentos-objetivos.pt\/trialgp\/wp-json\/wp\/v2\/pages"}],"about":[{"href":"https:\/\/talentos-objetivos.pt\/trialgp\/wp-json\/wp\/v2\/types\/page"}],"author":[{"embeddable":true,"href":"https:\/\/talentos-objetivos.pt\/trialgp\/wp-json\/wp\/v2\/users\/2"}],"replies":[{"embeddable":true,"href":"https:\/\/talentos-objetivos.pt\/trialgp\/wp-json\/wp\/v2\/comments?post=35"}],"version-history":[{"count":0,"href":"https:\/\/talentos-objetivos.pt\/trialgp\/wp-json\/wp\/v2\/pages\/35\/revisions"}],"up":[{"embeddable":true,"href":"https:\/\/talentos-objetivos.pt\/trialgp\/wp-json\/wp\/v2\/pages\/39"}],"wp:attachment":[{"href":"https:\/\/talentos-objetivos.pt\/trialgp\/wp-json\/wp\/v2\/media?parent=35"}],"curies":[{"name":"wp","href":"https:\/\/api.w.org\/{rel}","templated":true}]}}