{"id":47,"date":"2018-01-02T19:04:52","date_gmt":"2018-01-02T19:04:52","guid":{"rendered":"http:\/\/talentos-objetivos.pt\/trialgp\/?page_id=47"},"modified":"2021-08-08T17:52:13","modified_gmt":"2021-08-08T17:52:13","slug":"como-chegar","status":"publish","type":"page","link":"https:\/\/talentos-objetivos.pt\/trialgp\/pt\/cidade-de-gouveia\/como-chegar\/","title":{"rendered":"Como Chegar"},"content":{"rendered":"<p style=\"text-align: justify;\">\u00bb Se vem da zona sul atrav\u00e9s da A23, quando chegar \u00e0 cidade de Guarda, entre na A25, sentido Viseu. Saia na sa\u00edda de Celorico da Beira e entre na EN 17 no sentido de Gouveia.<\/p>\n<p style=\"text-align: justify;\">\u00bb (170 km) Se vem da zona norte, atrav\u00e9s da A1, siga pela A25 (sentido Viseu\/Guarda). Saia da A25 em Mangualde passe pelo centro e siga a EN 232 at\u00e9 Gouveia.<\/p>\n<p style=\"text-align: justify;\">\u00bb (309 km) Se vem da zona sul atrav\u00e9s da A1, sai em Coimbra norte e entre no IP3, segue at\u00e9 \u00e0 sa\u00edda do IC12 Nelas\/Mangualde. \u00c0 entrada de Nelas entra na EN 231 at\u00e9 Seia, na rotunda corte \u00e0 esquerda pela EN 17 at\u00e9 Gouveia.<\/p>\n<p><strong>Aeroporto: PORTO<\/strong><\/p>\n<p><iframe loading=\"lazy\" style=\"border: 0;\" src=\"https:\/\/www.google.com\/maps\/embed?pb=!1m28!1m12!1m3!1d461971.15809959476!2d-8.415371896550328!3d40.890878170333266!2m3!1f0!2f0!3f0!3m2!1i1024!2i768!4f13.1!4m13!3e0!4m5!1s0xd246f64614a2bad%3A0x151a578a6d6039d1!2sAeroporto+Francisco+S%C3%A1+Carneiro+(OPO)%2C+4470-558+Maia!3m2!1d41.2421186!2d-8.6785514!4m5!1s0xd3cda6e9f8ecad9%3A0x4ad492470b43fd57!2sGouveia!3m2!1d40.492331799999995!2d-7.5936525999999995!5e1!3m2!1spt-PT!2spt!4v1515707256574\" width=\"600\" height=\"450\" frameborder=\"0\" allowfullscreen=\"allowfullscreen\"><\/iframe><\/p>\n<hr \/>\n<hr \/>\n<p><strong>Aeroporto:\u00a0LISBOA<\/strong><\/p>\n<p><iframe loading=\"lazy\" style=\"border: 0;\" src=\"https:\/\/www.google.com\/maps\/embed?pb=!1m28!1m12!1m3!1d1289698.8625685023!2d-8.501530342946946!3d39.941419207691446!2m3!1f0!2f0!3f0!3m2!1i1024!2i768!4f13.1!4m13!3e0!4m5!1s0xd19324616d90183%3A0xa66a53e58036d46!2sAeroporto+Internacional+da+Portela+(LIS)%2C+Alameda+das+Comunidades+Portuguesas%2C+Lisboa!3m2!1d38.7755936!2d-9.135366699999999!4m5!1s0xd3cda6e9f8ecad9%3A0x4ad492470b43fd57!2sGouveia!3m2!1d40.492331799999995!2d-7.5936525999999995!5e1!3m2!1spt-PT!2spt!4v1515707560700\" width=\"600\" height=\"450\" frameborder=\"0\" allowfullscreen=\"allowfullscreen\"><\/iframe><\/p>\n","protected":false},"excerpt":{"rendered":"<p>\u00bb Se vem da zona sul atrav\u00e9s da A23, quando chegar \u00e0 cidade de Guarda, entre na A25, sentido Viseu. Saia na sa\u00edda de Celorico da Beira e entre na EN 17 no sentido de Gouveia. \u00bb (170 km) Se vem da zona norte, atrav\u00e9s da A1, siga pela A25&hellip; <\/p>\n","protected":false},"author":2,"featured_media":0,"parent":39,"menu_order":0,"comment_status":"closed","ping_status":"closed","template":"","meta":{"footnotes":""},"class_list":["post-47","page","type-page","status-publish","hentry"],"yoast_head":"<!-- This site is optimized with the Yoast SEO plugin v27.4 - https:\/\/yoast.com\/product\/yoast-seo-wordpress\/ -->\n<title>Como Chegar - TRIALGP Portugal<\/title>\n<meta name=\"robots\" content=\"index, follow, max-snippet:-1, max-image-preview:large, max-video-preview:-1\" \/>\n<link rel=\"canonical\" href=\"https:\/\/talentos-objetivos.pt\/trialgp\/pt\/cidade-de-gouveia\/como-chegar\/\" \/>\n<meta property=\"og:locale\" content=\"pt_PT\" \/>\n<meta property=\"og:type\" content=\"article\" \/>\n<meta property=\"og:title\" content=\"Como Chegar - TRIALGP Portugal\" \/>\n<meta property=\"og:description\" content=\"\u00bb Se vem da zona sul atrav\u00e9s da A23, quando chegar \u00e0 cidade de Guarda, entre na A25, sentido Viseu. Saia na sa\u00edda de Celorico da Beira e entre na EN 17 no sentido de Gouveia. \u00bb (170 km) Se vem da zona norte, atrav\u00e9s da A1, siga pela A25&hellip;\" \/>\n<meta property=\"og:url\" content=\"https:\/\/talentos-objetivos.pt\/trialgp\/pt\/cidade-de-gouveia\/como-chegar\/\" \/>\n<meta property=\"og:site_name\" content=\"TRIALGP Portugal\" \/>\n<meta property=\"article:modified_time\" content=\"2021-08-08T17:52:13+00:00\" \/>\n<meta name=\"twitter:card\" content=\"summary_large_image\" \/>\n<meta name=\"twitter:label1\" content=\"Tempo estimado de leitura\" \/>\n\t<meta name=\"twitter:data1\" content=\"1 minuto\" \/>\n<script type=\"application\/ld+json\" class=\"yoast-schema-graph\">{\"@context\":\"https:\\\/\\\/schema.org\",\"@graph\":[{\"@type\":\"WebPage\",\"@id\":\"https:\\\/\\\/talentos-objetivos.pt\\\/trialgp\\\/pt\\\/cidade-de-gouveia\\\/como-chegar\\\/\",\"url\":\"https:\\\/\\\/talentos-objetivos.pt\\\/trialgp\\\/pt\\\/cidade-de-gouveia\\\/como-chegar\\\/\",\"name\":\"Como Chegar - TRIALGP Portugal\",\"isPartOf\":{\"@id\":\"https:\\\/\\\/talentos-objetivos.pt\\\/trialgp\\\/#website\"},\"datePublished\":\"2018-01-02T19:04:52+00:00\",\"dateModified\":\"2021-08-08T17:52:13+00:00\",\"breadcrumb\":{\"@id\":\"https:\\\/\\\/talentos-objetivos.pt\\\/trialgp\\\/pt\\\/cidade-de-gouveia\\\/como-chegar\\\/#breadcrumb\"},\"inLanguage\":\"pt-PT\",\"potentialAction\":[{\"@type\":\"ReadAction\",\"target\":[\"https:\\\/\\\/talentos-objetivos.pt\\\/trialgp\\\/pt\\\/cidade-de-gouveia\\\/como-chegar\\\/\"]}]},{\"@type\":\"BreadcrumbList\",\"@id\":\"https:\\\/\\\/talentos-objetivos.pt\\\/trialgp\\\/pt\\\/cidade-de-gouveia\\\/como-chegar\\\/#breadcrumb\",\"itemListElement\":[{\"@type\":\"ListItem\",\"position\":1,\"name\":\"In\u00edcio\",\"item\":\"https:\\\/\\\/talentos-objetivos.pt\\\/trialgp\\\/\"},{\"@type\":\"ListItem\",\"position\":2,\"name\":\"PT\",\"item\":\"https:\\\/\\\/talentos-objetivos.pt\\\/trialgp\\\/pt\\\/\"},{\"@type\":\"ListItem\",\"position\":3,\"name\":\"Cidade de Gouveia\",\"item\":\"https:\\\/\\\/talentos-objetivos.pt\\\/trialgp\\\/pt\\\/cidade-de-gouveia\\\/\"},{\"@type\":\"ListItem\",\"position\":4,\"name\":\"Como Chegar\"}]},{\"@type\":\"WebSite\",\"@id\":\"https:\\\/\\\/talentos-objetivos.pt\\\/trialgp\\\/#website\",\"url\":\"https:\\\/\\\/talentos-objetivos.pt\\\/trialgp\\\/\",\"name\":\"TRIALGP Portugal\",\"description\":\"TrialGp - Gouveia 2023\",\"potentialAction\":[{\"@type\":\"SearchAction\",\"target\":{\"@type\":\"EntryPoint\",\"urlTemplate\":\"https:\\\/\\\/talentos-objetivos.pt\\\/trialgp\\\/?s={search_term_string}\"},\"query-input\":{\"@type\":\"PropertyValueSpecification\",\"valueRequired\":true,\"valueName\":\"search_term_string\"}}],\"inLanguage\":\"pt-PT\"}]}<\/script>\n<!-- \/ Yoast SEO plugin. -->","yoast_head_json":{"title":"Como Chegar - TRIALGP Portugal","robots":{"index":"index","follow":"follow","max-snippet":"max-snippet:-1","max-image-preview":"max-image-preview:large","max-video-preview":"max-video-preview:-1"},"canonical":"https:\/\/talentos-objetivos.pt\/trialgp\/pt\/cidade-de-gouveia\/como-chegar\/","og_locale":"pt_PT","og_type":"article","og_title":"Como Chegar - TRIALGP Portugal","og_description":"\u00bb Se vem da zona sul atrav\u00e9s da A23, quando chegar \u00e0 cidade de Guarda, entre na A25, sentido Viseu. Saia na sa\u00edda de Celorico da Beira e entre na EN 17 no sentido de Gouveia. \u00bb (170 km) Se vem da zona norte, atrav\u00e9s da A1, siga pela A25&hellip;","og_url":"https:\/\/talentos-objetivos.pt\/trialgp\/pt\/cidade-de-gouveia\/como-chegar\/","og_site_name":"TRIALGP Portugal","article_modified_time":"2021-08-08T17:52:13+00:00","twitter_card":"summary_large_image","twitter_misc":{"Tempo estimado de leitura":"1 minuto"},"schema":{"@context":"https:\/\/schema.org","@graph":[{"@type":"WebPage","@id":"https:\/\/talentos-objetivos.pt\/trialgp\/pt\/cidade-de-gouveia\/como-chegar\/","url":"https:\/\/talentos-objetivos.pt\/trialgp\/pt\/cidade-de-gouveia\/como-chegar\/","name":"Como Chegar - TRIALGP Portugal","isPartOf":{"@id":"https:\/\/talentos-objetivos.pt\/trialgp\/#website"},"datePublished":"2018-01-02T19:04:52+00:00","dateModified":"2021-08-08T17:52:13+00:00","breadcrumb":{"@id":"https:\/\/talentos-objetivos.pt\/trialgp\/pt\/cidade-de-gouveia\/como-chegar\/#breadcrumb"},"inLanguage":"pt-PT","potentialAction":[{"@type":"ReadAction","target":["https:\/\/talentos-objetivos.pt\/trialgp\/pt\/cidade-de-gouveia\/como-chegar\/"]}]},{"@type":"BreadcrumbList","@id":"https:\/\/talentos-objetivos.pt\/trialgp\/pt\/cidade-de-gouveia\/como-chegar\/#breadcrumb","itemListElement":[{"@type":"ListItem","position":1,"name":"In\u00edcio","item":"https:\/\/talentos-objetivos.pt\/trialgp\/"},{"@type":"ListItem","position":2,"name":"PT","item":"https:\/\/talentos-objetivos.pt\/trialgp\/pt\/"},{"@type":"ListItem","position":3,"name":"Cidade de Gouveia","item":"https:\/\/talentos-objetivos.pt\/trialgp\/pt\/cidade-de-gouveia\/"},{"@type":"ListItem","position":4,"name":"Como Chegar"}]},{"@type":"WebSite","@id":"https:\/\/talentos-objetivos.pt\/trialgp\/#website","url":"https:\/\/talentos-objetivos.pt\/trialgp\/","name":"TRIALGP Portugal","description":"TrialGp - Gouveia 2023","potentialAction":[{"@type":"SearchAction","target":{"@type":"EntryPoint","urlTemplate":"https:\/\/talentos-objetivos.pt\/trialgp\/?s={search_term_string}"},"query-input":{"@type":"PropertyValueSpecification","valueRequired":true,"valueName":"search_term_string"}}],"inLanguage":"pt-PT"}]}},"_links":{"self":[{"href":"https:\/\/talentos-objetivos.pt\/trialgp\/wp-json\/wp\/v2\/pages\/47","targetHints":{"allow":["GET"]}}],"collection":[{"href":"https:\/\/talentos-objetivos.pt\/trialgp\/wp-json\/wp\/v2\/pages"}],"about":[{"href":"https:\/\/talentos-objetivos.pt\/trialgp\/wp-json\/wp\/v2\/types\/page"}],"author":[{"embeddable":true,"href":"https:\/\/talentos-objetivos.pt\/trialgp\/wp-json\/wp\/v2\/users\/2"}],"replies":[{"embeddable":true,"href":"https:\/\/talentos-objetivos.pt\/trialgp\/wp-json\/wp\/v2\/comments?post=47"}],"version-history":[{"count":0,"href":"https:\/\/talentos-objetivos.pt\/trialgp\/wp-json\/wp\/v2\/pages\/47\/revisions"}],"up":[{"embeddable":true,"href":"https:\/\/talentos-objetivos.pt\/trialgp\/wp-json\/wp\/v2\/pages\/39"}],"wp:attachment":[{"href":"https:\/\/talentos-objetivos.pt\/trialgp\/wp-json\/wp\/v2\/media?parent=47"}],"curies":[{"name":"wp","href":"https:\/\/api.w.org\/{rel}","templated":true}]}}