{"id":1004,"date":"2015-02-26T14:29:24","date_gmt":"2015-02-26T14:29:24","guid":{"rendered":"http:\/\/wecportugal.talentos-objetivos.pt\/?page_id=1004"},"modified":"2022-12-13T09:30:47","modified_gmt":"2022-12-13T09:30:47","slug":"ficha-de-inscricao","status":"publish","type":"page","link":"https:\/\/talentos-objetivos.pt\/wecportugal\/pt\/info-prova\/ficha-de-inscricao\/","title":{"rendered":"Ficha de Inscri\u00e7\u00e3o"},"content":{"rendered":"<h1>Gouveia . Portugal . 29-30 de abril de 2017<\/h1>\n<h2>1\u00aa Ronda &#8211; Campeonato Europeu de Enduro<\/h2>\n<ul>\n<li>Para participar no GP de Enduro de Portugal * FIM-Europa&nbsp;Campeonato Europeu de Enduro&nbsp;2017, fa\u00e7a o&nbsp;&#8216;DOWNLOAD&#8217; da&nbsp;Ficha de Inscri\u00e7\u00e3o e depois de devidamente preenchida e assinada&nbsp;envie-a por email: WECPORTUGAL@gmail.com.<\/li>\n<li>Contudo pode preencher o formul\u00e1rio abaixo, fazer o download, imprimir, assinar e depois enviar via email : WECPORTUGAL@gmail.com<\/li>\n<\/ul>\n<hr>\n<h2 style=\"text-align: left\"><strong>&#8211; <a href=\"https:\/\/talentos-objetivos.pt\/wecportugal\/wp-content\/uploads\/sites\/6\/2022\/12\/SR_European_Enduro_2017_Gouveia_DOC028_aprovado.pdf\" target=\"_blank\" rel=\"noopener\">Regulamento Particular<\/a>&nbsp;(pdf)<br \/>\n&#8211; <a href=\"https:\/\/talentos-objetivos.pt\/wecportugal\/wp-content\/uploads\/sites\/6\/2022\/12\/FIM-EUROPE-GENERIC-ENTRY-FORM_ENDURO2_APROVADO_15_02_2017.pdf\" target=\"_blank\" rel=\"noopener\">Ficha de Inscri\u00e7\u00e3o<\/a>&nbsp;(pdf)<\/strong><\/h2>\n<hr>\n\n<div class=\"wpcf7 no-js\" id=\"wpcf7-f2222-o1\" lang=\"pt-PT\" dir=\"ltr\" data-wpcf7-id=\"2222\">\n<div class=\"screen-reader-response\"><p role=\"status\" aria-live=\"polite\" aria-atomic=\"true\"><\/p> <ul><\/ul><\/div>\n<form action=\"\/wecportugal\/wp-json\/wp\/v2\/pages\/1004#wpcf7-f2222-o1\" method=\"post\" class=\"wpcf7-form init\" aria-label=\"Formul\u00e1rio de contacto\" enctype=\"multipart\/form-data\" novalidate=\"novalidate\" data-status=\"init\">\n<fieldset class=\"hidden-fields-container\"><input type=\"hidden\" name=\"_wpcf7\" value=\"2222\" \/><input type=\"hidden\" name=\"_wpcf7_version\" value=\"6.1.5\" \/><input type=\"hidden\" name=\"_wpcf7_locale\" value=\"pt_PT\" \/><input type=\"hidden\" name=\"_wpcf7_unit_tag\" value=\"wpcf7-f2222-o1\" \/><input type=\"hidden\" name=\"_wpcf7_container_post\" value=\"0\" \/><input type=\"hidden\" name=\"_wpcf7_posted_data_hash\" value=\"\" \/><input type=\"hidden\" name=\"_wpcf7dtx_version\" value=\"5.0.5\" \/>\n<\/fieldset>\n<div class=\"wpcf7-form-row\">\n\t<div class=\"wpcf7-form-column-half\">\n\t\t<p><label> Discipline<\/label><br \/>\n<span class=\"wpcf7-form-control-wrap\" data-name=\"p-discipline\"><select class=\"wpcf7-form-control wpcf7-select wpcf7-validates-as-required\" aria-required=\"true\" aria-invalid=\"false\" name=\"p-discipline\"><option value=\"Enduro\">Enduro<\/option><\/select><\/span>\n\t\t<\/p>\n\t<\/div>\n\t<div class=\"wpcf7-form-column-half\">\n\t\t<p><label> Classe \/ Class (required) <\/label><br \/>\n<span class=\"wpcf7-form-control-wrap\" data-name=\"p-class\"><select class=\"wpcf7-form-control wpcf7-select wpcf7-validates-as-required\" aria-required=\"true\" aria-invalid=\"false\" name=\"p-class\"><option value=\"\"><\/option><option value=\"E1 Senior\">E1 Senior<\/option><option value=\"E2 Senior\">E2 Senior<\/option><option value=\"E3 Senior\">E3 Senior<\/option><option value=\"Junior U20\">Junior U20<\/option><option value=\"1 Junior\">1 Junior<\/option><option value=\"2\/3 Junior\">2\/3 Junior<\/option><option value=\"Veterans\">Veterans<\/option><option value=\"Women\">Women<\/option><option value=\"Open National\">Open National<\/option><\/select><\/span>\n\t\t<\/p>\n\t<\/div>\n<\/div>\n<h4>RIDER \/ PILOTE\n<\/h4>\n<div class=\"wpcf7-form-row\">\n\t<div class=\"wpcf7-form-column-half\">\n\t\t<p><label> Primeiro Nome \/ First name (required)<\/label><br \/>\n<span class=\"wpcf7-form-control-wrap\" data-name=\"p-firstname\"><input size=\"40\" maxlength=\"400\" class=\"wpcf7-form-control wpcf7-text wpcf7-validates-as-required\" aria-required=\"true\" aria-invalid=\"false\" value=\"\" type=\"text\" name=\"p-firstname\" \/><\/span>\n\t\t<\/p>\n\t<\/div>\n\t<div class=\"wpcf7-form-column-half\">\n\t\t<p><label> Ultimo Nome \/ Last name (required)<\/label><br \/>\n<span class=\"wpcf7-form-control-wrap\" data-name=\"p-lastname\"><input size=\"40\" maxlength=\"400\" class=\"wpcf7-form-control wpcf7-text wpcf7-validates-as-required\" aria-required=\"true\" aria-invalid=\"false\" value=\"\" type=\"text\" name=\"p-lastname\" \/><\/span>\n\t\t<\/p>\n\t<\/div>\n<\/div>\n<p><label> Licen\u00e7a \/ Licence<\/label><br \/>\n<span class=\"wpcf7-form-control-wrap\" data-name=\"p-licence\"><input size=\"40\" maxlength=\"400\" class=\"wpcf7-form-control wpcf7-text wpcf7-validates-as-required\" aria-required=\"true\" aria-invalid=\"false\" value=\"\" type=\"text\" name=\"p-licence\" \/><\/span>\n<\/p>\n<div class=\"wpcf7-form-row\">\n\t<div class=\"wpcf7-form-column-half\">\n\t\t<p><label> Federa\u00e7\u00e3o \/ FMN (required)<\/label><br \/>\n<span class=\"wpcf7-form-control-wrap\" data-name=\"p-fmn\"><input size=\"40\" maxlength=\"400\" class=\"wpcf7-form-control wpcf7-text wpcf7-validates-as-required\" aria-required=\"true\" aria-invalid=\"false\" value=\"\" type=\"text\" name=\"p-fmn\" \/><\/span>\n\t\t<\/p>\n\t<\/div>\n\t<div class=\"wpcf7-form-column-half\">\n\t\t<p><label> Equipa \/ Team (required)<\/label><br \/>\n<span class=\"wpcf7-form-control-wrap\" data-name=\"p-team\"><input size=\"40\" maxlength=\"400\" class=\"wpcf7-form-control wpcf7-text wpcf7-validates-as-required\" aria-required=\"true\" aria-invalid=\"false\" value=\"\" type=\"text\" name=\"p-team\" \/><\/span>\n\t\t<\/p>\n\t<\/div>\n<\/div>\n<div class=\"wpcf7-form-row\">\n\t<div class=\"wpcf7-form-column-half\">\n\t\t<p><label> Pa\u00eds \/ Country (required)<\/label><br \/>\n<span class=\"wpcf7-form-control-wrap\" data-name=\"p-country\"><input size=\"40\" maxlength=\"400\" class=\"wpcf7-form-control wpcf7-text wpcf7-validates-as-required\" aria-required=\"true\" aria-invalid=\"false\" value=\"\" type=\"text\" name=\"p-country\" \/><\/span>\n\t\t<\/p>\n\t<\/div>\n\t<div class=\"wpcf7-form-column-half\">\n\t\t<p><label> Nacionalidade \/ Nationality<\/label><br \/>\n<span class=\"wpcf7-form-control-wrap\" data-name=\"p-nationality\"><input size=\"40\" maxlength=\"400\" class=\"wpcf7-form-control wpcf7-text\" aria-invalid=\"false\" value=\"\" type=\"text\" name=\"p-nationality\" \/><\/span>\n\t\t<\/p>\n\t<\/div>\n<\/div>\n<div class=\"wpcf7-form-row\">\n\t<div class=\"wpcf7-form-column-half\">\n\t\t<p><label> Morada \/ Address (required)<\/label><br \/>\n<span class=\"wpcf7-form-control-wrap\" data-name=\"p-addresse\"><input size=\"40\" maxlength=\"400\" class=\"wpcf7-form-control wpcf7-text wpcf7-validates-as-required\" aria-required=\"true\" aria-invalid=\"false\" value=\"\" type=\"text\" name=\"p-addresse\" \/><\/span>\n\t\t<\/p>\n\t<\/div>\n\t<div class=\"wpcf7-form-column-half\">\n\t\t<p><label> C\u00f3digo Postal \/ Postal Code <\/label><br \/>\n<span class=\"wpcf7-form-control-wrap\" data-name=\"p-postal\"><input size=\"40\" maxlength=\"400\" class=\"wpcf7-form-control wpcf7-text\" aria-invalid=\"false\" value=\"\" type=\"text\" name=\"p-postal\" \/><\/span>\n\t\t<\/p>\n\t<\/div>\n<\/div>\n<p><label> Cidade \/ City<\/label><br \/>\n<span class=\"wpcf7-form-control-wrap\" data-name=\"p-city\"><input size=\"40\" maxlength=\"400\" class=\"wpcf7-form-control wpcf7-text\" aria-invalid=\"false\" value=\"\" type=\"text\" name=\"p-city\" \/><\/span>\n<\/p>\n<p><label> Data de Nascimento \/ Date of birth <\/label><br \/>\n<span class=\"wpcf7-form-control-wrap\" data-name=\"p-dateofbirth\"><input class=\"wpcf7-form-control wpcf7-date wpcf7-validates-as-date\" aria-invalid=\"false\" value=\"\" type=\"date\" name=\"p-dateofbirth\" \/><\/span>\n<\/p>\n<p><label> Licen\u00e7a condu\u00e7\u00e3o \/ Drive licence <\/label><br \/>\n<span class=\"wpcf7-form-control-wrap\" data-name=\"p-drivelicence\"><input size=\"40\" maxlength=\"400\" class=\"wpcf7-form-control wpcf7-text\" aria-invalid=\"false\" value=\"\" type=\"text\" name=\"p-drivelicence\" \/><\/span>\n<\/p>\n<p><label> Telefone N\u00ba \/ Mobile N\u00ba <\/label><br \/>\n<span class=\"wpcf7-form-control-wrap\" data-name=\"p-mobile\"><input size=\"40\" maxlength=\"400\" class=\"wpcf7-form-control wpcf7-text\" aria-invalid=\"false\" value=\"\" type=\"text\" name=\"p-mobile\" \/><\/span>\n<\/p>\n<p><label> Email \/ Email <\/label><br \/>\n<span class=\"wpcf7-form-control-wrap\" data-name=\"p-email\"><input size=\"40\" maxlength=\"400\" class=\"wpcf7-form-control wpcf7-email wpcf7-text wpcf7-validates-as-email\" aria-invalid=\"false\" value=\"\" type=\"email\" name=\"p-email\" \/><\/span>\n<\/p>\n<h4>MOTO \/ MOTORCYCLE\n<\/h4>\n<p><label> Moto \/ Moto (required)<\/label><br \/>\n<span class=\"wpcf7-form-control-wrap\" data-name=\"p-motocycle\"><input size=\"40\" maxlength=\"400\" class=\"wpcf7-form-control wpcf7-text wpcf7-validates-as-required\" aria-required=\"true\" aria-invalid=\"false\" value=\"\" type=\"text\" name=\"p-motocycle\" \/><\/span>\n<\/p>\n<p><label> Moto Modelo \/ Moto Type (required)<\/label><br \/>\n<span class=\"wpcf7-form-control-wrap\" data-name=\"p-mtype\"><input size=\"40\" maxlength=\"400\" class=\"wpcf7-form-control wpcf7-text wpcf7-validates-as-required\" aria-required=\"true\" aria-invalid=\"false\" value=\"\" type=\"text\" name=\"p-mtype\" \/><\/span>\n<\/p>\n<p><label> Capacity (cm3) (required)<\/label><br \/>\n<span class=\"wpcf7-form-control-wrap\" data-name=\"p-capacity-cm3\"><input size=\"40\" maxlength=\"400\" class=\"wpcf7-form-control wpcf7-text wpcf7-validates-as-required\" aria-required=\"true\" aria-invalid=\"false\" value=\"\" type=\"text\" name=\"p-capacity-cm3\" \/><\/span>\n<\/p>\n<p><label> Matricula \/ Registration N\u00b0 <\/label><br \/>\n<span class=\"wpcf7-form-control-wrap\" data-name=\"p-mregistration\"><input size=\"40\" maxlength=\"400\" class=\"wpcf7-form-control wpcf7-text\" aria-invalid=\"false\" value=\"\" type=\"text\" name=\"p-mregistration\" \/><\/span>\n<\/p>\n<p><label> Bore (required)<\/label><br \/>\n<span class=\"wpcf7-form-control-wrap\" data-name=\"p-bore\"><input size=\"40\" maxlength=\"400\" class=\"wpcf7-form-control wpcf7-text wpcf7-validates-as-required\" aria-required=\"true\" aria-invalid=\"false\" value=\"\" type=\"text\" name=\"p-bore\" \/><\/span>\n<\/p>\n<p><label> Stroke (required) <\/label><br \/>\n<span class=\"wpcf7-form-control-wrap\" data-name=\"p-mstroke\"><select class=\"wpcf7-form-control wpcf7-select wpcf7-validates-as-required\" aria-required=\"true\" aria-invalid=\"false\" name=\"p-mstroke\"><option value=\"\"><\/option><option value=\"4 Stroke\">4 Stroke<\/option><option value=\"2 Stroke\">2 Stroke<\/option><\/select><\/span>\n<\/p>\n<p><label> mm Stroke (required)<\/label><br \/>\n<span class=\"wpcf7-form-control-wrap\" data-name=\"p-stroke-cm3\"><input size=\"40\" maxlength=\"400\" class=\"wpcf7-form-control wpcf7-text wpcf7-validates-as-required\" aria-required=\"true\" aria-invalid=\"false\" value=\"\" type=\"text\" name=\"p-stroke-cm3\" \/><\/span>\n<\/p>\n<p><label> Quadro N\u00ba \/ Frame N\u00b0 <\/label><br \/>\n<span class=\"wpcf7-form-control-wrap\" data-name=\"p-mframen\"><input size=\"40\" maxlength=\"400\" class=\"wpcf7-form-control wpcf7-text\" aria-invalid=\"false\" value=\"\" type=\"text\" name=\"p-mframen\" \/><\/span>\n<\/p>\n<p><label> Seguradora \/ Insurance Company <\/label><br \/>\n<span class=\"wpcf7-form-control-wrap\" data-name=\"p-insurancecompanyname\"><input size=\"40\" maxlength=\"400\" class=\"wpcf7-form-control wpcf7-text\" aria-invalid=\"false\" value=\"\" type=\"text\" name=\"p-insurancecompanyname\" \/><\/span>\n<\/p>\n<p><label> Ap\u00f3lice N\u00ba \/ Insurance Company N\u00ba <\/label><br \/>\n<span class=\"wpcf7-form-control-wrap\" data-name=\"p-insurancecompanynumber\"><input size=\"40\" maxlength=\"400\" class=\"wpcf7-form-control wpcf7-text\" aria-invalid=\"false\" value=\"\" type=\"text\" name=\"p-insurancecompanynumber\" \/><\/span>\n<\/p>\n<h4>SERVICE VEHICLES \/ VEHICULES DE SERVICES\n<\/h4>\n<h6>Request for entry and parking \/ Demande d'entr\u00e9e et de parking\n<\/h6>\n<div class=\"wpcf7-form-row\">\n\t<div class=\"wpcf7-form-column-4half\">\n\t\t<p><label>Number Plate<\/label><br \/>\n<span class=\"wpcf7-form-control-wrap\" data-name=\"p-plate\"><input size=\"40\" maxlength=\"400\" class=\"wpcf7-form-control wpcf7-text\" aria-invalid=\"false\" value=\"\" type=\"text\" name=\"p-plate\" \/><\/span>\n\t\t<\/p>\n\t<\/div>\n\t<div class=\"wpcf7-form-column-4half\">\n\t\t<p><label>Truck<\/label><br \/>\n<span class=\"wpcf7-form-control-wrap\" data-name=\"p-truck\"><input size=\"40\" maxlength=\"400\" class=\"wpcf7-form-control wpcf7-text\" aria-invalid=\"false\" value=\"\" type=\"text\" name=\"p-truck\" \/><\/span>\n\t\t<\/p>\n\t<\/div>\n\t<div class=\"wpcf7-form-column-4half\">\n\t\t<p><label>Motor Home<\/label><br \/>\n<span class=\"wpcf7-form-control-wrap\" data-name=\"p-motorhome\"><input size=\"40\" maxlength=\"400\" class=\"wpcf7-form-control wpcf7-text\" aria-invalid=\"false\" value=\"\" type=\"text\" name=\"p-motorhome\" \/><\/span>\n\t\t<\/p>\n\t<\/div>\n\t<div class=\"wpcf7-form-column-4half\">\n\t\t<p><label>Private Car<\/label><br \/>\n<span class=\"wpcf7-form-control-wrap\" data-name=\"p-pcar\"><input size=\"40\" maxlength=\"400\" class=\"wpcf7-form-control wpcf7-text\" aria-invalid=\"false\" value=\"\" type=\"text\" name=\"p-pcar\" \/><\/span>\n\t\t<\/p>\n\t<\/div>\n<\/div>\n<p><label> Recibo Pagamento \/ Payment receipt<\/label><br \/>\n<span class=\"wpcf7-form-control-wrap\" data-name=\"p-paymentreceipt\"><input size=\"40\" class=\"wpcf7-form-control wpcf7-file\" accept=\".pdf,.png,.jpg,.jpeg\" aria-invalid=\"false\" type=\"file\" name=\"p-paymentreceipt\" \/><\/span>\n<\/p>\n<p>\n<\/p>\n<span class=\"wpcf7-form-control-wrap in-nonce\" data-name=\"in-nonce\"><input type=\"hidden\" name=\"in-nonce\" id=\"in-nonce\" class=\"wpcf7-form-control wpcf7-hidden wpcf7dtx wpcf7dtx-hidden\" aria-invalid=\"false\" value=\"CF7_NONCE\"><\/span>\n<p><input class=\"wpcf7-form-control wpcf7-submit has-spinner\" type=\"submit\" value=\"Enviar\/Send\" \/>\n<\/p><div class=\"wpcf7-response-output\" aria-hidden=\"true\"><\/div>\n<\/form>\n<\/div>\n\n","protected":false},"excerpt":{"rendered":"<p>Gouveia . Portugal . 29-30 de abril de 2017 1\u00aa Ronda &#8211; Campeonato Europeu de Enduro Para participar no GP de Enduro de Portugal * FIM-Europa&nbsp;Campeonato Europeu de Enduro&nbsp;2017, fa\u00e7a o&nbsp;&#8216;DOWNLOAD&#8217; da&nbsp;Ficha de Inscri\u00e7\u00e3o e depois de devidamente preenchida e assinada&nbsp;envie-a por email: WECPORTUGAL@gmail.com. Contudo pode preencher o formul\u00e1rio abaixo,&hellip; <\/p>\n","protected":false},"author":2,"featured_media":1791,"parent":49,"menu_order":0,"comment_status":"closed","ping_status":"closed","template":"","meta":{"footnotes":""},"class_list":["post-1004","page","type-page","status-publish","has-post-thumbnail","hentry"],"yoast_head":"<!-- This site is optimized with the Yoast SEO plugin v27.4 - https:\/\/yoast.com\/product\/yoast-seo-wordpress\/ -->\n<title>Ficha de Inscri\u00e7\u00e3o - GP de Portugal<\/title>\n<meta name=\"robots\" content=\"index, follow, max-snippet:-1, max-image-preview:large, max-video-preview:-1\" \/>\n<link rel=\"canonical\" href=\"https:\/\/talentos-objetivos.pt\/wecportugal\/pt\/info-prova\/ficha-de-inscricao\/\" \/>\n<meta property=\"og:locale\" content=\"pt_PT\" \/>\n<meta property=\"og:type\" content=\"article\" \/>\n<meta property=\"og:title\" content=\"Ficha de Inscri\u00e7\u00e3o - GP de Portugal\" \/>\n<meta property=\"og:description\" content=\"Gouveia . Portugal . 29-30 de abril de 2017 1\u00aa Ronda &#8211; Campeonato Europeu de Enduro Para participar no GP de Enduro de Portugal * FIM-Europa&nbsp;Campeonato Europeu de Enduro&nbsp;2017, fa\u00e7a o&nbsp;&#8216;DOWNLOAD&#8217; da&nbsp;Ficha de Inscri\u00e7\u00e3o e depois de devidamente preenchida e assinada&nbsp;envie-a por email: WECPORTUGAL@gmail.com. Contudo pode preencher o formul\u00e1rio abaixo,&hellip;\" \/>\n<meta property=\"og:url\" content=\"https:\/\/talentos-objetivos.pt\/wecportugal\/pt\/info-prova\/ficha-de-inscricao\/\" \/>\n<meta property=\"og:site_name\" content=\"GP de Portugal\" \/>\n<meta property=\"article:modified_time\" content=\"2022-12-13T09:30:47+00:00\" \/>\n<meta name=\"twitter:card\" content=\"summary_large_image\" \/>\n<script type=\"application\/ld+json\" class=\"yoast-schema-graph\">{\"@context\":\"https:\\\/\\\/schema.org\",\"@graph\":[{\"@type\":\"WebPage\",\"@id\":\"https:\\\/\\\/talentos-objetivos.pt\\\/wecportugal\\\/pt\\\/info-prova\\\/ficha-de-inscricao\\\/\",\"url\":\"https:\\\/\\\/talentos-objetivos.pt\\\/wecportugal\\\/pt\\\/info-prova\\\/ficha-de-inscricao\\\/\",\"name\":\"Ficha de Inscri\u00e7\u00e3o - GP de Portugal\",\"isPartOf\":{\"@id\":\"https:\\\/\\\/talentos-objetivos.pt\\\/wecportugal\\\/#website\"},\"primaryImageOfPage\":{\"@id\":\"https:\\\/\\\/talentos-objetivos.pt\\\/wecportugal\\\/pt\\\/info-prova\\\/ficha-de-inscricao\\\/#primaryimage\"},\"image\":{\"@id\":\"https:\\\/\\\/talentos-objetivos.pt\\\/wecportugal\\\/pt\\\/info-prova\\\/ficha-de-inscricao\\\/#primaryimage\"},\"thumbnailUrl\":\"\",\"datePublished\":\"2015-02-26T14:29:24+00:00\",\"dateModified\":\"2022-12-13T09:30:47+00:00\",\"breadcrumb\":{\"@id\":\"https:\\\/\\\/talentos-objetivos.pt\\\/wecportugal\\\/pt\\\/info-prova\\\/ficha-de-inscricao\\\/#breadcrumb\"},\"inLanguage\":\"pt-PT\",\"potentialAction\":[{\"@type\":\"ReadAction\",\"target\":[\"https:\\\/\\\/talentos-objetivos.pt\\\/wecportugal\\\/pt\\\/info-prova\\\/ficha-de-inscricao\\\/\"]}]},{\"@type\":\"ImageObject\",\"inLanguage\":\"pt-PT\",\"@id\":\"https:\\\/\\\/talentos-objetivos.pt\\\/wecportugal\\\/pt\\\/info-prova\\\/ficha-de-inscricao\\\/#primaryimage\",\"url\":\"\",\"contentUrl\":\"\"},{\"@type\":\"BreadcrumbList\",\"@id\":\"https:\\\/\\\/talentos-objetivos.pt\\\/wecportugal\\\/pt\\\/info-prova\\\/ficha-de-inscricao\\\/#breadcrumb\",\"itemListElement\":[{\"@type\":\"ListItem\",\"position\":1,\"name\":\"In\u00edcio\",\"item\":\"https:\\\/\\\/talentos-objetivos.pt\\\/wecportugal\\\/\"},{\"@type\":\"ListItem\",\"position\":2,\"name\":\"PT\",\"item\":\"https:\\\/\\\/talentos-objetivos.pt\\\/wecportugal\\\/pt\\\/\"},{\"@type\":\"ListItem\",\"position\":3,\"name\":\"Info Prova\",\"item\":\"https:\\\/\\\/talentos-objetivos.pt\\\/wecportugal\\\/pt\\\/info-prova\\\/\"},{\"@type\":\"ListItem\",\"position\":4,\"name\":\"Ficha de Inscri\u00e7\u00e3o\"}]},{\"@type\":\"WebSite\",\"@id\":\"https:\\\/\\\/talentos-objetivos.pt\\\/wecportugal\\\/#website\",\"url\":\"https:\\\/\\\/talentos-objetivos.pt\\\/wecportugal\\\/\",\"name\":\"GP de Portugal\",\"description\":\"European Enduro Championship  - Gouveia\",\"potentialAction\":[{\"@type\":\"SearchAction\",\"target\":{\"@type\":\"EntryPoint\",\"urlTemplate\":\"https:\\\/\\\/talentos-objetivos.pt\\\/wecportugal\\\/?s={search_term_string}\"},\"query-input\":{\"@type\":\"PropertyValueSpecification\",\"valueRequired\":true,\"valueName\":\"search_term_string\"}}],\"inLanguage\":\"pt-PT\"}]}<\/script>\n<!-- \/ Yoast SEO plugin. -->","yoast_head_json":{"title":"Ficha de Inscri\u00e7\u00e3o - GP de Portugal","robots":{"index":"index","follow":"follow","max-snippet":"max-snippet:-1","max-image-preview":"max-image-preview:large","max-video-preview":"max-video-preview:-1"},"canonical":"https:\/\/talentos-objetivos.pt\/wecportugal\/pt\/info-prova\/ficha-de-inscricao\/","og_locale":"pt_PT","og_type":"article","og_title":"Ficha de Inscri\u00e7\u00e3o - GP de Portugal","og_description":"Gouveia . Portugal . 29-30 de abril de 2017 1\u00aa Ronda &#8211; Campeonato Europeu de Enduro Para participar no GP de Enduro de Portugal * FIM-Europa&nbsp;Campeonato Europeu de Enduro&nbsp;2017, fa\u00e7a o&nbsp;&#8216;DOWNLOAD&#8217; da&nbsp;Ficha de Inscri\u00e7\u00e3o e depois de devidamente preenchida e assinada&nbsp;envie-a por email: WECPORTUGAL@gmail.com. Contudo pode preencher o formul\u00e1rio abaixo,&hellip;","og_url":"https:\/\/talentos-objetivos.pt\/wecportugal\/pt\/info-prova\/ficha-de-inscricao\/","og_site_name":"GP de Portugal","article_modified_time":"2022-12-13T09:30:47+00:00","twitter_card":"summary_large_image","schema":{"@context":"https:\/\/schema.org","@graph":[{"@type":"WebPage","@id":"https:\/\/talentos-objetivos.pt\/wecportugal\/pt\/info-prova\/ficha-de-inscricao\/","url":"https:\/\/talentos-objetivos.pt\/wecportugal\/pt\/info-prova\/ficha-de-inscricao\/","name":"Ficha de Inscri\u00e7\u00e3o - GP de Portugal","isPartOf":{"@id":"https:\/\/talentos-objetivos.pt\/wecportugal\/#website"},"primaryImageOfPage":{"@id":"https:\/\/talentos-objetivos.pt\/wecportugal\/pt\/info-prova\/ficha-de-inscricao\/#primaryimage"},"image":{"@id":"https:\/\/talentos-objetivos.pt\/wecportugal\/pt\/info-prova\/ficha-de-inscricao\/#primaryimage"},"thumbnailUrl":"","datePublished":"2015-02-26T14:29:24+00:00","dateModified":"2022-12-13T09:30:47+00:00","breadcrumb":{"@id":"https:\/\/talentos-objetivos.pt\/wecportugal\/pt\/info-prova\/ficha-de-inscricao\/#breadcrumb"},"inLanguage":"pt-PT","potentialAction":[{"@type":"ReadAction","target":["https:\/\/talentos-objetivos.pt\/wecportugal\/pt\/info-prova\/ficha-de-inscricao\/"]}]},{"@type":"ImageObject","inLanguage":"pt-PT","@id":"https:\/\/talentos-objetivos.pt\/wecportugal\/pt\/info-prova\/ficha-de-inscricao\/#primaryimage","url":"","contentUrl":""},{"@type":"BreadcrumbList","@id":"https:\/\/talentos-objetivos.pt\/wecportugal\/pt\/info-prova\/ficha-de-inscricao\/#breadcrumb","itemListElement":[{"@type":"ListItem","position":1,"name":"In\u00edcio","item":"https:\/\/talentos-objetivos.pt\/wecportugal\/"},{"@type":"ListItem","position":2,"name":"PT","item":"https:\/\/talentos-objetivos.pt\/wecportugal\/pt\/"},{"@type":"ListItem","position":3,"name":"Info Prova","item":"https:\/\/talentos-objetivos.pt\/wecportugal\/pt\/info-prova\/"},{"@type":"ListItem","position":4,"name":"Ficha de Inscri\u00e7\u00e3o"}]},{"@type":"WebSite","@id":"https:\/\/talentos-objetivos.pt\/wecportugal\/#website","url":"https:\/\/talentos-objetivos.pt\/wecportugal\/","name":"GP de Portugal","description":"European Enduro Championship  - Gouveia","potentialAction":[{"@type":"SearchAction","target":{"@type":"EntryPoint","urlTemplate":"https:\/\/talentos-objetivos.pt\/wecportugal\/?s={search_term_string}"},"query-input":{"@type":"PropertyValueSpecification","valueRequired":true,"valueName":"search_term_string"}}],"inLanguage":"pt-PT"}]}},"_links":{"self":[{"href":"https:\/\/talentos-objetivos.pt\/wecportugal\/wp-json\/wp\/v2\/pages\/1004","targetHints":{"allow":["GET"]}}],"collection":[{"href":"https:\/\/talentos-objetivos.pt\/wecportugal\/wp-json\/wp\/v2\/pages"}],"about":[{"href":"https:\/\/talentos-objetivos.pt\/wecportugal\/wp-json\/wp\/v2\/types\/page"}],"author":[{"embeddable":true,"href":"https:\/\/talentos-objetivos.pt\/wecportugal\/wp-json\/wp\/v2\/users\/2"}],"replies":[{"embeddable":true,"href":"https:\/\/talentos-objetivos.pt\/wecportugal\/wp-json\/wp\/v2\/comments?post=1004"}],"version-history":[{"count":0,"href":"https:\/\/talentos-objetivos.pt\/wecportugal\/wp-json\/wp\/v2\/pages\/1004\/revisions"}],"up":[{"embeddable":true,"href":"https:\/\/talentos-objetivos.pt\/wecportugal\/wp-json\/wp\/v2\/pages\/49"}],"wp:featuredmedia":[{"embeddable":true,"href":"https:\/\/talentos-objetivos.pt\/wecportugal\/wp-json\/"}],"wp:attachment":[{"href":"https:\/\/talentos-objetivos.pt\/wecportugal\/wp-json\/wp\/v2\/media?parent=1004"}],"curies":[{"name":"wp","href":"https:\/\/api.w.org\/{rel}","templated":true}]}}