{"id":140,"date":"2014-10-08T18:22:09","date_gmt":"2014-10-08T18:22:09","guid":{"rendered":"http:\/\/wecportugal.talentos-objetivos.pt\/?page_id=140"},"modified":"2022-12-13T08:50:23","modified_gmt":"2022-12-13T08:50:23","slug":"a-historia-do-enduro","status":"publish","type":"page","link":"https:\/\/talentos-objetivos.pt\/wecportugal\/pt\/o-enduro\/a-historia-do-enduro\/","title":{"rendered":"A hist\u00f3ria do Enduro"},"content":{"rendered":"<div id=\"attachment_759\" style=\"width: 610px\" class=\"wp-caption aligncenter\"><img loading=\"lazy\" decoding=\"async\" aria-describedby=\"caption-attachment-759\" class=\"wp-image-759 size-full\" src=\"https:\/\/talentos-objetivos.pt\/wecportugal\/wp-content\/uploads\/sites\/6\/2022\/12\/wecportugal_enduro_antigo_.jpg\" alt=\"cr\u00e9ditos: Piet Boonstra\" width=\"600\" height=\"352\"><p id=\"caption-attachment-759\" class=\"wp-caption-text\">Fotografia de Piet Boonstra<\/p><\/div>\n<p style=\"text-align: justify\">Muitas vezes se tem dito e escrito que n\u00e3o existe nada mais extenuante que um Trial de &nbsp;longa dist\u00e2ncia. Esta foi a primeira denomina\u00e7\u00e3o que o Enduro teve, ou se preferirem, foi daqui que \u201cnasceu\u201d o Enduro. Estas competi\u00e7\u00f5es desportivas tiveram o seu in\u00edcio nos prim\u00f3rdios do s\u00e9culo passado, servindo para demonstrar as performances e fiabilidade tanto dos pilotos como das suas motos em percurso extensos e com elevado grau de dificuldade e dureza. Naturalmente que a Inglaterra foi o \u201cber\u00e7o\u201d da modalidade numa altura em que as motas come\u00e7avam a ser usadas com fins militares dada a facilidade na transposi\u00e7\u00e3o de obst\u00e1culos e a maior efici\u00eancia em rela\u00e7\u00e3o aos cavalos.<\/p>\n","protected":false},"excerpt":{"rendered":"<p>Muitas vezes se tem dito e escrito que n\u00e3o existe nada mais extenuante que um Trial de &nbsp;longa dist\u00e2ncia. Esta foi a primeira denomina\u00e7\u00e3o que o Enduro teve, ou se preferirem, foi daqui que \u201cnasceu\u201d o Enduro. Estas competi\u00e7\u00f5es desportivas tiveram o seu in\u00edcio nos prim\u00f3rdios do s\u00e9culo passado, servindo&hellip; <\/p>\n","protected":false},"author":2,"featured_media":0,"parent":137,"menu_order":0,"comment_status":"closed","ping_status":"open","template":"","meta":{"footnotes":""},"class_list":["post-140","page","type-page","status-publish","hentry"],"yoast_head":"<!-- This site is optimized with the Yoast SEO plugin v27.4 - https:\/\/yoast.com\/product\/yoast-seo-wordpress\/ -->\n<title>A hist\u00f3ria do Enduro - GP de Portugal<\/title>\n<meta name=\"robots\" content=\"index, follow, max-snippet:-1, max-image-preview:large, max-video-preview:-1\" \/>\n<link rel=\"canonical\" href=\"https:\/\/talentos-objetivos.pt\/wecportugal\/pt\/o-enduro\/a-historia-do-enduro\/\" \/>\n<meta property=\"og:locale\" content=\"pt_PT\" \/>\n<meta property=\"og:type\" content=\"article\" \/>\n<meta property=\"og:title\" content=\"A hist\u00f3ria do Enduro - GP de Portugal\" \/>\n<meta property=\"og:description\" content=\"Muitas vezes se tem dito e escrito que n\u00e3o existe nada mais extenuante que um Trial de &nbsp;longa dist\u00e2ncia. Esta foi a primeira denomina\u00e7\u00e3o que o Enduro teve, ou se preferirem, foi daqui que \u201cnasceu\u201d o Enduro. Estas competi\u00e7\u00f5es desportivas tiveram o seu in\u00edcio nos prim\u00f3rdios do s\u00e9culo passado, servindo&hellip;\" \/>\n<meta property=\"og:url\" content=\"https:\/\/talentos-objetivos.pt\/wecportugal\/pt\/o-enduro\/a-historia-do-enduro\/\" \/>\n<meta property=\"og:site_name\" content=\"GP de Portugal\" \/>\n<meta property=\"article:modified_time\" content=\"2022-12-13T08:50:23+00:00\" \/>\n<meta name=\"twitter:card\" content=\"summary_large_image\" \/>\n<meta name=\"twitter:label1\" content=\"Tempo estimado de leitura\" \/>\n\t<meta name=\"twitter:data1\" content=\"1 minuto\" \/>\n<script type=\"application\/ld+json\" class=\"yoast-schema-graph\">{\"@context\":\"https:\\\/\\\/schema.org\",\"@graph\":[{\"@type\":\"WebPage\",\"@id\":\"https:\\\/\\\/talentos-objetivos.pt\\\/wecportugal\\\/pt\\\/o-enduro\\\/a-historia-do-enduro\\\/\",\"url\":\"https:\\\/\\\/talentos-objetivos.pt\\\/wecportugal\\\/pt\\\/o-enduro\\\/a-historia-do-enduro\\\/\",\"name\":\"A hist\u00f3ria do Enduro - GP de Portugal\",\"isPartOf\":{\"@id\":\"https:\\\/\\\/talentos-objetivos.pt\\\/wecportugal\\\/#website\"},\"primaryImageOfPage\":{\"@id\":\"https:\\\/\\\/talentos-objetivos.pt\\\/wecportugal\\\/pt\\\/o-enduro\\\/a-historia-do-enduro\\\/#primaryimage\"},\"image\":{\"@id\":\"https:\\\/\\\/talentos-objetivos.pt\\\/wecportugal\\\/pt\\\/o-enduro\\\/a-historia-do-enduro\\\/#primaryimage\"},\"thumbnailUrl\":\"https:\\\/\\\/talentos-objetivos.pt\\\/wecportugal\\\/wp-content\\\/uploads\\\/sites\\\/6\\\/2022\\\/12\\\/wecportugal_enduro_antigo_.jpg\",\"datePublished\":\"2014-10-08T18:22:09+00:00\",\"dateModified\":\"2022-12-13T08:50:23+00:00\",\"breadcrumb\":{\"@id\":\"https:\\\/\\\/talentos-objetivos.pt\\\/wecportugal\\\/pt\\\/o-enduro\\\/a-historia-do-enduro\\\/#breadcrumb\"},\"inLanguage\":\"pt-PT\",\"potentialAction\":[{\"@type\":\"ReadAction\",\"target\":[\"https:\\\/\\\/talentos-objetivos.pt\\\/wecportugal\\\/pt\\\/o-enduro\\\/a-historia-do-enduro\\\/\"]}]},{\"@type\":\"ImageObject\",\"inLanguage\":\"pt-PT\",\"@id\":\"https:\\\/\\\/talentos-objetivos.pt\\\/wecportugal\\\/pt\\\/o-enduro\\\/a-historia-do-enduro\\\/#primaryimage\",\"url\":\"\",\"contentUrl\":\"\"},{\"@type\":\"BreadcrumbList\",\"@id\":\"https:\\\/\\\/talentos-objetivos.pt\\\/wecportugal\\\/pt\\\/o-enduro\\\/a-historia-do-enduro\\\/#breadcrumb\",\"itemListElement\":[{\"@type\":\"ListItem\",\"position\":1,\"name\":\"In\u00edcio\",\"item\":\"https:\\\/\\\/talentos-objetivos.pt\\\/wecportugal\\\/\"},{\"@type\":\"ListItem\",\"position\":2,\"name\":\"PT\",\"item\":\"https:\\\/\\\/talentos-objetivos.pt\\\/wecportugal\\\/pt\\\/\"},{\"@type\":\"ListItem\",\"position\":3,\"name\":\"O Enduro\",\"item\":\"https:\\\/\\\/talentos-objetivos.pt\\\/wecportugal\\\/pt\\\/o-enduro\\\/\"},{\"@type\":\"ListItem\",\"position\":4,\"name\":\"A hist\u00f3ria do Enduro\"}]},{\"@type\":\"WebSite\",\"@id\":\"https:\\\/\\\/talentos-objetivos.pt\\\/wecportugal\\\/#website\",\"url\":\"https:\\\/\\\/talentos-objetivos.pt\\\/wecportugal\\\/\",\"name\":\"GP de Portugal\",\"description\":\"European Enduro Championship  - Gouveia\",\"potentialAction\":[{\"@type\":\"SearchAction\",\"target\":{\"@type\":\"EntryPoint\",\"urlTemplate\":\"https:\\\/\\\/talentos-objetivos.pt\\\/wecportugal\\\/?s={search_term_string}\"},\"query-input\":{\"@type\":\"PropertyValueSpecification\",\"valueRequired\":true,\"valueName\":\"search_term_string\"}}],\"inLanguage\":\"pt-PT\"}]}<\/script>\n<!-- \/ Yoast SEO plugin. -->","yoast_head_json":{"title":"A hist\u00f3ria do Enduro - GP de Portugal","robots":{"index":"index","follow":"follow","max-snippet":"max-snippet:-1","max-image-preview":"max-image-preview:large","max-video-preview":"max-video-preview:-1"},"canonical":"https:\/\/talentos-objetivos.pt\/wecportugal\/pt\/o-enduro\/a-historia-do-enduro\/","og_locale":"pt_PT","og_type":"article","og_title":"A hist\u00f3ria do Enduro - GP de Portugal","og_description":"Muitas vezes se tem dito e escrito que n\u00e3o existe nada mais extenuante que um Trial de &nbsp;longa dist\u00e2ncia. Esta foi a primeira denomina\u00e7\u00e3o que o Enduro teve, ou se preferirem, foi daqui que \u201cnasceu\u201d o Enduro. Estas competi\u00e7\u00f5es desportivas tiveram o seu in\u00edcio nos prim\u00f3rdios do s\u00e9culo passado, servindo&hellip;","og_url":"https:\/\/talentos-objetivos.pt\/wecportugal\/pt\/o-enduro\/a-historia-do-enduro\/","og_site_name":"GP de Portugal","article_modified_time":"2022-12-13T08:50:23+00:00","twitter_card":"summary_large_image","twitter_misc":{"Tempo estimado de leitura":"1 minuto"},"schema":{"@context":"https:\/\/schema.org","@graph":[{"@type":"WebPage","@id":"https:\/\/talentos-objetivos.pt\/wecportugal\/pt\/o-enduro\/a-historia-do-enduro\/","url":"https:\/\/talentos-objetivos.pt\/wecportugal\/pt\/o-enduro\/a-historia-do-enduro\/","name":"A hist\u00f3ria do Enduro - GP de Portugal","isPartOf":{"@id":"https:\/\/talentos-objetivos.pt\/wecportugal\/#website"},"primaryImageOfPage":{"@id":"https:\/\/talentos-objetivos.pt\/wecportugal\/pt\/o-enduro\/a-historia-do-enduro\/#primaryimage"},"image":{"@id":"https:\/\/talentos-objetivos.pt\/wecportugal\/pt\/o-enduro\/a-historia-do-enduro\/#primaryimage"},"thumbnailUrl":"https:\/\/talentos-objetivos.pt\/wecportugal\/wp-content\/uploads\/sites\/6\/2022\/12\/wecportugal_enduro_antigo_.jpg","datePublished":"2014-10-08T18:22:09+00:00","dateModified":"2022-12-13T08:50:23+00:00","breadcrumb":{"@id":"https:\/\/talentos-objetivos.pt\/wecportugal\/pt\/o-enduro\/a-historia-do-enduro\/#breadcrumb"},"inLanguage":"pt-PT","potentialAction":[{"@type":"ReadAction","target":["https:\/\/talentos-objetivos.pt\/wecportugal\/pt\/o-enduro\/a-historia-do-enduro\/"]}]},{"@type":"ImageObject","inLanguage":"pt-PT","@id":"https:\/\/talentos-objetivos.pt\/wecportugal\/pt\/o-enduro\/a-historia-do-enduro\/#primaryimage","url":"","contentUrl":""},{"@type":"BreadcrumbList","@id":"https:\/\/talentos-objetivos.pt\/wecportugal\/pt\/o-enduro\/a-historia-do-enduro\/#breadcrumb","itemListElement":[{"@type":"ListItem","position":1,"name":"In\u00edcio","item":"https:\/\/talentos-objetivos.pt\/wecportugal\/"},{"@type":"ListItem","position":2,"name":"PT","item":"https:\/\/talentos-objetivos.pt\/wecportugal\/pt\/"},{"@type":"ListItem","position":3,"name":"O Enduro","item":"https:\/\/talentos-objetivos.pt\/wecportugal\/pt\/o-enduro\/"},{"@type":"ListItem","position":4,"name":"A hist\u00f3ria do Enduro"}]},{"@type":"WebSite","@id":"https:\/\/talentos-objetivos.pt\/wecportugal\/#website","url":"https:\/\/talentos-objetivos.pt\/wecportugal\/","name":"GP de Portugal","description":"European Enduro Championship  - Gouveia","potentialAction":[{"@type":"SearchAction","target":{"@type":"EntryPoint","urlTemplate":"https:\/\/talentos-objetivos.pt\/wecportugal\/?s={search_term_string}"},"query-input":{"@type":"PropertyValueSpecification","valueRequired":true,"valueName":"search_term_string"}}],"inLanguage":"pt-PT"}]}},"_links":{"self":[{"href":"https:\/\/talentos-objetivos.pt\/wecportugal\/wp-json\/wp\/v2\/pages\/140","targetHints":{"allow":["GET"]}}],"collection":[{"href":"https:\/\/talentos-objetivos.pt\/wecportugal\/wp-json\/wp\/v2\/pages"}],"about":[{"href":"https:\/\/talentos-objetivos.pt\/wecportugal\/wp-json\/wp\/v2\/types\/page"}],"author":[{"embeddable":true,"href":"https:\/\/talentos-objetivos.pt\/wecportugal\/wp-json\/wp\/v2\/users\/2"}],"replies":[{"embeddable":true,"href":"https:\/\/talentos-objetivos.pt\/wecportugal\/wp-json\/wp\/v2\/comments?post=140"}],"version-history":[{"count":0,"href":"https:\/\/talentos-objetivos.pt\/wecportugal\/wp-json\/wp\/v2\/pages\/140\/revisions"}],"up":[{"embeddable":true,"href":"https:\/\/talentos-objetivos.pt\/wecportugal\/wp-json\/wp\/v2\/pages\/137"}],"wp:attachment":[{"href":"https:\/\/talentos-objetivos.pt\/wecportugal\/wp-json\/wp\/v2\/media?parent=140"}],"curies":[{"name":"wp","href":"https:\/\/api.w.org\/{rel}","templated":true}]}}