{"id":142,"date":"2014-10-08T18:23:00","date_gmt":"2014-10-08T18:23:00","guid":{"rendered":"http:\/\/wecportugal.talentos-objetivos.pt\/?page_id=142"},"modified":"2022-12-13T08:52:02","modified_gmt":"2022-12-13T08:52:02","slug":"o-que-e-o-enduro","status":"publish","type":"page","link":"https:\/\/talentos-objetivos.pt\/wecportugal\/pt\/o-enduro\/o-que-e-o-enduro\/","title":{"rendered":"O que \u00e9 o Enduro"},"content":{"rendered":"<div id=\"attachment_149\" style=\"width: 610px\" class=\"wp-caption alignnone\"><img loading=\"lazy\" decoding=\"async\" aria-describedby=\"caption-attachment-149\" class=\"wp-image-149 size-full\" src=\"https:\/\/talentos-objetivos.pt\/wecportugal\/wp-content\/uploads\/sites\/6\/2022\/12\/Jack_Penton2.jpg\" alt=\"\" width=\"600\" height=\"394\"><p id=\"caption-attachment-149\" class=\"wp-caption-text\">Fotografia de &#8220;Motorcycle Hall of Fame Museum&#8221;<\/p><\/div>\n<p style=\"text-align: justify\">\u00c9 uma prova de regularidade que se realiza num percurso de trilhos, pistas ou estradas abertas \u00e0 circula\u00e7\u00e3o normal. Integradas ao percurso, encontram-se v\u00e1rias provas classificativas intituladas PEC\u2019s \u2013 Provas Especiais Cronometradas (organizadas em circuitos fechados ao tr\u00e1fego normal, sob quaisquer condi\u00e7\u00f5es do tempo), na qual o desempenho do piloto \u00e9 determinante para sua classifica\u00e7\u00e3o na prova de Enduro.<\/p>\n<p style=\"text-align: justify\">Devem realizar-se 3 ou mais voltas ao percurso em cada dia de prova. Cada volta deve ter uma dist\u00e2ncia m\u00e1xima de 50 quil\u00f3metros, incluindo as PEC\u2019s. O tempo m\u00e1ximo para percorrer cada volta deve ser de 1h30min, e a dura\u00e7\u00e3o de cada dia de competi\u00e7\u00e3o deve ser entre cinco horas e sete horas.<\/p>\n<p style=\"text-align: justify\">A primeira grande competi\u00e7\u00e3o de que h\u00e1 registo aconteceu em 1902 quando o Moto Cycle de Fran\u00e7a organizou uma Ta\u00e7a Internacional num percurso de 54 Km percorrido por 5 vezes. Esta poder\u00e1 ter sido a prova que deu origem aos seis dias (Olimp\u00edadas do Enduro por selec\u00e7\u00f5es nacionais), obviamente com regras diferentes das actuais, mas j\u00e1 ent\u00e3o com seis sele\u00e7\u00f5es constitu\u00eddas por tr\u00eas pilotos, cada uma: Fran\u00e7a, Inglaterra, \u00c1ustria, Hungria, Dinamarca e Alemanha. No final deste evento ficou claro que era necess\u00e1rio elaborar o primeiro regulamento para a modalidade, que surgiu dois anos mais tarde quando se fundou a Federa\u00e7\u00e3o Internacional dos Clubes de Motociclismo que at\u00e9 hoje tem gerido os destinos do motociclismo a n\u00edvel mundial.<\/p>\n","protected":false},"excerpt":{"rendered":"<p>\u00c9 uma prova de regularidade que se realiza num percurso de trilhos, pistas ou estradas abertas \u00e0 circula\u00e7\u00e3o normal. Integradas ao percurso, encontram-se v\u00e1rias provas classificativas intituladas PEC\u2019s \u2013 Provas Especiais Cronometradas (organizadas em circuitos fechados ao tr\u00e1fego normal, sob quaisquer condi\u00e7\u00f5es do tempo), na qual o desempenho do piloto&hellip; <\/p>\n","protected":false},"author":2,"featured_media":0,"parent":137,"menu_order":0,"comment_status":"closed","ping_status":"open","template":"","meta":{"footnotes":""},"class_list":["post-142","page","type-page","status-publish","hentry"],"yoast_head":"<!-- This site is optimized with the Yoast SEO plugin v27.4 - https:\/\/yoast.com\/product\/yoast-seo-wordpress\/ -->\n<title>O que \u00e9 o Enduro - GP de Portugal<\/title>\n<meta name=\"robots\" content=\"index, follow, max-snippet:-1, max-image-preview:large, max-video-preview:-1\" \/>\n<link rel=\"canonical\" href=\"https:\/\/talentos-objetivos.pt\/wecportugal\/pt\/o-enduro\/o-que-e-o-enduro\/\" \/>\n<meta property=\"og:locale\" content=\"pt_PT\" \/>\n<meta property=\"og:type\" content=\"article\" \/>\n<meta property=\"og:title\" content=\"O que \u00e9 o Enduro - GP de Portugal\" \/>\n<meta property=\"og:description\" content=\"\u00c9 uma prova de regularidade que se realiza num percurso de trilhos, pistas ou estradas abertas \u00e0 circula\u00e7\u00e3o normal. Integradas ao percurso, encontram-se v\u00e1rias provas classificativas intituladas PEC\u2019s \u2013 Provas Especiais Cronometradas (organizadas em circuitos fechados ao tr\u00e1fego normal, sob quaisquer condi\u00e7\u00f5es do tempo), na qual o desempenho do piloto&hellip;\" \/>\n<meta property=\"og:url\" content=\"https:\/\/talentos-objetivos.pt\/wecportugal\/pt\/o-enduro\/o-que-e-o-enduro\/\" \/>\n<meta property=\"og:site_name\" content=\"GP de Portugal\" \/>\n<meta property=\"article:modified_time\" content=\"2022-12-13T08:52:02+00:00\" \/>\n<meta name=\"twitter:card\" content=\"summary_large_image\" \/>\n<meta name=\"twitter:label1\" content=\"Tempo estimado de leitura\" \/>\n\t<meta name=\"twitter:data1\" content=\"1 minuto\" \/>\n<script type=\"application\/ld+json\" class=\"yoast-schema-graph\">{\"@context\":\"https:\\\/\\\/schema.org\",\"@graph\":[{\"@type\":\"WebPage\",\"@id\":\"https:\\\/\\\/talentos-objetivos.pt\\\/wecportugal\\\/pt\\\/o-enduro\\\/o-que-e-o-enduro\\\/\",\"url\":\"https:\\\/\\\/talentos-objetivos.pt\\\/wecportugal\\\/pt\\\/o-enduro\\\/o-que-e-o-enduro\\\/\",\"name\":\"O que \u00e9 o Enduro - GP de Portugal\",\"isPartOf\":{\"@id\":\"https:\\\/\\\/talentos-objetivos.pt\\\/wecportugal\\\/#website\"},\"primaryImageOfPage\":{\"@id\":\"https:\\\/\\\/talentos-objetivos.pt\\\/wecportugal\\\/pt\\\/o-enduro\\\/o-que-e-o-enduro\\\/#primaryimage\"},\"image\":{\"@id\":\"https:\\\/\\\/talentos-objetivos.pt\\\/wecportugal\\\/pt\\\/o-enduro\\\/o-que-e-o-enduro\\\/#primaryimage\"},\"thumbnailUrl\":\"https:\\\/\\\/talentos-objetivos.pt\\\/wecportugal\\\/wp-content\\\/uploads\\\/sites\\\/6\\\/2022\\\/12\\\/Jack_Penton2.jpg\",\"datePublished\":\"2014-10-08T18:23:00+00:00\",\"dateModified\":\"2022-12-13T08:52:02+00:00\",\"breadcrumb\":{\"@id\":\"https:\\\/\\\/talentos-objetivos.pt\\\/wecportugal\\\/pt\\\/o-enduro\\\/o-que-e-o-enduro\\\/#breadcrumb\"},\"inLanguage\":\"pt-PT\",\"potentialAction\":[{\"@type\":\"ReadAction\",\"target\":[\"https:\\\/\\\/talentos-objetivos.pt\\\/wecportugal\\\/pt\\\/o-enduro\\\/o-que-e-o-enduro\\\/\"]}]},{\"@type\":\"ImageObject\",\"inLanguage\":\"pt-PT\",\"@id\":\"https:\\\/\\\/talentos-objetivos.pt\\\/wecportugal\\\/pt\\\/o-enduro\\\/o-que-e-o-enduro\\\/#primaryimage\",\"url\":\"\",\"contentUrl\":\"\"},{\"@type\":\"BreadcrumbList\",\"@id\":\"https:\\\/\\\/talentos-objetivos.pt\\\/wecportugal\\\/pt\\\/o-enduro\\\/o-que-e-o-enduro\\\/#breadcrumb\",\"itemListElement\":[{\"@type\":\"ListItem\",\"position\":1,\"name\":\"In\u00edcio\",\"item\":\"https:\\\/\\\/talentos-objetivos.pt\\\/wecportugal\\\/\"},{\"@type\":\"ListItem\",\"position\":2,\"name\":\"PT\",\"item\":\"https:\\\/\\\/talentos-objetivos.pt\\\/wecportugal\\\/pt\\\/\"},{\"@type\":\"ListItem\",\"position\":3,\"name\":\"O Enduro\",\"item\":\"https:\\\/\\\/talentos-objetivos.pt\\\/wecportugal\\\/pt\\\/o-enduro\\\/\"},{\"@type\":\"ListItem\",\"position\":4,\"name\":\"O que \u00e9 o Enduro\"}]},{\"@type\":\"WebSite\",\"@id\":\"https:\\\/\\\/talentos-objetivos.pt\\\/wecportugal\\\/#website\",\"url\":\"https:\\\/\\\/talentos-objetivos.pt\\\/wecportugal\\\/\",\"name\":\"GP de Portugal\",\"description\":\"European Enduro Championship  - Gouveia\",\"potentialAction\":[{\"@type\":\"SearchAction\",\"target\":{\"@type\":\"EntryPoint\",\"urlTemplate\":\"https:\\\/\\\/talentos-objetivos.pt\\\/wecportugal\\\/?s={search_term_string}\"},\"query-input\":{\"@type\":\"PropertyValueSpecification\",\"valueRequired\":true,\"valueName\":\"search_term_string\"}}],\"inLanguage\":\"pt-PT\"}]}<\/script>\n<!-- \/ Yoast SEO plugin. -->","yoast_head_json":{"title":"O que \u00e9 o Enduro - GP de Portugal","robots":{"index":"index","follow":"follow","max-snippet":"max-snippet:-1","max-image-preview":"max-image-preview:large","max-video-preview":"max-video-preview:-1"},"canonical":"https:\/\/talentos-objetivos.pt\/wecportugal\/pt\/o-enduro\/o-que-e-o-enduro\/","og_locale":"pt_PT","og_type":"article","og_title":"O que \u00e9 o Enduro - GP de Portugal","og_description":"\u00c9 uma prova de regularidade que se realiza num percurso de trilhos, pistas ou estradas abertas \u00e0 circula\u00e7\u00e3o normal. Integradas ao percurso, encontram-se v\u00e1rias provas classificativas intituladas PEC\u2019s \u2013 Provas Especiais Cronometradas (organizadas em circuitos fechados ao tr\u00e1fego normal, sob quaisquer condi\u00e7\u00f5es do tempo), na qual o desempenho do piloto&hellip;","og_url":"https:\/\/talentos-objetivos.pt\/wecportugal\/pt\/o-enduro\/o-que-e-o-enduro\/","og_site_name":"GP de Portugal","article_modified_time":"2022-12-13T08:52:02+00:00","twitter_card":"summary_large_image","twitter_misc":{"Tempo estimado de leitura":"1 minuto"},"schema":{"@context":"https:\/\/schema.org","@graph":[{"@type":"WebPage","@id":"https:\/\/talentos-objetivos.pt\/wecportugal\/pt\/o-enduro\/o-que-e-o-enduro\/","url":"https:\/\/talentos-objetivos.pt\/wecportugal\/pt\/o-enduro\/o-que-e-o-enduro\/","name":"O que \u00e9 o Enduro - GP de Portugal","isPartOf":{"@id":"https:\/\/talentos-objetivos.pt\/wecportugal\/#website"},"primaryImageOfPage":{"@id":"https:\/\/talentos-objetivos.pt\/wecportugal\/pt\/o-enduro\/o-que-e-o-enduro\/#primaryimage"},"image":{"@id":"https:\/\/talentos-objetivos.pt\/wecportugal\/pt\/o-enduro\/o-que-e-o-enduro\/#primaryimage"},"thumbnailUrl":"https:\/\/talentos-objetivos.pt\/wecportugal\/wp-content\/uploads\/sites\/6\/2022\/12\/Jack_Penton2.jpg","datePublished":"2014-10-08T18:23:00+00:00","dateModified":"2022-12-13T08:52:02+00:00","breadcrumb":{"@id":"https:\/\/talentos-objetivos.pt\/wecportugal\/pt\/o-enduro\/o-que-e-o-enduro\/#breadcrumb"},"inLanguage":"pt-PT","potentialAction":[{"@type":"ReadAction","target":["https:\/\/talentos-objetivos.pt\/wecportugal\/pt\/o-enduro\/o-que-e-o-enduro\/"]}]},{"@type":"ImageObject","inLanguage":"pt-PT","@id":"https:\/\/talentos-objetivos.pt\/wecportugal\/pt\/o-enduro\/o-que-e-o-enduro\/#primaryimage","url":"","contentUrl":""},{"@type":"BreadcrumbList","@id":"https:\/\/talentos-objetivos.pt\/wecportugal\/pt\/o-enduro\/o-que-e-o-enduro\/#breadcrumb","itemListElement":[{"@type":"ListItem","position":1,"name":"In\u00edcio","item":"https:\/\/talentos-objetivos.pt\/wecportugal\/"},{"@type":"ListItem","position":2,"name":"PT","item":"https:\/\/talentos-objetivos.pt\/wecportugal\/pt\/"},{"@type":"ListItem","position":3,"name":"O Enduro","item":"https:\/\/talentos-objetivos.pt\/wecportugal\/pt\/o-enduro\/"},{"@type":"ListItem","position":4,"name":"O que \u00e9 o Enduro"}]},{"@type":"WebSite","@id":"https:\/\/talentos-objetivos.pt\/wecportugal\/#website","url":"https:\/\/talentos-objetivos.pt\/wecportugal\/","name":"GP de Portugal","description":"European Enduro Championship  - Gouveia","potentialAction":[{"@type":"SearchAction","target":{"@type":"EntryPoint","urlTemplate":"https:\/\/talentos-objetivos.pt\/wecportugal\/?s={search_term_string}"},"query-input":{"@type":"PropertyValueSpecification","valueRequired":true,"valueName":"search_term_string"}}],"inLanguage":"pt-PT"}]}},"_links":{"self":[{"href":"https:\/\/talentos-objetivos.pt\/wecportugal\/wp-json\/wp\/v2\/pages\/142","targetHints":{"allow":["GET"]}}],"collection":[{"href":"https:\/\/talentos-objetivos.pt\/wecportugal\/wp-json\/wp\/v2\/pages"}],"about":[{"href":"https:\/\/talentos-objetivos.pt\/wecportugal\/wp-json\/wp\/v2\/types\/page"}],"author":[{"embeddable":true,"href":"https:\/\/talentos-objetivos.pt\/wecportugal\/wp-json\/wp\/v2\/users\/2"}],"replies":[{"embeddable":true,"href":"https:\/\/talentos-objetivos.pt\/wecportugal\/wp-json\/wp\/v2\/comments?post=142"}],"version-history":[{"count":0,"href":"https:\/\/talentos-objetivos.pt\/wecportugal\/wp-json\/wp\/v2\/pages\/142\/revisions"}],"up":[{"embeddable":true,"href":"https:\/\/talentos-objetivos.pt\/wecportugal\/wp-json\/wp\/v2\/pages\/137"}],"wp:attachment":[{"href":"https:\/\/talentos-objetivos.pt\/wecportugal\/wp-json\/wp\/v2\/media?parent=142"}],"curies":[{"name":"wp","href":"https:\/\/api.w.org\/{rel}","templated":true}]}}