{"id":2006,"date":"2016-04-06T13:04:22","date_gmt":"2016-04-06T13:04:22","guid":{"rendered":"http:\/\/wecportugal.talentos-objetivos.pt\/?page_id=2006"},"modified":"2016-04-06T13:04:22","modified_gmt":"2016-04-06T13:04:22","slug":"inscritos-gp-portugal","status":"publish","type":"page","link":"https:\/\/talentos-objetivos.pt\/wecportugal\/pt\/info-prova\/inscritos-gp-portugal\/","title":{"rendered":"Lista de inscritos &#8211; Gouveia 2017 &#8211; Campeonato Europeu de Enduro"},"content":{"rendered":"<h4>A listagem s\u00f3 \u00e9 atualizada ap\u00f3s aprova\u00e7\u00e3o pelo secretariado do evento<\/h4>\n<p>act: 23\/04\/2017 &#8211; 19H46<\/p>\n<hr \/>\n[wpdatatable id=3]\n","protected":false},"excerpt":{"rendered":"<p>A listagem s\u00f3 \u00e9 atualizada ap\u00f3s aprova\u00e7\u00e3o pelo secretariado do evento act: 23\/04\/2017 &#8211; 19H46 [wpdatatable id=3]<\/p>\n","protected":false},"author":2,"featured_media":0,"parent":49,"menu_order":0,"comment_status":"closed","ping_status":"closed","template":"","meta":{"footnotes":""},"class_list":["post-2006","page","type-page","status-publish","hentry"],"yoast_head":"<!-- This site is optimized with the Yoast SEO plugin v27.4 - https:\/\/yoast.com\/product\/yoast-seo-wordpress\/ -->\n<title>Lista de inscritos - Gouveia 2017 - Campeonato Europeu de Enduro - GP de Portugal<\/title>\n<meta name=\"robots\" content=\"index, follow, max-snippet:-1, max-image-preview:large, max-video-preview:-1\" \/>\n<link rel=\"canonical\" href=\"https:\/\/talentos-objetivos.pt\/wecportugal\/pt\/info-prova\/inscritos-gp-portugal\/\" \/>\n<meta property=\"og:locale\" content=\"pt_PT\" \/>\n<meta property=\"og:type\" content=\"article\" \/>\n<meta property=\"og:title\" content=\"Lista de inscritos - Gouveia 2017 - Campeonato Europeu de Enduro - GP de Portugal\" \/>\n<meta property=\"og:description\" content=\"A listagem s\u00f3 \u00e9 atualizada ap\u00f3s aprova\u00e7\u00e3o pelo secretariado do evento act: 23\/04\/2017 &#8211; 19H46 [wpdatatable id=3]\" \/>\n<meta property=\"og:url\" content=\"https:\/\/talentos-objetivos.pt\/wecportugal\/pt\/info-prova\/inscritos-gp-portugal\/\" \/>\n<meta property=\"og:site_name\" content=\"GP de Portugal\" \/>\n<meta name=\"twitter:card\" content=\"summary_large_image\" \/>\n<script type=\"application\/ld+json\" class=\"yoast-schema-graph\">{\"@context\":\"https:\\\/\\\/schema.org\",\"@graph\":[{\"@type\":\"WebPage\",\"@id\":\"https:\\\/\\\/talentos-objetivos.pt\\\/wecportugal\\\/pt\\\/info-prova\\\/inscritos-gp-portugal\\\/\",\"url\":\"https:\\\/\\\/talentos-objetivos.pt\\\/wecportugal\\\/pt\\\/info-prova\\\/inscritos-gp-portugal\\\/\",\"name\":\"Lista de inscritos - Gouveia 2017 - Campeonato Europeu de Enduro - GP de Portugal\",\"isPartOf\":{\"@id\":\"https:\\\/\\\/talentos-objetivos.pt\\\/wecportugal\\\/#website\"},\"datePublished\":\"2016-04-06T13:04:22+00:00\",\"breadcrumb\":{\"@id\":\"https:\\\/\\\/talentos-objetivos.pt\\\/wecportugal\\\/pt\\\/info-prova\\\/inscritos-gp-portugal\\\/#breadcrumb\"},\"inLanguage\":\"pt-PT\",\"potentialAction\":[{\"@type\":\"ReadAction\",\"target\":[\"https:\\\/\\\/talentos-objetivos.pt\\\/wecportugal\\\/pt\\\/info-prova\\\/inscritos-gp-portugal\\\/\"]}]},{\"@type\":\"BreadcrumbList\",\"@id\":\"https:\\\/\\\/talentos-objetivos.pt\\\/wecportugal\\\/pt\\\/info-prova\\\/inscritos-gp-portugal\\\/#breadcrumb\",\"itemListElement\":[{\"@type\":\"ListItem\",\"position\":1,\"name\":\"In\u00edcio\",\"item\":\"https:\\\/\\\/talentos-objetivos.pt\\\/wecportugal\\\/\"},{\"@type\":\"ListItem\",\"position\":2,\"name\":\"PT\",\"item\":\"https:\\\/\\\/talentos-objetivos.pt\\\/wecportugal\\\/pt\\\/\"},{\"@type\":\"ListItem\",\"position\":3,\"name\":\"Info Prova\",\"item\":\"https:\\\/\\\/talentos-objetivos.pt\\\/wecportugal\\\/pt\\\/info-prova\\\/\"},{\"@type\":\"ListItem\",\"position\":4,\"name\":\"Lista de inscritos &#8211; Gouveia 2017 &#8211; Campeonato Europeu de Enduro\"}]},{\"@type\":\"WebSite\",\"@id\":\"https:\\\/\\\/talentos-objetivos.pt\\\/wecportugal\\\/#website\",\"url\":\"https:\\\/\\\/talentos-objetivos.pt\\\/wecportugal\\\/\",\"name\":\"GP de Portugal\",\"description\":\"European Enduro Championship  - Gouveia\",\"potentialAction\":[{\"@type\":\"SearchAction\",\"target\":{\"@type\":\"EntryPoint\",\"urlTemplate\":\"https:\\\/\\\/talentos-objetivos.pt\\\/wecportugal\\\/?s={search_term_string}\"},\"query-input\":{\"@type\":\"PropertyValueSpecification\",\"valueRequired\":true,\"valueName\":\"search_term_string\"}}],\"inLanguage\":\"pt-PT\"}]}<\/script>\n<!-- \/ Yoast SEO plugin. -->","yoast_head_json":{"title":"Lista de inscritos - Gouveia 2017 - Campeonato Europeu de Enduro - GP de Portugal","robots":{"index":"index","follow":"follow","max-snippet":"max-snippet:-1","max-image-preview":"max-image-preview:large","max-video-preview":"max-video-preview:-1"},"canonical":"https:\/\/talentos-objetivos.pt\/wecportugal\/pt\/info-prova\/inscritos-gp-portugal\/","og_locale":"pt_PT","og_type":"article","og_title":"Lista de inscritos - Gouveia 2017 - Campeonato Europeu de Enduro - GP de Portugal","og_description":"A listagem s\u00f3 \u00e9 atualizada ap\u00f3s aprova\u00e7\u00e3o pelo secretariado do evento act: 23\/04\/2017 &#8211; 19H46 [wpdatatable id=3]","og_url":"https:\/\/talentos-objetivos.pt\/wecportugal\/pt\/info-prova\/inscritos-gp-portugal\/","og_site_name":"GP de Portugal","twitter_card":"summary_large_image","schema":{"@context":"https:\/\/schema.org","@graph":[{"@type":"WebPage","@id":"https:\/\/talentos-objetivos.pt\/wecportugal\/pt\/info-prova\/inscritos-gp-portugal\/","url":"https:\/\/talentos-objetivos.pt\/wecportugal\/pt\/info-prova\/inscritos-gp-portugal\/","name":"Lista de inscritos - Gouveia 2017 - Campeonato Europeu de Enduro - GP de Portugal","isPartOf":{"@id":"https:\/\/talentos-objetivos.pt\/wecportugal\/#website"},"datePublished":"2016-04-06T13:04:22+00:00","breadcrumb":{"@id":"https:\/\/talentos-objetivos.pt\/wecportugal\/pt\/info-prova\/inscritos-gp-portugal\/#breadcrumb"},"inLanguage":"pt-PT","potentialAction":[{"@type":"ReadAction","target":["https:\/\/talentos-objetivos.pt\/wecportugal\/pt\/info-prova\/inscritos-gp-portugal\/"]}]},{"@type":"BreadcrumbList","@id":"https:\/\/talentos-objetivos.pt\/wecportugal\/pt\/info-prova\/inscritos-gp-portugal\/#breadcrumb","itemListElement":[{"@type":"ListItem","position":1,"name":"In\u00edcio","item":"https:\/\/talentos-objetivos.pt\/wecportugal\/"},{"@type":"ListItem","position":2,"name":"PT","item":"https:\/\/talentos-objetivos.pt\/wecportugal\/pt\/"},{"@type":"ListItem","position":3,"name":"Info Prova","item":"https:\/\/talentos-objetivos.pt\/wecportugal\/pt\/info-prova\/"},{"@type":"ListItem","position":4,"name":"Lista de inscritos &#8211; Gouveia 2017 &#8211; Campeonato Europeu de Enduro"}]},{"@type":"WebSite","@id":"https:\/\/talentos-objetivos.pt\/wecportugal\/#website","url":"https:\/\/talentos-objetivos.pt\/wecportugal\/","name":"GP de Portugal","description":"European Enduro Championship  - Gouveia","potentialAction":[{"@type":"SearchAction","target":{"@type":"EntryPoint","urlTemplate":"https:\/\/talentos-objetivos.pt\/wecportugal\/?s={search_term_string}"},"query-input":{"@type":"PropertyValueSpecification","valueRequired":true,"valueName":"search_term_string"}}],"inLanguage":"pt-PT"}]}},"_links":{"self":[{"href":"https:\/\/talentos-objetivos.pt\/wecportugal\/wp-json\/wp\/v2\/pages\/2006","targetHints":{"allow":["GET"]}}],"collection":[{"href":"https:\/\/talentos-objetivos.pt\/wecportugal\/wp-json\/wp\/v2\/pages"}],"about":[{"href":"https:\/\/talentos-objetivos.pt\/wecportugal\/wp-json\/wp\/v2\/types\/page"}],"author":[{"embeddable":true,"href":"https:\/\/talentos-objetivos.pt\/wecportugal\/wp-json\/wp\/v2\/users\/2"}],"replies":[{"embeddable":true,"href":"https:\/\/talentos-objetivos.pt\/wecportugal\/wp-json\/wp\/v2\/comments?post=2006"}],"version-history":[{"count":0,"href":"https:\/\/talentos-objetivos.pt\/wecportugal\/wp-json\/wp\/v2\/pages\/2006\/revisions"}],"up":[{"embeddable":true,"href":"https:\/\/talentos-objetivos.pt\/wecportugal\/wp-json\/wp\/v2\/pages\/49"}],"wp:attachment":[{"href":"https:\/\/talentos-objetivos.pt\/wecportugal\/wp-json\/wp\/v2\/media?parent=2006"}],"curies":[{"name":"wp","href":"https:\/\/api.w.org\/{rel}","templated":true}]}}