{"id":328,"date":"2014-10-28T20:01:35","date_gmt":"2014-10-28T20:01:35","guid":{"rendered":"http:\/\/wecportugal.talentos-objetivos.pt\/?page_id=328"},"modified":"2014-10-28T20:01:35","modified_gmt":"2014-10-28T20:01:35","slug":"restaurants","status":"publish","type":"page","link":"https:\/\/talentos-objetivos.pt\/wecportugal\/uk\/city-of-gouveia\/restaurants\/","title":{"rendered":"Restaurants"},"content":{"rendered":"<p><img loading=\"lazy\" decoding=\"async\" class=\"aligncenter wp-image-543 size-full\" src=\"http:\/\/wecportugal.talentos-objetivos.pt\/wp-content\/uploads\/2014\/10\/onde-comer-banner.jpg\" alt=\"onde-comer-banner\" width=\"700\" height=\"100\" \/><\/p>\n<p style=\"text-align: justify\">The local gastronomy offers you the true mountain flavors, with taste and unique characteristics. Starting with the famous Queijo da Serra (Buttery Cheese) , through regional sausages and appetizing rye bread, joins the dishes coming from Cabrito, Trout and Codfish to give the name to the art of &#8220;well serve&#8221; in Beira Interior. Your experience may not let off the tasty wines of D\u00e3o, and the various liqueurs and spirits regional.<\/p>\n<p>See our list of recommended restaurants for the occasion:<\/p>\n<h3><strong>Sabores da Serra &#8211; Hotel Eurosol<\/strong><\/h3>\n<p><strong>Adress:<\/strong>\u00a0Av. 1.\u00ba de Maio 6290-541 Gouveia<br \/>\n<strong>Phone:<\/strong>\u00a0238 491 010<br \/>\n<strong>Fax:<\/strong>\u00a0238 494 370<br \/>\n<strong>Internet:<\/strong>\u00a0www.eurosol.pt<br \/>\n<strong>Email:<\/strong>\u00a0gouveia@eurosol.pt<br \/>\n<strong>Closed:<\/strong>\u00a0Sunday (Dinner) and Monday (All day)<br \/>\n<strong>Specialities:<\/strong>\u00a0Alheiras de Ca\u00e7a, Arroz de Pato, Espetada Serrana com A\u00e7orda de Farinheira<\/p>\n<h3><\/h3>\n<h3><strong>L\u00e1 em Casa<\/strong><\/h3>\n<p><strong>Adress:<\/strong>\u00a0Sitio dos Barreiros 6290-319 Gouveia<br \/>\n<strong>Phone:<\/strong>\u00a0238 491 983<br \/>\n<strong>Closed:<\/strong>\u00a0Sunday (Dinner) and Monday (All day)<br \/>\n<strong>Specialities:<\/strong>\u00a0Lombinho de Porco recheado com Queijo da Serra e Molho de Morcela, Polvo L\u00e1 em Lasa, Crepes de Camar\u00e3o e Cabrito Grelhado<\/p>\n<h3><strong>Ponte dos Cavaleiros<\/strong><\/h3>\n<p><strong>Adress:<\/strong>\u00a0Bairro da Serr\u00e3 6290-051 Arcozelo da Serra<br \/>\n<strong>Phone:<\/strong>\u00a0238 771 010<br \/>\n<strong>Internet:<\/strong>\u00a0http:\/\/www.pontedoscavaleiros.com<br \/>\n<strong>Email:<\/strong>\u00a0pontedoscavaleiros@hotmail.com<br \/>\n<strong>Closed:<\/strong>\u00a0Always open<br \/>\n<strong>Specialities:<\/strong>\u00a0Bacalhau \u00e0 Ponte dos Cavaleiros e Borrego de Leite Grelhado, Lombinho de Novilho Grelhado e Bife de Alcatra Grelhado<\/p>\n<h3><strong>Fonte dos Namorados<\/strong><\/h3>\n<p><strong>Adress:<\/strong>\u00a0Melo 6290-121 Gouveia<br \/>\n<strong>Phone:<\/strong>\u00a0238 745 245<br \/>\n<strong>Fax:<\/strong>\u00a0238 748 074<br \/>\n<strong>Internet:<\/strong>\u00a0www.fontedosnamorados.com<br \/>\n<strong>Email:<\/strong>\u00a0fontedosnamorados@iol.pt<br \/>\n<strong>Closed:<\/strong>\u00a0Tuesday (All day)<br \/>\n<strong>Specialities:<\/strong>\u00a0Moelas e Enchidos na Telha, Vitela na Ca\u00e7arola, Cabrito Assado no Forno, Javali na Panela de Ferro e Bacalhau \u00e0 T\u00f3 Z\u00e9<\/p>\n<h3><\/h3>\n<hr \/>\n<p><a href=\"http:\/\/wecportugal.talentos-objetivos.pt\/wp-content\/uploads\/2014\/10\/Restaurantes-no-Concelho-de-Gouveia_TOCER_UEM2017_07_02.pdf\" target=\"_blank\" rel=\"\"><img loading=\"lazy\" decoding=\"async\" class=\"alignleft size-medium wp-image-689\" src=\"http:\/\/wecportugal.talentos-objetivos.pt\/wp-content\/uploads\/2014\/10\/Restauracao_Icone-300x300.png\" alt=\"Restauracao_Icone\" width=\"300\" height=\"300\" \/>Restaurants Gouveia<\/a>\u00a0(pdf)<\/p>\n<hr \/>\n<p>&nbsp;<\/p>\n","protected":false},"excerpt":{"rendered":"<p>See our list of recommended restaurants for the occasion.<\/p>\n","protected":false},"author":2,"featured_media":689,"parent":323,"menu_order":0,"comment_status":"closed","ping_status":"closed","template":"","meta":{"footnotes":""},"class_list":["post-328","page","type-page","status-publish","has-post-thumbnail","hentry"],"yoast_head":"<!-- This site is optimized with the Yoast SEO plugin v27.5 - https:\/\/yoast.com\/product\/yoast-seo-wordpress\/ -->\n<title>Restaurants - GP de Portugal<\/title>\n<meta name=\"robots\" content=\"index, follow, max-snippet:-1, max-image-preview:large, max-video-preview:-1\" \/>\n<link rel=\"canonical\" href=\"https:\/\/talentos-objetivos.pt\/wecportugal\/uk\/city-of-gouveia\/restaurants\/\" \/>\n<meta property=\"og:locale\" content=\"pt_PT\" \/>\n<meta property=\"og:type\" content=\"article\" \/>\n<meta property=\"og:title\" content=\"Restaurants - GP de Portugal\" \/>\n<meta property=\"og:description\" content=\"See our list of recommended restaurants for the occasion.\" \/>\n<meta property=\"og:url\" content=\"https:\/\/talentos-objetivos.pt\/wecportugal\/uk\/city-of-gouveia\/restaurants\/\" \/>\n<meta property=\"og:site_name\" content=\"GP de Portugal\" \/>\n<meta name=\"twitter:card\" content=\"summary_large_image\" \/>\n<meta name=\"twitter:label1\" content=\"Tempo estimado de leitura\" \/>\n\t<meta name=\"twitter:data1\" content=\"1 minuto\" \/>\n<script type=\"application\/ld+json\" class=\"yoast-schema-graph\">{\"@context\":\"https:\\\/\\\/schema.org\",\"@graph\":[{\"@type\":\"WebPage\",\"@id\":\"https:\\\/\\\/talentos-objetivos.pt\\\/wecportugal\\\/uk\\\/city-of-gouveia\\\/restaurants\\\/\",\"url\":\"https:\\\/\\\/talentos-objetivos.pt\\\/wecportugal\\\/uk\\\/city-of-gouveia\\\/restaurants\\\/\",\"name\":\"Restaurants - GP de Portugal\",\"isPartOf\":{\"@id\":\"https:\\\/\\\/talentos-objetivos.pt\\\/wecportugal\\\/#website\"},\"primaryImageOfPage\":{\"@id\":\"https:\\\/\\\/talentos-objetivos.pt\\\/wecportugal\\\/uk\\\/city-of-gouveia\\\/restaurants\\\/#primaryimage\"},\"image\":{\"@id\":\"https:\\\/\\\/talentos-objetivos.pt\\\/wecportugal\\\/uk\\\/city-of-gouveia\\\/restaurants\\\/#primaryimage\"},\"thumbnailUrl\":\"\",\"datePublished\":\"2014-10-28T20:01:35+00:00\",\"breadcrumb\":{\"@id\":\"https:\\\/\\\/talentos-objetivos.pt\\\/wecportugal\\\/uk\\\/city-of-gouveia\\\/restaurants\\\/#breadcrumb\"},\"inLanguage\":\"pt-PT\",\"potentialAction\":[{\"@type\":\"ReadAction\",\"target\":[\"https:\\\/\\\/talentos-objetivos.pt\\\/wecportugal\\\/uk\\\/city-of-gouveia\\\/restaurants\\\/\"]}]},{\"@type\":\"ImageObject\",\"inLanguage\":\"pt-PT\",\"@id\":\"https:\\\/\\\/talentos-objetivos.pt\\\/wecportugal\\\/uk\\\/city-of-gouveia\\\/restaurants\\\/#primaryimage\",\"url\":\"\",\"contentUrl\":\"\"},{\"@type\":\"BreadcrumbList\",\"@id\":\"https:\\\/\\\/talentos-objetivos.pt\\\/wecportugal\\\/uk\\\/city-of-gouveia\\\/restaurants\\\/#breadcrumb\",\"itemListElement\":[{\"@type\":\"ListItem\",\"position\":1,\"name\":\"In\u00edcio\",\"item\":\"https:\\\/\\\/talentos-objetivos.pt\\\/wecportugal\\\/\"},{\"@type\":\"ListItem\",\"position\":2,\"name\":\"UK\",\"item\":\"https:\\\/\\\/talentos-objetivos.pt\\\/wecportugal\\\/uk\\\/\"},{\"@type\":\"ListItem\",\"position\":3,\"name\":\"City of Gouveia\",\"item\":\"https:\\\/\\\/talentos-objetivos.pt\\\/wecportugal\\\/uk\\\/city-of-gouveia\\\/\"},{\"@type\":\"ListItem\",\"position\":4,\"name\":\"Restaurants\"}]},{\"@type\":\"WebSite\",\"@id\":\"https:\\\/\\\/talentos-objetivos.pt\\\/wecportugal\\\/#website\",\"url\":\"https:\\\/\\\/talentos-objetivos.pt\\\/wecportugal\\\/\",\"name\":\"GP de Portugal\",\"description\":\"European Enduro Championship  - Gouveia\",\"potentialAction\":[{\"@type\":\"SearchAction\",\"target\":{\"@type\":\"EntryPoint\",\"urlTemplate\":\"https:\\\/\\\/talentos-objetivos.pt\\\/wecportugal\\\/?s={search_term_string}\"},\"query-input\":{\"@type\":\"PropertyValueSpecification\",\"valueRequired\":true,\"valueName\":\"search_term_string\"}}],\"inLanguage\":\"pt-PT\"}]}<\/script>\n<!-- \/ Yoast SEO plugin. -->","yoast_head_json":{"title":"Restaurants - GP de Portugal","robots":{"index":"index","follow":"follow","max-snippet":"max-snippet:-1","max-image-preview":"max-image-preview:large","max-video-preview":"max-video-preview:-1"},"canonical":"https:\/\/talentos-objetivos.pt\/wecportugal\/uk\/city-of-gouveia\/restaurants\/","og_locale":"pt_PT","og_type":"article","og_title":"Restaurants - GP de Portugal","og_description":"See our list of recommended restaurants for the occasion.","og_url":"https:\/\/talentos-objetivos.pt\/wecportugal\/uk\/city-of-gouveia\/restaurants\/","og_site_name":"GP de Portugal","twitter_card":"summary_large_image","twitter_misc":{"Tempo estimado de leitura":"1 minuto"},"schema":{"@context":"https:\/\/schema.org","@graph":[{"@type":"WebPage","@id":"https:\/\/talentos-objetivos.pt\/wecportugal\/uk\/city-of-gouveia\/restaurants\/","url":"https:\/\/talentos-objetivos.pt\/wecportugal\/uk\/city-of-gouveia\/restaurants\/","name":"Restaurants - GP de Portugal","isPartOf":{"@id":"https:\/\/talentos-objetivos.pt\/wecportugal\/#website"},"primaryImageOfPage":{"@id":"https:\/\/talentos-objetivos.pt\/wecportugal\/uk\/city-of-gouveia\/restaurants\/#primaryimage"},"image":{"@id":"https:\/\/talentos-objetivos.pt\/wecportugal\/uk\/city-of-gouveia\/restaurants\/#primaryimage"},"thumbnailUrl":"","datePublished":"2014-10-28T20:01:35+00:00","breadcrumb":{"@id":"https:\/\/talentos-objetivos.pt\/wecportugal\/uk\/city-of-gouveia\/restaurants\/#breadcrumb"},"inLanguage":"pt-PT","potentialAction":[{"@type":"ReadAction","target":["https:\/\/talentos-objetivos.pt\/wecportugal\/uk\/city-of-gouveia\/restaurants\/"]}]},{"@type":"ImageObject","inLanguage":"pt-PT","@id":"https:\/\/talentos-objetivos.pt\/wecportugal\/uk\/city-of-gouveia\/restaurants\/#primaryimage","url":"","contentUrl":""},{"@type":"BreadcrumbList","@id":"https:\/\/talentos-objetivos.pt\/wecportugal\/uk\/city-of-gouveia\/restaurants\/#breadcrumb","itemListElement":[{"@type":"ListItem","position":1,"name":"In\u00edcio","item":"https:\/\/talentos-objetivos.pt\/wecportugal\/"},{"@type":"ListItem","position":2,"name":"UK","item":"https:\/\/talentos-objetivos.pt\/wecportugal\/uk\/"},{"@type":"ListItem","position":3,"name":"City of Gouveia","item":"https:\/\/talentos-objetivos.pt\/wecportugal\/uk\/city-of-gouveia\/"},{"@type":"ListItem","position":4,"name":"Restaurants"}]},{"@type":"WebSite","@id":"https:\/\/talentos-objetivos.pt\/wecportugal\/#website","url":"https:\/\/talentos-objetivos.pt\/wecportugal\/","name":"GP de Portugal","description":"European Enduro Championship  - Gouveia","potentialAction":[{"@type":"SearchAction","target":{"@type":"EntryPoint","urlTemplate":"https:\/\/talentos-objetivos.pt\/wecportugal\/?s={search_term_string}"},"query-input":{"@type":"PropertyValueSpecification","valueRequired":true,"valueName":"search_term_string"}}],"inLanguage":"pt-PT"}]}},"_links":{"self":[{"href":"https:\/\/talentos-objetivos.pt\/wecportugal\/wp-json\/wp\/v2\/pages\/328","targetHints":{"allow":["GET"]}}],"collection":[{"href":"https:\/\/talentos-objetivos.pt\/wecportugal\/wp-json\/wp\/v2\/pages"}],"about":[{"href":"https:\/\/talentos-objetivos.pt\/wecportugal\/wp-json\/wp\/v2\/types\/page"}],"author":[{"embeddable":true,"href":"https:\/\/talentos-objetivos.pt\/wecportugal\/wp-json\/wp\/v2\/users\/2"}],"replies":[{"embeddable":true,"href":"https:\/\/talentos-objetivos.pt\/wecportugal\/wp-json\/wp\/v2\/comments?post=328"}],"version-history":[{"count":0,"href":"https:\/\/talentos-objetivos.pt\/wecportugal\/wp-json\/wp\/v2\/pages\/328\/revisions"}],"up":[{"embeddable":true,"href":"https:\/\/talentos-objetivos.pt\/wecportugal\/wp-json\/wp\/v2\/pages\/323"}],"wp:featuredmedia":[{"embeddable":true,"href":"https:\/\/talentos-objetivos.pt\/wecportugal\/wp-json\/"}],"wp:attachment":[{"href":"https:\/\/talentos-objetivos.pt\/wecportugal\/wp-json\/wp\/v2\/media?parent=328"}],"curies":[{"name":"wp","href":"https:\/\/api.w.org\/{rel}","templated":true}]}}