{"id":55,"date":"2014-10-08T14:16:17","date_gmt":"2014-10-08T14:16:17","guid":{"rendered":"http:\/\/wecportugal.talentos-objetivos.pt\/?page_id=55"},"modified":"2022-12-13T08:55:39","modified_gmt":"2022-12-13T08:55:39","slug":"onde-ver","status":"publish","type":"page","link":"https:\/\/talentos-objetivos.pt\/wecportugal\/pt\/info-prova\/onde-ver\/","title":{"rendered":"Onde ver"},"content":{"rendered":"<p><strong>Resumo &#8211;&nbsp;&nbsp;&nbsp;&nbsp;&nbsp;&nbsp; &#8211;&nbsp;&nbsp; &nbsp;&#8211; &#8211;&nbsp; <a href=\"https:\/\/talentos-objetivos.pt\/wecportugal\/wp-content\/uploads\/sites\/6\/2022\/12\/UEM_2017_Gouveia_onde-ver_publico_PT.pdf\" target=\"_blank\" rel=\"noopener\">Clique para&nbsp;download (pdf) &#8211; EEC 217 Onde Ver<\/a><\/strong><\/p>\n<ul>\n<li><strong>Prova de 2 dias (S\u00e1bado e Domingo)<\/strong><\/li>\n<li><strong>Partida &#8211; 9h00 e dura\u00e7\u00e3o total de 2 horas (tempo total acumulado de prova de 6 horas)<\/strong><\/li>\n<li><strong>Primeiro Percurso de 14 km com o tempo de 35 minutos. Sem PEC\u2019S-Especiais Cronometradas (PEC\u2019S)<\/strong><\/li>\n<li><strong>Segundo Percurso de 12 km com o tempo de 45 minutos. PEC ET \u2013 Prova Cronometrada de Enduro (13 km)<\/strong><\/li>\n<\/ul>\n<hr>\n<p><strong>Onde ver &#8211; ZONAS ESPECT\u00c1CULO<\/strong><strong>&nbsp;<\/strong><\/p>\n<p><strong>&#8211; Dia 27 \/04\/2017 &#8211;&nbsp; Quinta-feira&nbsp;&nbsp; *&nbsp;&nbsp; <\/strong><a href=\"https:\/\/www.google.pt\/maps\/place\/40%C2%B031'44.5%22N+7%C2%B039'31.4%22W\/@40.5297653,-7.6607071,773m\/data=!3m1!1e3!4m5!3m4!1s0x0:0x0!8m2!3d40.529014!4d-7.658721\" target=\"_blank\" rel=\"noopener\">GPS:&nbsp; 40\u00b031&#8217;44.5&#8243;N 7\u00b039&#8217;31.4&#8243;W<\/a><\/p>\n<p>10h00 &#8211; Abertura oficial do Paddock Local: Parque Senhora dos Verdes \u2013 Gouveia Descri\u00e7\u00e3o: Local onde se encontram os cami\u00f5es e tendas de assist\u00eancia aos pilotos concorrentes.<\/p>\n<p><strong>&#8211; Dia 28 \/04\/2017 &#8211; Sexta-feira&nbsp; *&nbsp; <\/strong><a href=\"https:\/\/www.google.pt\/maps\/place\/40%C2%B031'44.5%22N+7%C2%B039'31.4%22W\/@40.5297653,-7.6607071,773m\/data=!3m1!1e3!4m5!3m4!1s0x0:0x0!8m2!3d40.529014!4d-7.658721\" target=\"_blank\" rel=\"noopener\">GPS:&nbsp; 40\u00b031&#8217;44.5&#8243;N 7\u00b039&#8217;31.4&#8243;W<\/a><\/p>\n<p>10h00 \u00e0s 17H00 &#8211; Verifica\u00e7\u00f5es Administrativas e T\u00e9cnicas Local: Parque Senhora dos Verdes \u2013 Gouveia Descri\u00e7\u00e3o: Nas Administrativas s\u00e3o verificados os documentos da moto e do piloto. Nas T\u00e9cnicas as motos passam por um rigoroso controlo para que tudo esteja em conformidade com a regulamenta\u00e7\u00e3o.<\/p>\n<p><strong>&#8211; Dia 28 \/04\/2017 &#8211; Sexta-feira&nbsp; *&nbsp; <\/strong><a href=\"https:\/\/www.google.pt\/maps\/place\/40%C2%B031'51.5%22N+7%C2%B039'41.7%22W\/@40.5309722,-7.663772,856m\/data=!3m2!1e3!4b1!4m5!3m4!1s0x0:0x0!8m2!3d40.5309722!4d-7.6615833\" target=\"_blank\" rel=\"noopener\">GPS:&nbsp; 40\u00b031&#8217;51.5&#8243;N 7\u00b039&#8217;41.7&#8243;W<\/a><\/p>\n<p>09h00 &#8211; Especial de Treinos Local: Parque Senhora dos Verdes \u2013 Gouveia Descri\u00e7\u00e3o: Pista de treinos onde os pilotos testam e ultimam as afina\u00e7\u00f5es das motas.<\/p>\n<p><strong>&#8211; Dia 29 \/04\/2017 &#8211; S\u00e1bado (Dia 1) <\/strong>&#8211; <strong>Dia 30 \/04\/2017 &#8211; Domingo (Dia 2) * <\/strong><a href=\"https:\/\/www.google.pt\/maps\/place\/40%C2%B031'32.2%22N+7%C2%B039'21.7%22W\/@40.525626,-7.6582117,856m\/data=!3m2!1e3!4b1!4m5!3m4!1s0x0:0x0!8m2!3d40.525626!4d-7.656023\" target=\"_blank\" rel=\"noopener\">GPS:&nbsp; 40\u00b031&#8217;32.2&#8243;N 7\u00b039&#8217;21.7&#8243;W<\/a><\/p>\n<p>09H00 &#8211; Partida primeiro concorrente Especiais: MX \u2013 Especial cronometrada de motocross; ET \u2013 Especial cronometrada de Enduro 15H00 &#8211; Chegada \u00faltimo concorrente 16h00 &#8211; Cerim\u00f3nia Entrega de Pr\u00e9mios Local: Parque Senhora dos Verdes<\/p>\n<ul>\n<li><u>\u2013 Especial Cronometrada de Enduro \u2013 Parque Senhora dos Verdes <\/u><\/li>\n<\/ul>\n<p>09H35 \/ 11H35 \/ 13H35 &#8211;&nbsp; Hora aproximada para o primeiro concorrente. Como Chegar: Estacionar no Parque da Senhora dos Verdes. Dentro do Parque, percorrer cerca de 50 metros a p\u00e9 at\u00e9 \u00e0 especial.&nbsp; Descri\u00e7\u00e3o: A especial cronometrada com cerca de 13 quil\u00f3metros, t\u00e9cnica e rolante, tornando uma especial bastante espetacular<\/p>\n<ul>\n<li>\u2013 <u>Especial Cronometrada de Motocross \u2013 Parque Senhora dos Verdes <\/u><\/li>\n<\/ul>\n<p>10H15 \/ 12H15 \/ 14H15 &#8211;&nbsp; Hora aproximada para o primeiro concorrente. Como Chegar: Estacionar no Parque da Senhora dos Verdes. Dentro do Parque, percorrer cerca de 50 metros a p\u00e9 at\u00e9 \u00e0 especial.&nbsp; Descri\u00e7\u00e3o: A especial cronometrada com cerca de 9 quil\u00f3metros, muito t\u00e9cnica e muitos saltos naturais.<br \/>\n<strong>PERCURSO \u2013 ZONAS ESPET\u00c1CULO &#8211; seguir indica\u00e7\u00f5es <\/strong><\/p>\n<ul>\n<li>&#8211; <u>ZONA ESPET\u00c1CULO 1 \u2013 Trialeira da Mangueira<\/u> *&nbsp; <a href=\"https:\/\/www.google.pt\/maps\/dir\/40%C2%B032%E2%80%9946.8%E2%80%B3N+7%C2%B041%E2%80%9927.8%E2%80%B3W\/40.5290278,-7.6587222\/@40.5385845,-7.6866354,3384m\/data=!3m2!1e3!4b1!4m6!4m5!1m3!2m2!1d-7.6910556!2d40.5463333!1m0\" target=\"_blank\" rel=\"noopener\">GPS: 40\u00b032&#8217;46.8&#8243;N 7\u00b041&#8217;27.8&#8243;W<\/a><\/li>\n<\/ul>\n<p>09H10 \/ 11h15 \/ 13H20 &#8211; Hora aproximada para o primeiro concorrente. Descri\u00e7\u00e3o: Zona de muita dificuldade t\u00e9cnica, \u2018trialeira\u2019 Como Chegar: Sair do Paddock e na estrada nacional Gouveia-Mangualde virar \u00e0 esquerda. Ap\u00f3s +\/-4 km da povoa\u00e7\u00e3o de Cativelos estacionar junto \u00e0 cortada \u00e0 direita em terra batida. &nbsp;Percorrer cerca de 150 metros a p\u00e9 (aten\u00e7\u00e3o aos concorrentes que circulam em sentido contr\u00e1rio).<\/p>\n<ul>\n<li>&#8211; <u>ZONA ESPET\u00c1CULO 2 &#8211; PONTE DAS CANTINAS<\/u> *&nbsp; <a href=\"https:\/\/www.google.pt\/maps\/dir\/40%C2%B032'14.7%22N+7%C2%B041'29.2%22W\/40.5290278,-7.6587222\/@40.5334386,-7.6841732,3384m\/data=!3m2!1e3!4b1!4m6!4m5!1m3!2m2!1d-7.6914444!2d40.5374167!1m0\" target=\"_blank\" rel=\"noopener\">GPS: 40\u00b032&#8217;14.7&#8243;N 7\u00b041&#8217;29.2&#8243;W<\/a><\/li>\n<\/ul>\n<p>09H15 \/ 11H15 \/ 13H15 &#8211; Hora aproximada para o primeiro concorrente. Descri\u00e7\u00e3o: Subida \u00edngreme com alguma pedra solta e travessia do rio junto a ponte romana. Esta \u00e9 uma zona hist\u00f3rica com casas em pedra que est\u00e3o abandonadas; \u201cPonte das Cantinas\u201d Como Chegar: Sair do Paddock e na estrada nacional Gouveia-Mangualde virar \u00e0 esquerda. Ap\u00f3s +\/-3 km da povoa\u00e7\u00e3o de Cativelos estacionar \u00e0 direita junto a casas velhas (aten\u00e7\u00e3o \u00e0 travessia dos concorrentes).&nbsp; \u00c0 direita, por caminho de terra batida, percorrer cerca de 100 metros a p\u00e9 (aten\u00e7\u00e3o aos concorrentes que circulam em sentido contr\u00e1rio).<\/p>\n<ul>\n<li>&#8211; <u>ZONA ESPET\u00c1CULO 3 \u2013 CATIVELOS 1<\/u> * <a href=\"https:\/\/www.google.pt\/maps\/dir\/40%C2%B032'01.9%22N+7%C2%B041'48.5%22W\/40.5290278,-7.6587222\/@40.5308699,-7.6862117,3384m\/data=!3m2!1e3!4b1!4m6!4m5!1m3!2m2!1d-7.6968056!2d40.5338611!1m0\" target=\"_blank\" rel=\"noopener\">GPS: 40\u00b032&#8217;01.9&#8243;N 7\u00b041&#8217;48.5&#8243;W<\/a><\/li>\n<\/ul>\n<p>09H20 \/ 11H20 \/ 13H20 &#8211; Hora aproximada para o primeiro concorrente. Descri\u00e7\u00e3o: Subidas longas algo acentuadas em pedregulhos, dificuldade t\u00e9cnica. Como Chegar: Sair do Paddock e na estrada nacional Gouveia-Mangualde virar \u00e0 esquerda, em Cativelos tomar direc\u00e7\u00e3o a Vila Nova Tazem e depois seguir a placa CEMIT\u00c9RIO. Estacionar o carro e seguir a p\u00e9 durante 100 metros. (aten\u00e7\u00e3o aos concorrentes que circulam em sentido contr\u00e1rio) Nota: Tamb\u00e9m pode aceder a esta zona atrav\u00e9s do acesso da <u>Zona Espect\u00e1culo 2,<\/u> seguir no sentido do percurso dos concorrentes durante 100 metros.<\/p>\n<ul>\n<li>&#8211; <u>ZONA ESPET\u00c1CULO 4 \u2013 CATIVELOS 2 (povoa\u00e7\u00e3o)<\/u> *&nbsp; <a href=\"https:\/\/www.google.pt\/maps\/dir\/40%C2%B031'56.1%22N+7%C2%B041'17.9%22W\/40.5290278,-7.6587222\/@40.5307734,-7.6822902,3384m\/data=!3m2!1e3!4b1!4m6!4m5!1m3!2m2!1d-7.6883056!2d40.53225!1m0\" target=\"_blank\" rel=\"noopener\">GPS: 40\u00b031&#8217;56.1&#8243;N 7\u00b041&#8217;17.9&#8243;W<\/a><\/li>\n<\/ul>\n<p>09H25 \/ 11H35 \/ 13H35 &#8211;&nbsp; Hora aproximada para o primeiro concorrente. Como Chegar: Sair do Paddock e na estrada nacional Gouveia-Mangualde virar \u00e0 esquerda, em Cativelos tomar direc\u00e7\u00e3o a Vila Nova Tazem. Descri\u00e7\u00e3o: Os concorrentes fazem passagem pelo centro da localidade de Cativelos.<\/p>\n<ul>\n<li>&#8211; <u>ZONA ESPET\u00c1CULO 5 &#8211; MINA <\/u>* <a href=\"https:\/\/www.google.pt\/maps\/dir\/40%C2%B031%E2%80%9927.7%E2%80%B3N+7%C2%B037%E2%80%9955.9%E2%80%B3W\/40.5290278,-7.6587222\/@40.52493,-7.6657703,6769m\/data=!3m2!1e3!4b1!4m6!4m5!1m3!2m2!1d-7.6321944!2d40.5243611!1m0\" target=\"_blank\" rel=\"noopener\">GPS: 40\u00b031&#8217;27.7&#8243;N 7\u00b037&#8217;55.9&#8243;W<\/a><\/li>\n<\/ul>\n<p>10H20 \/ 12H20 \/ 14H20&nbsp; &#8211; Hora aproximada para o primeiro concorrente<\/p>\n<p>Como Chegar: Sair do Paddock e na estrada nacional Mangualde-Gouveia virar \u00e0 direita. Seguir a indica\u00e7\u00e3o de Arcozelo e a cerca de 1 km virar \u00e0 direita num caminho de terra batida (n\u00e3o aconselh\u00e1vel a ve\u00edculos ligeiros sem trac\u00e7\u00e3o total) Op\u00e7\u00e3o 2 &#8211; Sair do Paddock e na estrada nacional Mangualde-Gouveia virar \u00e0 direita e seguir sentido Gouveia. Junto \u00e0 GNR seguir o percurso. Descri\u00e7\u00e3o: Nesta Zona os concorrentes passam tr\u00eas vezes num percurso que \u2018quase de toca\u2019. Subidas e descidas acentuadas com muitos calhaus a atrapalhar e alguma lama a dificultar a condu\u00e7\u00e3o. Zonas muitas t\u00e9cnicas.<br \/>\nNOTA:<strong> O parque Senhora dos Verdes tem ao dispor Bares, Restaurantes, Parque de merendas, Zonas de Churrascos, Casas de Banho e zona de estacionamento gratuito.<\/strong><\/p>\n<p>&nbsp;<\/p>\n","protected":false},"excerpt":{"rendered":"<p>Brevemente&#8230;<\/p>\n","protected":false},"author":2,"featured_media":690,"parent":49,"menu_order":0,"comment_status":"closed","ping_status":"closed","template":"","meta":{"footnotes":""},"class_list":["post-55","page","type-page","status-publish","has-post-thumbnail","hentry"],"yoast_head":"<!-- This site is optimized with the Yoast SEO plugin v27.4 - https:\/\/yoast.com\/product\/yoast-seo-wordpress\/ -->\n<title>Onde ver - GP de Portugal<\/title>\n<meta name=\"robots\" content=\"index, follow, max-snippet:-1, max-image-preview:large, max-video-preview:-1\" \/>\n<link rel=\"canonical\" href=\"https:\/\/talentos-objetivos.pt\/wecportugal\/pt\/info-prova\/onde-ver\/\" \/>\n<meta property=\"og:locale\" content=\"pt_PT\" \/>\n<meta property=\"og:type\" content=\"article\" \/>\n<meta property=\"og:title\" content=\"Onde ver - GP de Portugal\" \/>\n<meta property=\"og:description\" content=\"Brevemente...\" \/>\n<meta property=\"og:url\" content=\"https:\/\/talentos-objetivos.pt\/wecportugal\/pt\/info-prova\/onde-ver\/\" \/>\n<meta property=\"og:site_name\" content=\"GP de Portugal\" \/>\n<meta property=\"article:modified_time\" content=\"2022-12-13T08:55:39+00:00\" \/>\n<meta name=\"twitter:card\" content=\"summary_large_image\" \/>\n<meta name=\"twitter:label1\" content=\"Tempo estimado de leitura\" \/>\n\t<meta name=\"twitter:data1\" content=\"5 minutos\" \/>\n<script type=\"application\/ld+json\" class=\"yoast-schema-graph\">{\"@context\":\"https:\\\/\\\/schema.org\",\"@graph\":[{\"@type\":\"WebPage\",\"@id\":\"https:\\\/\\\/talentos-objetivos.pt\\\/wecportugal\\\/pt\\\/info-prova\\\/onde-ver\\\/\",\"url\":\"https:\\\/\\\/talentos-objetivos.pt\\\/wecportugal\\\/pt\\\/info-prova\\\/onde-ver\\\/\",\"name\":\"Onde ver - GP de Portugal\",\"isPartOf\":{\"@id\":\"https:\\\/\\\/talentos-objetivos.pt\\\/wecportugal\\\/#website\"},\"primaryImageOfPage\":{\"@id\":\"https:\\\/\\\/talentos-objetivos.pt\\\/wecportugal\\\/pt\\\/info-prova\\\/onde-ver\\\/#primaryimage\"},\"image\":{\"@id\":\"https:\\\/\\\/talentos-objetivos.pt\\\/wecportugal\\\/pt\\\/info-prova\\\/onde-ver\\\/#primaryimage\"},\"thumbnailUrl\":\"\",\"datePublished\":\"2014-10-08T14:16:17+00:00\",\"dateModified\":\"2022-12-13T08:55:39+00:00\",\"breadcrumb\":{\"@id\":\"https:\\\/\\\/talentos-objetivos.pt\\\/wecportugal\\\/pt\\\/info-prova\\\/onde-ver\\\/#breadcrumb\"},\"inLanguage\":\"pt-PT\",\"potentialAction\":[{\"@type\":\"ReadAction\",\"target\":[\"https:\\\/\\\/talentos-objetivos.pt\\\/wecportugal\\\/pt\\\/info-prova\\\/onde-ver\\\/\"]}]},{\"@type\":\"ImageObject\",\"inLanguage\":\"pt-PT\",\"@id\":\"https:\\\/\\\/talentos-objetivos.pt\\\/wecportugal\\\/pt\\\/info-prova\\\/onde-ver\\\/#primaryimage\",\"url\":\"\",\"contentUrl\":\"\"},{\"@type\":\"BreadcrumbList\",\"@id\":\"https:\\\/\\\/talentos-objetivos.pt\\\/wecportugal\\\/pt\\\/info-prova\\\/onde-ver\\\/#breadcrumb\",\"itemListElement\":[{\"@type\":\"ListItem\",\"position\":1,\"name\":\"In\u00edcio\",\"item\":\"https:\\\/\\\/talentos-objetivos.pt\\\/wecportugal\\\/\"},{\"@type\":\"ListItem\",\"position\":2,\"name\":\"PT\",\"item\":\"https:\\\/\\\/talentos-objetivos.pt\\\/wecportugal\\\/pt\\\/\"},{\"@type\":\"ListItem\",\"position\":3,\"name\":\"Info Prova\",\"item\":\"https:\\\/\\\/talentos-objetivos.pt\\\/wecportugal\\\/pt\\\/info-prova\\\/\"},{\"@type\":\"ListItem\",\"position\":4,\"name\":\"Onde ver\"}]},{\"@type\":\"WebSite\",\"@id\":\"https:\\\/\\\/talentos-objetivos.pt\\\/wecportugal\\\/#website\",\"url\":\"https:\\\/\\\/talentos-objetivos.pt\\\/wecportugal\\\/\",\"name\":\"GP de Portugal\",\"description\":\"European Enduro Championship  - Gouveia\",\"potentialAction\":[{\"@type\":\"SearchAction\",\"target\":{\"@type\":\"EntryPoint\",\"urlTemplate\":\"https:\\\/\\\/talentos-objetivos.pt\\\/wecportugal\\\/?s={search_term_string}\"},\"query-input\":{\"@type\":\"PropertyValueSpecification\",\"valueRequired\":true,\"valueName\":\"search_term_string\"}}],\"inLanguage\":\"pt-PT\"}]}<\/script>\n<!-- \/ Yoast SEO plugin. -->","yoast_head_json":{"title":"Onde ver - GP de Portugal","robots":{"index":"index","follow":"follow","max-snippet":"max-snippet:-1","max-image-preview":"max-image-preview:large","max-video-preview":"max-video-preview:-1"},"canonical":"https:\/\/talentos-objetivos.pt\/wecportugal\/pt\/info-prova\/onde-ver\/","og_locale":"pt_PT","og_type":"article","og_title":"Onde ver - GP de Portugal","og_description":"Brevemente...","og_url":"https:\/\/talentos-objetivos.pt\/wecportugal\/pt\/info-prova\/onde-ver\/","og_site_name":"GP de Portugal","article_modified_time":"2022-12-13T08:55:39+00:00","twitter_card":"summary_large_image","twitter_misc":{"Tempo estimado de leitura":"5 minutos"},"schema":{"@context":"https:\/\/schema.org","@graph":[{"@type":"WebPage","@id":"https:\/\/talentos-objetivos.pt\/wecportugal\/pt\/info-prova\/onde-ver\/","url":"https:\/\/talentos-objetivos.pt\/wecportugal\/pt\/info-prova\/onde-ver\/","name":"Onde ver - GP de Portugal","isPartOf":{"@id":"https:\/\/talentos-objetivos.pt\/wecportugal\/#website"},"primaryImageOfPage":{"@id":"https:\/\/talentos-objetivos.pt\/wecportugal\/pt\/info-prova\/onde-ver\/#primaryimage"},"image":{"@id":"https:\/\/talentos-objetivos.pt\/wecportugal\/pt\/info-prova\/onde-ver\/#primaryimage"},"thumbnailUrl":"","datePublished":"2014-10-08T14:16:17+00:00","dateModified":"2022-12-13T08:55:39+00:00","breadcrumb":{"@id":"https:\/\/talentos-objetivos.pt\/wecportugal\/pt\/info-prova\/onde-ver\/#breadcrumb"},"inLanguage":"pt-PT","potentialAction":[{"@type":"ReadAction","target":["https:\/\/talentos-objetivos.pt\/wecportugal\/pt\/info-prova\/onde-ver\/"]}]},{"@type":"ImageObject","inLanguage":"pt-PT","@id":"https:\/\/talentos-objetivos.pt\/wecportugal\/pt\/info-prova\/onde-ver\/#primaryimage","url":"","contentUrl":""},{"@type":"BreadcrumbList","@id":"https:\/\/talentos-objetivos.pt\/wecportugal\/pt\/info-prova\/onde-ver\/#breadcrumb","itemListElement":[{"@type":"ListItem","position":1,"name":"In\u00edcio","item":"https:\/\/talentos-objetivos.pt\/wecportugal\/"},{"@type":"ListItem","position":2,"name":"PT","item":"https:\/\/talentos-objetivos.pt\/wecportugal\/pt\/"},{"@type":"ListItem","position":3,"name":"Info Prova","item":"https:\/\/talentos-objetivos.pt\/wecportugal\/pt\/info-prova\/"},{"@type":"ListItem","position":4,"name":"Onde ver"}]},{"@type":"WebSite","@id":"https:\/\/talentos-objetivos.pt\/wecportugal\/#website","url":"https:\/\/talentos-objetivos.pt\/wecportugal\/","name":"GP de Portugal","description":"European Enduro Championship  - Gouveia","potentialAction":[{"@type":"SearchAction","target":{"@type":"EntryPoint","urlTemplate":"https:\/\/talentos-objetivos.pt\/wecportugal\/?s={search_term_string}"},"query-input":{"@type":"PropertyValueSpecification","valueRequired":true,"valueName":"search_term_string"}}],"inLanguage":"pt-PT"}]}},"_links":{"self":[{"href":"https:\/\/talentos-objetivos.pt\/wecportugal\/wp-json\/wp\/v2\/pages\/55","targetHints":{"allow":["GET"]}}],"collection":[{"href":"https:\/\/talentos-objetivos.pt\/wecportugal\/wp-json\/wp\/v2\/pages"}],"about":[{"href":"https:\/\/talentos-objetivos.pt\/wecportugal\/wp-json\/wp\/v2\/types\/page"}],"author":[{"embeddable":true,"href":"https:\/\/talentos-objetivos.pt\/wecportugal\/wp-json\/wp\/v2\/users\/2"}],"replies":[{"embeddable":true,"href":"https:\/\/talentos-objetivos.pt\/wecportugal\/wp-json\/wp\/v2\/comments?post=55"}],"version-history":[{"count":0,"href":"https:\/\/talentos-objetivos.pt\/wecportugal\/wp-json\/wp\/v2\/pages\/55\/revisions"}],"up":[{"embeddable":true,"href":"https:\/\/talentos-objetivos.pt\/wecportugal\/wp-json\/wp\/v2\/pages\/49"}],"wp:featuredmedia":[{"embeddable":true,"href":"https:\/\/talentos-objetivos.pt\/wecportugal\/wp-json\/"}],"wp:attachment":[{"href":"https:\/\/talentos-objetivos.pt\/wecportugal\/wp-json\/wp\/v2\/media?parent=55"}],"curies":[{"name":"wp","href":"https:\/\/api.w.org\/{rel}","templated":true}]}}