{"id":57,"date":"2014-10-08T14:17:19","date_gmt":"2014-10-08T14:17:19","guid":{"rendered":"http:\/\/wecportugal.talentos-objetivos.pt\/?page_id=57"},"modified":"2022-12-13T09:02:45","modified_gmt":"2022-12-13T09:02:45","slug":"paddock","status":"publish","type":"page","link":"https:\/\/talentos-objetivos.pt\/wecportugal\/pt\/info-prova\/paddock\/","title":{"rendered":"Paddock"},"content":{"rendered":"<ul>\n<li>\n<h4>Parque Senhora dos Verdes<\/h4>\n<\/li>\n<\/ul>\n<p style=\"text-align: justify\"><img loading=\"lazy\" decoding=\"async\" class=\"alignleft size-medium wp-image-951\" src=\"https:\/\/talentos-objetivos.pt\/wecportugal\/wp-content\/uploads\/sites\/6\/2022\/12\/paddocKmisto-256x300-1.jpg\" alt=\"paddocKmisto\" width=\"256\" height=\"300\">O Parque da Senhora dos Verdes, est\u00e1 integrado no Monte Alj\u00e3o, que tem cerca de 2000 hectares, \u00e9 propriedade desde 1880, da ABPG &#8211; Associa\u00e7\u00e3o de Benefic\u00eancia Popular de Gouveia, Institui\u00e7\u00e3o Particular de Solidariedade Social e fica situado na freguesia de Cativelos no Concelho de Gouveia.<\/p>\n<div style=\"text-align: justify\">O Parque da Senhora dos Verdes tem 22 hectares infraestruturados e vedados, acrescidos de mais 120 hectares de terreno natural, arborizados com pinheiro manso e bravo e outras esp\u00e9cies de \u00e1rvores e arbustos da regi\u00e3o e com um tra\u00e7ado de alguns quil\u00f3metros de&nbsp;caminhos naturais, onde&nbsp;se podem desenvolver m\u00faltiplas atividades e desportos.<\/div>\n<div style=\"text-align: justify\">O Parque de Nossa Senhora dos Verdes &#8211; Alj\u00e3o foi desde sempre um local de romaria anual, celebrando-se em Junho as festividades religiosas em homenagem \u00e0 Santa.<\/div>\n<div style=\"text-align: justify\"><\/div>\n<div style=\"text-align: justify\"><\/div>\n<div style=\"text-align: justify\"><img loading=\"lazy\" decoding=\"async\" class=\"alignleft wp-image-1988\" src=\"https:\/\/talentos-objetivos.pt\/wecportugal\/wp-content\/uploads\/sites\/6\/2022\/12\/DJI01326-768x432-1.jpg\" alt=\"DJI01326\" width=\"535\" height=\"301\"><\/div>\n","protected":false},"excerpt":{"rendered":"<p>Parque Senhora dos Verdes O Parque da Senhora dos Verdes, est\u00e1 integrado no Monte Alj\u00e3o, que tem cerca de 2000 hectares, \u00e9 propriedade desde 1880, da ABPG &#8211; Associa\u00e7\u00e3o de Benefic\u00eancia Popular de Gouveia, Institui\u00e7\u00e3o Particular de Solidariedade Social e fica situado na freguesia de Cativelos no Concelho de Gouveia.&hellip; <\/p>\n","protected":false},"author":2,"featured_media":0,"parent":49,"menu_order":0,"comment_status":"closed","ping_status":"closed","template":"","meta":{"footnotes":""},"class_list":["post-57","page","type-page","status-publish","hentry"],"yoast_head":"<!-- This site is optimized with the Yoast SEO plugin v27.4 - https:\/\/yoast.com\/product\/yoast-seo-wordpress\/ -->\n<title>Paddock - GP de Portugal<\/title>\n<meta name=\"robots\" content=\"index, follow, max-snippet:-1, max-image-preview:large, max-video-preview:-1\" \/>\n<link rel=\"canonical\" href=\"https:\/\/talentos-objetivos.pt\/wecportugal\/pt\/info-prova\/paddock\/\" \/>\n<meta property=\"og:locale\" content=\"pt_PT\" \/>\n<meta property=\"og:type\" content=\"article\" \/>\n<meta property=\"og:title\" content=\"Paddock - GP de Portugal\" \/>\n<meta property=\"og:description\" content=\"Parque Senhora dos Verdes O Parque da Senhora dos Verdes, est\u00e1 integrado no Monte Alj\u00e3o, que tem cerca de 2000 hectares, \u00e9 propriedade desde 1880, da ABPG &#8211; Associa\u00e7\u00e3o de Benefic\u00eancia Popular de Gouveia, Institui\u00e7\u00e3o Particular de Solidariedade Social e fica situado na freguesia de Cativelos no Concelho de Gouveia.&hellip;\" \/>\n<meta property=\"og:url\" content=\"https:\/\/talentos-objetivos.pt\/wecportugal\/pt\/info-prova\/paddock\/\" \/>\n<meta property=\"og:site_name\" content=\"GP de Portugal\" \/>\n<meta property=\"article:modified_time\" content=\"2022-12-13T09:02:45+00:00\" \/>\n<meta name=\"twitter:card\" content=\"summary_large_image\" \/>\n<meta name=\"twitter:label1\" content=\"Tempo estimado de leitura\" \/>\n\t<meta name=\"twitter:data1\" content=\"1 minuto\" \/>\n<script type=\"application\/ld+json\" class=\"yoast-schema-graph\">{\"@context\":\"https:\\\/\\\/schema.org\",\"@graph\":[{\"@type\":\"WebPage\",\"@id\":\"https:\\\/\\\/talentos-objetivos.pt\\\/wecportugal\\\/pt\\\/info-prova\\\/paddock\\\/\",\"url\":\"https:\\\/\\\/talentos-objetivos.pt\\\/wecportugal\\\/pt\\\/info-prova\\\/paddock\\\/\",\"name\":\"Paddock - GP de Portugal\",\"isPartOf\":{\"@id\":\"https:\\\/\\\/talentos-objetivos.pt\\\/wecportugal\\\/#website\"},\"primaryImageOfPage\":{\"@id\":\"https:\\\/\\\/talentos-objetivos.pt\\\/wecportugal\\\/pt\\\/info-prova\\\/paddock\\\/#primaryimage\"},\"image\":{\"@id\":\"https:\\\/\\\/talentos-objetivos.pt\\\/wecportugal\\\/pt\\\/info-prova\\\/paddock\\\/#primaryimage\"},\"thumbnailUrl\":\"https:\\\/\\\/talentos-objetivos.pt\\\/wecportugal\\\/wp-content\\\/uploads\\\/sites\\\/6\\\/2022\\\/12\\\/paddocKmisto-256x300-1.jpg\",\"datePublished\":\"2014-10-08T14:17:19+00:00\",\"dateModified\":\"2022-12-13T09:02:45+00:00\",\"breadcrumb\":{\"@id\":\"https:\\\/\\\/talentos-objetivos.pt\\\/wecportugal\\\/pt\\\/info-prova\\\/paddock\\\/#breadcrumb\"},\"inLanguage\":\"pt-PT\",\"potentialAction\":[{\"@type\":\"ReadAction\",\"target\":[\"https:\\\/\\\/talentos-objetivos.pt\\\/wecportugal\\\/pt\\\/info-prova\\\/paddock\\\/\"]}]},{\"@type\":\"ImageObject\",\"inLanguage\":\"pt-PT\",\"@id\":\"https:\\\/\\\/talentos-objetivos.pt\\\/wecportugal\\\/pt\\\/info-prova\\\/paddock\\\/#primaryimage\",\"url\":\"\",\"contentUrl\":\"\"},{\"@type\":\"BreadcrumbList\",\"@id\":\"https:\\\/\\\/talentos-objetivos.pt\\\/wecportugal\\\/pt\\\/info-prova\\\/paddock\\\/#breadcrumb\",\"itemListElement\":[{\"@type\":\"ListItem\",\"position\":1,\"name\":\"In\u00edcio\",\"item\":\"https:\\\/\\\/talentos-objetivos.pt\\\/wecportugal\\\/\"},{\"@type\":\"ListItem\",\"position\":2,\"name\":\"PT\",\"item\":\"https:\\\/\\\/talentos-objetivos.pt\\\/wecportugal\\\/pt\\\/\"},{\"@type\":\"ListItem\",\"position\":3,\"name\":\"Info Prova\",\"item\":\"https:\\\/\\\/talentos-objetivos.pt\\\/wecportugal\\\/pt\\\/info-prova\\\/\"},{\"@type\":\"ListItem\",\"position\":4,\"name\":\"Paddock\"}]},{\"@type\":\"WebSite\",\"@id\":\"https:\\\/\\\/talentos-objetivos.pt\\\/wecportugal\\\/#website\",\"url\":\"https:\\\/\\\/talentos-objetivos.pt\\\/wecportugal\\\/\",\"name\":\"GP de Portugal\",\"description\":\"European Enduro Championship  - Gouveia\",\"potentialAction\":[{\"@type\":\"SearchAction\",\"target\":{\"@type\":\"EntryPoint\",\"urlTemplate\":\"https:\\\/\\\/talentos-objetivos.pt\\\/wecportugal\\\/?s={search_term_string}\"},\"query-input\":{\"@type\":\"PropertyValueSpecification\",\"valueRequired\":true,\"valueName\":\"search_term_string\"}}],\"inLanguage\":\"pt-PT\"}]}<\/script>\n<!-- \/ Yoast SEO plugin. -->","yoast_head_json":{"title":"Paddock - GP de Portugal","robots":{"index":"index","follow":"follow","max-snippet":"max-snippet:-1","max-image-preview":"max-image-preview:large","max-video-preview":"max-video-preview:-1"},"canonical":"https:\/\/talentos-objetivos.pt\/wecportugal\/pt\/info-prova\/paddock\/","og_locale":"pt_PT","og_type":"article","og_title":"Paddock - GP de Portugal","og_description":"Parque Senhora dos Verdes O Parque da Senhora dos Verdes, est\u00e1 integrado no Monte Alj\u00e3o, que tem cerca de 2000 hectares, \u00e9 propriedade desde 1880, da ABPG &#8211; Associa\u00e7\u00e3o de Benefic\u00eancia Popular de Gouveia, Institui\u00e7\u00e3o Particular de Solidariedade Social e fica situado na freguesia de Cativelos no Concelho de Gouveia.&hellip;","og_url":"https:\/\/talentos-objetivos.pt\/wecportugal\/pt\/info-prova\/paddock\/","og_site_name":"GP de Portugal","article_modified_time":"2022-12-13T09:02:45+00:00","twitter_card":"summary_large_image","twitter_misc":{"Tempo estimado de leitura":"1 minuto"},"schema":{"@context":"https:\/\/schema.org","@graph":[{"@type":"WebPage","@id":"https:\/\/talentos-objetivos.pt\/wecportugal\/pt\/info-prova\/paddock\/","url":"https:\/\/talentos-objetivos.pt\/wecportugal\/pt\/info-prova\/paddock\/","name":"Paddock - GP de Portugal","isPartOf":{"@id":"https:\/\/talentos-objetivos.pt\/wecportugal\/#website"},"primaryImageOfPage":{"@id":"https:\/\/talentos-objetivos.pt\/wecportugal\/pt\/info-prova\/paddock\/#primaryimage"},"image":{"@id":"https:\/\/talentos-objetivos.pt\/wecportugal\/pt\/info-prova\/paddock\/#primaryimage"},"thumbnailUrl":"https:\/\/talentos-objetivos.pt\/wecportugal\/wp-content\/uploads\/sites\/6\/2022\/12\/paddocKmisto-256x300-1.jpg","datePublished":"2014-10-08T14:17:19+00:00","dateModified":"2022-12-13T09:02:45+00:00","breadcrumb":{"@id":"https:\/\/talentos-objetivos.pt\/wecportugal\/pt\/info-prova\/paddock\/#breadcrumb"},"inLanguage":"pt-PT","potentialAction":[{"@type":"ReadAction","target":["https:\/\/talentos-objetivos.pt\/wecportugal\/pt\/info-prova\/paddock\/"]}]},{"@type":"ImageObject","inLanguage":"pt-PT","@id":"https:\/\/talentos-objetivos.pt\/wecportugal\/pt\/info-prova\/paddock\/#primaryimage","url":"","contentUrl":""},{"@type":"BreadcrumbList","@id":"https:\/\/talentos-objetivos.pt\/wecportugal\/pt\/info-prova\/paddock\/#breadcrumb","itemListElement":[{"@type":"ListItem","position":1,"name":"In\u00edcio","item":"https:\/\/talentos-objetivos.pt\/wecportugal\/"},{"@type":"ListItem","position":2,"name":"PT","item":"https:\/\/talentos-objetivos.pt\/wecportugal\/pt\/"},{"@type":"ListItem","position":3,"name":"Info Prova","item":"https:\/\/talentos-objetivos.pt\/wecportugal\/pt\/info-prova\/"},{"@type":"ListItem","position":4,"name":"Paddock"}]},{"@type":"WebSite","@id":"https:\/\/talentos-objetivos.pt\/wecportugal\/#website","url":"https:\/\/talentos-objetivos.pt\/wecportugal\/","name":"GP de Portugal","description":"European Enduro Championship  - Gouveia","potentialAction":[{"@type":"SearchAction","target":{"@type":"EntryPoint","urlTemplate":"https:\/\/talentos-objetivos.pt\/wecportugal\/?s={search_term_string}"},"query-input":{"@type":"PropertyValueSpecification","valueRequired":true,"valueName":"search_term_string"}}],"inLanguage":"pt-PT"}]}},"_links":{"self":[{"href":"https:\/\/talentos-objetivos.pt\/wecportugal\/wp-json\/wp\/v2\/pages\/57","targetHints":{"allow":["GET"]}}],"collection":[{"href":"https:\/\/talentos-objetivos.pt\/wecportugal\/wp-json\/wp\/v2\/pages"}],"about":[{"href":"https:\/\/talentos-objetivos.pt\/wecportugal\/wp-json\/wp\/v2\/types\/page"}],"author":[{"embeddable":true,"href":"https:\/\/talentos-objetivos.pt\/wecportugal\/wp-json\/wp\/v2\/users\/2"}],"replies":[{"embeddable":true,"href":"https:\/\/talentos-objetivos.pt\/wecportugal\/wp-json\/wp\/v2\/comments?post=57"}],"version-history":[{"count":0,"href":"https:\/\/talentos-objetivos.pt\/wecportugal\/wp-json\/wp\/v2\/pages\/57\/revisions"}],"up":[{"embeddable":true,"href":"https:\/\/talentos-objetivos.pt\/wecportugal\/wp-json\/wp\/v2\/pages\/49"}],"wp:attachment":[{"href":"https:\/\/talentos-objetivos.pt\/wecportugal\/wp-json\/wp\/v2\/media?parent=57"}],"curies":[{"name":"wp","href":"https:\/\/api.w.org\/{rel}","templated":true}]}}