{"id":666,"date":"2014-12-05T14:11:46","date_gmt":"2014-12-05T14:11:46","guid":{"rendered":"http:\/\/wecportugal.talentos-objetivos.pt\/?page_id=666"},"modified":"2022-12-13T08:31:20","modified_gmt":"2022-12-13T08:31:20","slug":"a-cidade","status":"publish","type":"page","link":"https:\/\/talentos-objetivos.pt\/wecportugal\/pt\/cidade-de-gouveia\/a-cidade\/","title":{"rendered":"A Cidade"},"content":{"rendered":"\n<p class=\"has-text-align-center\"><img loading=\"lazy\" decoding=\"async\" width=\"700\" height=\"281\" class=\"wp-image-2957\" style=\"\" src=\"https:\/\/talentos-objetivos.pt\/wecportugal\/wp-content\/uploads\/sites\/6\/2022\/12\/Gouveia_Cidade_CMG.png\" alt=\"\" srcset=\"https:\/\/talentos-objetivos.pt\/wecportugal\/wp-content\/uploads\/sites\/6\/2022\/12\/Gouveia_Cidade_CMG.png 700w, https:\/\/talentos-objetivos.pt\/wecportugal\/wp-content\/uploads\/sites\/6\/2022\/12\/Gouveia_Cidade_CMG-300x120.png 300w\" sizes=\"auto, (max-width: 700px) 100vw, 700px\" \/><\/p>\n\n\n\n<p class=\"has-text-align-right\">Gouveia \u00e9 uma cidade portuguesa pertencente ao Distrito da Guarda, Regi\u00e3o Centro e Sub-Regi\u00e3o da Serra da Estrela, com cerca de 3.500 habitantes. Situada no sop\u00e9 do maior sistema montanhoso portugu\u00eas, a cerca de 700 metros de altura, oferece a quem a visita uma experi\u00eancia aut\u00eantica de turismo alternativo, onde as sensa\u00e7\u00f5es, a natureza, a hist\u00f3ria, o patrim\u00f3nio, a gastronomia e a cultura caracterizam as principais atra\u00e7\u00f5es.<\/p>\n\n\n\n<p>Enquadrada na encosta noroeste da Serra da Estrela, o Concelho de Gouveia convida-o \u00e0 descoberta da natureza, envolvido pelas tradi\u00e7\u00f5es e a hospitalidade das gentes serranas. Aliando o desporto \u00e0s mais importantes conota\u00e7\u00f5es locais, esperamos por si para desfrutar do que de melhor Gouveia tem para lhe oferecer.<\/p>\n\n\n\n<p>Saiba mais sobre Gouveia <strong><a title=\"Site Gouveia\" href=\"http:\/\/www.cm-gouveia.pt\/\" target=\"_blank\" rel=\"noopener\">AQUI<\/a><\/strong><\/p>\n\n\n\n<div class=\"wp-block-image\"><figure class=\"aligncenter size-full\"><img loading=\"lazy\" decoding=\"async\" width=\"648\" height=\"611\" src=\"https:\/\/talentos-objetivos.pt\/wecportugal\/wp-content\/uploads\/sites\/6\/2022\/12\/mapa-gouveia.png\" alt=\"\" class=\"wp-image-2960\" srcset=\"https:\/\/talentos-objetivos.pt\/wecportugal\/wp-content\/uploads\/sites\/6\/2022\/12\/mapa-gouveia.png 648w, https:\/\/talentos-objetivos.pt\/wecportugal\/wp-content\/uploads\/sites\/6\/2022\/12\/mapa-gouveia-300x283.png 300w\" sizes=\"auto, (max-width: 648px) 100vw, 648px\" \/><\/figure><\/div>\n\n\n\n<p><\/p>\n","protected":false},"excerpt":{"rendered":"<p>Esperamos por si para desfrutar do que de melhor Gouveia tem para oferecer<\/p>\n","protected":false},"author":2,"featured_media":704,"parent":33,"menu_order":0,"comment_status":"closed","ping_status":"closed","template":"","meta":{"footnotes":""},"class_list":["post-666","page","type-page","status-publish","has-post-thumbnail","hentry"],"yoast_head":"<!-- This site is optimized with the Yoast SEO plugin v27.5 - https:\/\/yoast.com\/product\/yoast-seo-wordpress\/ -->\n<title>A Cidade - GP de Portugal<\/title>\n<meta name=\"robots\" content=\"index, follow, max-snippet:-1, max-image-preview:large, max-video-preview:-1\" \/>\n<link rel=\"canonical\" href=\"https:\/\/talentos-objetivos.pt\/wecportugal\/pt\/cidade-de-gouveia\/a-cidade\/\" \/>\n<meta property=\"og:locale\" content=\"pt_PT\" \/>\n<meta property=\"og:type\" content=\"article\" \/>\n<meta property=\"og:title\" content=\"A Cidade - GP de Portugal\" \/>\n<meta property=\"og:description\" content=\"Esperamos por si para desfrutar do que de melhor Gouveia tem para oferecer\" \/>\n<meta property=\"og:url\" content=\"https:\/\/talentos-objetivos.pt\/wecportugal\/pt\/cidade-de-gouveia\/a-cidade\/\" \/>\n<meta property=\"og:site_name\" content=\"GP de Portugal\" \/>\n<meta property=\"article:modified_time\" content=\"2022-12-13T08:31:20+00:00\" \/>\n<meta name=\"twitter:card\" content=\"summary_large_image\" \/>\n<meta name=\"twitter:label1\" content=\"Tempo estimado de leitura\" \/>\n\t<meta name=\"twitter:data1\" content=\"1 minuto\" \/>\n<script type=\"application\/ld+json\" class=\"yoast-schema-graph\">{\"@context\":\"https:\\\/\\\/schema.org\",\"@graph\":[{\"@type\":\"WebPage\",\"@id\":\"https:\\\/\\\/talentos-objetivos.pt\\\/wecportugal\\\/pt\\\/cidade-de-gouveia\\\/a-cidade\\\/\",\"url\":\"https:\\\/\\\/talentos-objetivos.pt\\\/wecportugal\\\/pt\\\/cidade-de-gouveia\\\/a-cidade\\\/\",\"name\":\"A Cidade - GP de Portugal\",\"isPartOf\":{\"@id\":\"https:\\\/\\\/talentos-objetivos.pt\\\/wecportugal\\\/#website\"},\"primaryImageOfPage\":{\"@id\":\"https:\\\/\\\/talentos-objetivos.pt\\\/wecportugal\\\/pt\\\/cidade-de-gouveia\\\/a-cidade\\\/#primaryimage\"},\"image\":{\"@id\":\"https:\\\/\\\/talentos-objetivos.pt\\\/wecportugal\\\/pt\\\/cidade-de-gouveia\\\/a-cidade\\\/#primaryimage\"},\"thumbnailUrl\":\"\",\"datePublished\":\"2014-12-05T14:11:46+00:00\",\"dateModified\":\"2022-12-13T08:31:20+00:00\",\"breadcrumb\":{\"@id\":\"https:\\\/\\\/talentos-objetivos.pt\\\/wecportugal\\\/pt\\\/cidade-de-gouveia\\\/a-cidade\\\/#breadcrumb\"},\"inLanguage\":\"pt-PT\",\"potentialAction\":[{\"@type\":\"ReadAction\",\"target\":[\"https:\\\/\\\/talentos-objetivos.pt\\\/wecportugal\\\/pt\\\/cidade-de-gouveia\\\/a-cidade\\\/\"]}]},{\"@type\":\"ImageObject\",\"inLanguage\":\"pt-PT\",\"@id\":\"https:\\\/\\\/talentos-objetivos.pt\\\/wecportugal\\\/pt\\\/cidade-de-gouveia\\\/a-cidade\\\/#primaryimage\",\"url\":\"\",\"contentUrl\":\"\"},{\"@type\":\"BreadcrumbList\",\"@id\":\"https:\\\/\\\/talentos-objetivos.pt\\\/wecportugal\\\/pt\\\/cidade-de-gouveia\\\/a-cidade\\\/#breadcrumb\",\"itemListElement\":[{\"@type\":\"ListItem\",\"position\":1,\"name\":\"In\u00edcio\",\"item\":\"https:\\\/\\\/talentos-objetivos.pt\\\/wecportugal\\\/\"},{\"@type\":\"ListItem\",\"position\":2,\"name\":\"PT\",\"item\":\"https:\\\/\\\/talentos-objetivos.pt\\\/wecportugal\\\/pt\\\/\"},{\"@type\":\"ListItem\",\"position\":3,\"name\":\"Cidade de Gouveia\",\"item\":\"https:\\\/\\\/talentos-objetivos.pt\\\/wecportugal\\\/pt\\\/cidade-de-gouveia\\\/\"},{\"@type\":\"ListItem\",\"position\":4,\"name\":\"A Cidade\"}]},{\"@type\":\"WebSite\",\"@id\":\"https:\\\/\\\/talentos-objetivos.pt\\\/wecportugal\\\/#website\",\"url\":\"https:\\\/\\\/talentos-objetivos.pt\\\/wecportugal\\\/\",\"name\":\"GP de Portugal\",\"description\":\"European Enduro Championship  - Gouveia\",\"potentialAction\":[{\"@type\":\"SearchAction\",\"target\":{\"@type\":\"EntryPoint\",\"urlTemplate\":\"https:\\\/\\\/talentos-objetivos.pt\\\/wecportugal\\\/?s={search_term_string}\"},\"query-input\":{\"@type\":\"PropertyValueSpecification\",\"valueRequired\":true,\"valueName\":\"search_term_string\"}}],\"inLanguage\":\"pt-PT\"}]}<\/script>\n<!-- \/ Yoast SEO plugin. -->","yoast_head_json":{"title":"A Cidade - GP de Portugal","robots":{"index":"index","follow":"follow","max-snippet":"max-snippet:-1","max-image-preview":"max-image-preview:large","max-video-preview":"max-video-preview:-1"},"canonical":"https:\/\/talentos-objetivos.pt\/wecportugal\/pt\/cidade-de-gouveia\/a-cidade\/","og_locale":"pt_PT","og_type":"article","og_title":"A Cidade - GP de Portugal","og_description":"Esperamos por si para desfrutar do que de melhor Gouveia tem para oferecer","og_url":"https:\/\/talentos-objetivos.pt\/wecportugal\/pt\/cidade-de-gouveia\/a-cidade\/","og_site_name":"GP de Portugal","article_modified_time":"2022-12-13T08:31:20+00:00","twitter_card":"summary_large_image","twitter_misc":{"Tempo estimado de leitura":"1 minuto"},"schema":{"@context":"https:\/\/schema.org","@graph":[{"@type":"WebPage","@id":"https:\/\/talentos-objetivos.pt\/wecportugal\/pt\/cidade-de-gouveia\/a-cidade\/","url":"https:\/\/talentos-objetivos.pt\/wecportugal\/pt\/cidade-de-gouveia\/a-cidade\/","name":"A Cidade - GP de Portugal","isPartOf":{"@id":"https:\/\/talentos-objetivos.pt\/wecportugal\/#website"},"primaryImageOfPage":{"@id":"https:\/\/talentos-objetivos.pt\/wecportugal\/pt\/cidade-de-gouveia\/a-cidade\/#primaryimage"},"image":{"@id":"https:\/\/talentos-objetivos.pt\/wecportugal\/pt\/cidade-de-gouveia\/a-cidade\/#primaryimage"},"thumbnailUrl":"","datePublished":"2014-12-05T14:11:46+00:00","dateModified":"2022-12-13T08:31:20+00:00","breadcrumb":{"@id":"https:\/\/talentos-objetivos.pt\/wecportugal\/pt\/cidade-de-gouveia\/a-cidade\/#breadcrumb"},"inLanguage":"pt-PT","potentialAction":[{"@type":"ReadAction","target":["https:\/\/talentos-objetivos.pt\/wecportugal\/pt\/cidade-de-gouveia\/a-cidade\/"]}]},{"@type":"ImageObject","inLanguage":"pt-PT","@id":"https:\/\/talentos-objetivos.pt\/wecportugal\/pt\/cidade-de-gouveia\/a-cidade\/#primaryimage","url":"","contentUrl":""},{"@type":"BreadcrumbList","@id":"https:\/\/talentos-objetivos.pt\/wecportugal\/pt\/cidade-de-gouveia\/a-cidade\/#breadcrumb","itemListElement":[{"@type":"ListItem","position":1,"name":"In\u00edcio","item":"https:\/\/talentos-objetivos.pt\/wecportugal\/"},{"@type":"ListItem","position":2,"name":"PT","item":"https:\/\/talentos-objetivos.pt\/wecportugal\/pt\/"},{"@type":"ListItem","position":3,"name":"Cidade de Gouveia","item":"https:\/\/talentos-objetivos.pt\/wecportugal\/pt\/cidade-de-gouveia\/"},{"@type":"ListItem","position":4,"name":"A Cidade"}]},{"@type":"WebSite","@id":"https:\/\/talentos-objetivos.pt\/wecportugal\/#website","url":"https:\/\/talentos-objetivos.pt\/wecportugal\/","name":"GP de Portugal","description":"European Enduro Championship  - Gouveia","potentialAction":[{"@type":"SearchAction","target":{"@type":"EntryPoint","urlTemplate":"https:\/\/talentos-objetivos.pt\/wecportugal\/?s={search_term_string}"},"query-input":{"@type":"PropertyValueSpecification","valueRequired":true,"valueName":"search_term_string"}}],"inLanguage":"pt-PT"}]}},"_links":{"self":[{"href":"https:\/\/talentos-objetivos.pt\/wecportugal\/wp-json\/wp\/v2\/pages\/666","targetHints":{"allow":["GET"]}}],"collection":[{"href":"https:\/\/talentos-objetivos.pt\/wecportugal\/wp-json\/wp\/v2\/pages"}],"about":[{"href":"https:\/\/talentos-objetivos.pt\/wecportugal\/wp-json\/wp\/v2\/types\/page"}],"author":[{"embeddable":true,"href":"https:\/\/talentos-objetivos.pt\/wecportugal\/wp-json\/wp\/v2\/users\/2"}],"replies":[{"embeddable":true,"href":"https:\/\/talentos-objetivos.pt\/wecportugal\/wp-json\/wp\/v2\/comments?post=666"}],"version-history":[{"count":0,"href":"https:\/\/talentos-objetivos.pt\/wecportugal\/wp-json\/wp\/v2\/pages\/666\/revisions"}],"up":[{"embeddable":true,"href":"https:\/\/talentos-objetivos.pt\/wecportugal\/wp-json\/wp\/v2\/pages\/33"}],"wp:featuredmedia":[{"embeddable":true,"href":"https:\/\/talentos-objetivos.pt\/wecportugal\/wp-json\/"}],"wp:attachment":[{"href":"https:\/\/talentos-objetivos.pt\/wecportugal\/wp-json\/wp\/v2\/media?parent=666"}],"curies":[{"name":"wp","href":"https:\/\/api.w.org\/{rel}","templated":true}]}}