{"id":713,"date":"2014-12-05T22:42:45","date_gmt":"2014-12-05T22:42:45","guid":{"rendered":"http:\/\/wecportugal.talentos-objetivos.pt\/?page_id=713"},"modified":"2022-12-13T10:10:49","modified_gmt":"2022-12-13T10:10:49","slug":"videos","status":"publish","type":"page","link":"https:\/\/talentos-objetivos.pt\/wecportugal\/videos\/","title":{"rendered":"V\u00eddeos"},"content":{"rendered":"<p><span id=\"eow-title\" class=\"watch-title \" dir=\"ltr\" title=\"EnduroGP Portugal 2016 - Highlights Day 2\">\u2013&nbsp;EEC 2017 | GP Portugal \u2013 Gouveia |&nbsp;<span id=\"eow-title\" class=\"watch-title \" dir=\"ltr\" title=\"EnduroGP Portugal 2016 - Highlights Day 1\">Highlights Day 2<\/span><\/span><\/p>\n<p><iframe loading=\"lazy\" src=\"https:\/\/www.youtube.com\/embed\/Kg-IOSyup3A?feature=oembed\" allowfullscreen=\"\" width=\"700\" height=\"394\" frameborder=\"0\"><\/iframe><\/p>\n<p><span id=\"eow-title\" class=\"watch-title \" dir=\"ltr\" title=\"EnduroGP Portugal 2016 - Highlights Day 2\">\u2013&nbsp;EEC 2017 | GP Portugal \u2013 Gouveia |&nbsp;<span id=\"eow-title\" class=\"watch-title \" dir=\"ltr\" title=\"EnduroGP Portugal 2016 - Highlights Day 1\">Highlights Day 1<\/span><\/span><\/p>\n<p><iframe loading=\"lazy\" src=\"https:\/\/www.youtube.com\/embed\/Vf4ELV5L7wg?feature=oembed\" allowfullscreen=\"\" width=\"700\" height=\"394\" frameborder=\"0\"><\/iframe><\/p>\n<p>&nbsp;<\/p>\n<p><span id=\"eow-title\" class=\"watch-title \" dir=\"ltr\" title=\"EnduroGP Portugal 2016 - Highlights Day 2\">\u2013&nbsp;EEC 2017 | GP Portugal \u2013 Gouveia |&nbsp;<span id=\"eow-title\" class=\"watch-title \" dir=\"ltr\" title=\"EnduroGP Portugal 2016 - Highlights Day 1\">Por amantes<\/span><\/span><\/p>\n<p><iframe loading=\"lazy\" src=\"https:\/\/www.youtube.com\/embed\/jJ5YSBf8TkI?feature=oembed\" allowfullscreen=\"\" width=\"700\" height=\"394\" frameborder=\"0\"><\/iframe><\/p>\n<hr>\n<p>&nbsp;<\/p>\n<p>\u2013&nbsp;EWC 2016 | GP Portugal \u2013 Gouveia |&nbsp;<span id=\"eow-title\" class=\"watch-title \" dir=\"ltr\" title=\"EnduroGP Portugal 2016 - Highlights Day 2\">Recap<\/span><\/p>\n<p><iframe loading=\"lazy\" src=\"https:\/\/www.youtube.com\/embed\/uHhXQXaYUsY\" allowfullscreen=\"allowfullscreen\" width=\"642\" height=\"361\" frameborder=\"0\"><\/iframe><\/p>\n<p>&nbsp;<\/p>\n<p>\u2013&nbsp;EWC 2016 | GP Portugal \u2013 Gouveia |&nbsp;<span id=\"eow-title\" class=\"watch-title \" dir=\"ltr\" title=\"EnduroGP Portugal 2016 - Highlights Day 2\">Highlights Day 2<\/span><\/p>\n<p><iframe loading=\"lazy\" src=\"https:\/\/www.youtube.com\/embed\/MY2Mp4YC1a4\" allowfullscreen=\"allowfullscreen\" width=\"642\" height=\"361\" frameborder=\"0\"><\/iframe><\/p>\n<p>\u2013&nbsp;EWC 2016 | GP Portugal \u2013 Gouveia |&nbsp;<span id=\"eow-title\" class=\"watch-title \" dir=\"ltr\" title=\"EnduroGP Portugal 2016 - Highlights Day 1\">Highlights Day 1<br \/>\n<\/span><br \/>\n<iframe loading=\"lazy\" src=\"https:\/\/www.youtube.com\/embed\/hRBCQbshDXk\" allowfullscreen=\"allowfullscreen\" width=\"642\" height=\"361\" frameborder=\"0\"><\/iframe><br \/>\n<span id=\"eow-title\" class=\"watch-title \" dir=\"ltr\" title=\"EnduroGP Portugal 2016 - SuperTest Action\"><\/span><br \/>\n\u2013&nbsp;EWC 2016 | GP Portugal \u2013 Gouveia |&nbsp;<span id=\"eow-title\" class=\"watch-title \" dir=\"ltr\" title=\"EnduroGP Portugal 2016 - SuperTest Action\">SuperTest Action<\/span><\/p>\n<p><iframe loading=\"lazy\" src=\"https:\/\/www.youtube.com\/embed\/BTbaJSwB1_s\" allowfullscreen=\"allowfullscreen\" width=\"642\" height=\"361\" frameborder=\"0\"><\/iframe><\/p>\n<p>\u2013&nbsp;EWC 2016 | GP Portugal \u2013 Gouveia |<span id=\"eow-title\" class=\"watch-title \" dir=\"ltr\" title=\"EnduroGP Portugal 2016 - Backstage\">&nbsp;Backstage<\/span><\/p>\n<p><iframe loading=\"lazy\" src=\"https:\/\/www.youtube.com\/embed\/Ngi8J2Cc5FA\" allowfullscreen=\"allowfullscreen\" width=\"642\" height=\"361\" frameborder=\"0\"><\/iframe><\/p>\n<p>\u2013&nbsp;EWC 2016 | GP Portugal \u2013 Gouveia |&nbsp;<span id=\"eow-title\" class=\"watch-title \" dir=\"ltr\" title=\"EnduroGP Portugal 2016 - Track Preview\">Track Preview<\/span><\/p>\n<p><iframe loading=\"lazy\" src=\"https:\/\/www.youtube.com\/embed\/6kx4z2cJW94\" allowfullscreen=\"allowfullscreen\" width=\"642\" height=\"361\" frameborder=\"0\"><\/iframe><\/p>\n<hr>\n<p>&nbsp;<\/p>\n<p>\u2013&nbsp;EWC 2015 | GP Portugal \u2013 Gouveia |&nbsp;Check out the 10 minutes commented recap of last Grand Prix Polisport of Portugal in Gouveia<\/p>\n<p><iframe loading=\"lazy\" src=\"https:\/\/www.youtube.com\/embed\/Wd4-OarZPi0?rel=0\" allowfullscreen=\"allowfullscreen\" width=\"642\" height=\"361\" frameborder=\"0\"><\/iframe><\/p>\n<hr>\n<p>\u2013&nbsp;EWC 2015 | GP Portugal \u2013 Gouveia |&nbsp;Os melhores momentos de GP Gouveia<\/p>\n<p><iframe loading=\"lazy\" src=\"https:\/\/www.youtube.com\/embed\/ODevrgaAumQ\" allowfullscreen=\"allowfullscreen\" width=\"642\" height=\"361\" frameborder=\"0\"><\/iframe><\/p>\n<hr>\n<p>\u2013&nbsp;EWC 2015 | GP Portugal \u2013 Gouveia |&nbsp;Segundo Dia<\/p>\n<p><iframe loading=\"lazy\" src=\"https:\/\/www.youtube.com\/embed\/3s_Dd_MN79A\" allowfullscreen=\"allowfullscreen\" width=\"642\" height=\"361\" frameborder=\"0\"><\/iframe><\/p>\n<hr>\n<p>\u2013&nbsp;EWC 2015 | GP Portugal \u2013 Gouveia |&nbsp;Primeiro Dia<\/p>\n<p><iframe loading=\"lazy\" src=\"https:\/\/www.youtube.com\/embed\/AV88fPFMaD0\" allowfullscreen=\"allowfullscreen\" width=\"642\" height=\"361\" frameborder=\"0\"><\/iframe><\/p>\n<hr>\n<p>\u2013&nbsp;EWC 2015 | GP Portugal \u2013 Gouveia | Super Test<\/p>\n<p><iframe loading=\"lazy\" src=\"https:\/\/www.youtube.com\/embed\/Q5q2wDTK9jU\" allowfullscreen=\"allowfullscreen\" width=\"642\" height=\"361\" frameborder=\"0\"><\/iframe><\/p>\n<hr>\n<p>\u2013&nbsp;EWC 2015 | GP Portugal \u2013 Gouveia | Teaser<\/p>\n<p><iframe loading=\"lazy\" src=\"https:\/\/www.youtube.com\/embed\/p8O53VNRcQU\" allowfullscreen=\"allowfullscreen\" width=\"642\" height=\"361\" frameborder=\"0\"><\/iframe><\/p>\n<p>Se pretender receber imagens em alta resolu\u00e7\u00e3o, solicite atrav\u00e9s do email:<br \/>\nIf you want to receive images on high resolution, please request via email:&nbsp;<a href=\"mailto:rui.belmonte@hype.pt\" target=\"_blank\" rel=\"noopener noreferrer\">rui.belmonte@hype.pt<\/a><\/p>\n<p>&nbsp;<\/p>\n<hr>\n<p>&nbsp;<\/p>\n<p>\u2013&nbsp;<span id=\"eow-title\" class=\"watch-title \" dir=\"ltr\" title=\"Gouveia Sensa\u00e7\u00f5es Aut\u00eanticas\">Gouveia Sensa\u00e7\u00f5es Aut\u00eanticas<\/span><\/p>\n<p><iframe loading=\"lazy\" src=\"https:\/\/www.youtube.com\/embed\/dQqzye0Y-jk\" allowfullscreen=\"allowfullscreen\" width=\"642\" height=\"361\" frameborder=\"0\"><\/iframe><br \/>\nSe pretender receber imagens em alta resolu\u00e7\u00e3o, solicite atrav\u00e9s do email:<br \/>\nIf you want to receive images on high resolution, please request via email:&nbsp;<a href=\"mailto:rui.belmonte@hype.pt\" target=\"_blank\" rel=\"noopener noreferrer\">rui.belmonte@hype.pt<\/a><\/p>\n<p><iframe loading=\"lazy\" src=\"https:\/\/www.youtube.com\/embed\/w2H6FkDq8R0?feature=oembed\" allowfullscreen=\"\" width=\"700\" height=\"394\" frameborder=\"0\"><\/iframe><\/p>\n","protected":false},"excerpt":{"rendered":"<p>\u2013&nbsp;EEC 2017 | GP Portugal \u2013 Gouveia |&nbsp;Highlights Day 2 \u2013&nbsp;EEC 2017 | GP Portugal \u2013 Gouveia |&nbsp;Highlights Day 1 &nbsp; \u2013&nbsp;EEC 2017 | GP Portugal \u2013 Gouveia |&nbsp;Por amantes &nbsp; \u2013&nbsp;EWC 2016 | GP Portugal \u2013 Gouveia |&nbsp;Recap &nbsp; \u2013&nbsp;EWC 2016 | GP Portugal \u2013 Gouveia |&nbsp;Highlights Day 2&hellip; <\/p>\n","protected":false},"author":2,"featured_media":731,"parent":0,"menu_order":0,"comment_status":"closed","ping_status":"closed","template":"","meta":{"footnotes":""},"class_list":["post-713","page","type-page","status-publish","has-post-thumbnail","hentry"],"yoast_head":"<!-- This site is optimized with the Yoast SEO plugin v27.4 - https:\/\/yoast.com\/product\/yoast-seo-wordpress\/ -->\n<title>V\u00eddeos - GP de Portugal<\/title>\n<meta name=\"robots\" content=\"index, follow, max-snippet:-1, max-image-preview:large, max-video-preview:-1\" \/>\n<link rel=\"canonical\" href=\"https:\/\/talentos-objetivos.pt\/wecportugal\/videos\/\" \/>\n<meta property=\"og:locale\" content=\"pt_PT\" \/>\n<meta property=\"og:type\" content=\"article\" \/>\n<meta property=\"og:title\" content=\"V\u00eddeos - GP de Portugal\" \/>\n<meta property=\"og:description\" content=\"\u2013&nbsp;EEC 2017 | GP Portugal \u2013 Gouveia |&nbsp;Highlights Day 2 \u2013&nbsp;EEC 2017 | GP Portugal \u2013 Gouveia |&nbsp;Highlights Day 1 &nbsp; \u2013&nbsp;EEC 2017 | GP Portugal \u2013 Gouveia |&nbsp;Por amantes &nbsp; \u2013&nbsp;EWC 2016 | GP Portugal \u2013 Gouveia |&nbsp;Recap &nbsp; \u2013&nbsp;EWC 2016 | GP Portugal \u2013 Gouveia |&nbsp;Highlights Day 2&hellip;\" \/>\n<meta property=\"og:url\" content=\"https:\/\/talentos-objetivos.pt\/wecportugal\/videos\/\" \/>\n<meta property=\"og:site_name\" content=\"GP de Portugal\" \/>\n<meta property=\"article:modified_time\" content=\"2022-12-13T10:10:49+00:00\" \/>\n<meta name=\"twitter:card\" content=\"summary_large_image\" \/>\n<meta name=\"twitter:label1\" content=\"Tempo estimado de leitura\" \/>\n\t<meta name=\"twitter:data1\" content=\"1 minuto\" \/>\n<script type=\"application\/ld+json\" class=\"yoast-schema-graph\">{\"@context\":\"https:\\\/\\\/schema.org\",\"@graph\":[{\"@type\":\"WebPage\",\"@id\":\"https:\\\/\\\/talentos-objetivos.pt\\\/wecportugal\\\/videos\\\/\",\"url\":\"https:\\\/\\\/talentos-objetivos.pt\\\/wecportugal\\\/videos\\\/\",\"name\":\"V\u00eddeos - GP de Portugal\",\"isPartOf\":{\"@id\":\"https:\\\/\\\/talentos-objetivos.pt\\\/wecportugal\\\/#website\"},\"primaryImageOfPage\":{\"@id\":\"https:\\\/\\\/talentos-objetivos.pt\\\/wecportugal\\\/videos\\\/#primaryimage\"},\"image\":{\"@id\":\"https:\\\/\\\/talentos-objetivos.pt\\\/wecportugal\\\/videos\\\/#primaryimage\"},\"thumbnailUrl\":\"\",\"datePublished\":\"2014-12-05T22:42:45+00:00\",\"dateModified\":\"2022-12-13T10:10:49+00:00\",\"breadcrumb\":{\"@id\":\"https:\\\/\\\/talentos-objetivos.pt\\\/wecportugal\\\/videos\\\/#breadcrumb\"},\"inLanguage\":\"pt-PT\",\"potentialAction\":[{\"@type\":\"ReadAction\",\"target\":[\"https:\\\/\\\/talentos-objetivos.pt\\\/wecportugal\\\/videos\\\/\"]}]},{\"@type\":\"ImageObject\",\"inLanguage\":\"pt-PT\",\"@id\":\"https:\\\/\\\/talentos-objetivos.pt\\\/wecportugal\\\/videos\\\/#primaryimage\",\"url\":\"\",\"contentUrl\":\"\"},{\"@type\":\"BreadcrumbList\",\"@id\":\"https:\\\/\\\/talentos-objetivos.pt\\\/wecportugal\\\/videos\\\/#breadcrumb\",\"itemListElement\":[{\"@type\":\"ListItem\",\"position\":1,\"name\":\"In\u00edcio\",\"item\":\"https:\\\/\\\/talentos-objetivos.pt\\\/wecportugal\\\/\"},{\"@type\":\"ListItem\",\"position\":2,\"name\":\"V\u00eddeos\"}]},{\"@type\":\"WebSite\",\"@id\":\"https:\\\/\\\/talentos-objetivos.pt\\\/wecportugal\\\/#website\",\"url\":\"https:\\\/\\\/talentos-objetivos.pt\\\/wecportugal\\\/\",\"name\":\"GP de Portugal\",\"description\":\"European Enduro Championship  - Gouveia\",\"potentialAction\":[{\"@type\":\"SearchAction\",\"target\":{\"@type\":\"EntryPoint\",\"urlTemplate\":\"https:\\\/\\\/talentos-objetivos.pt\\\/wecportugal\\\/?s={search_term_string}\"},\"query-input\":{\"@type\":\"PropertyValueSpecification\",\"valueRequired\":true,\"valueName\":\"search_term_string\"}}],\"inLanguage\":\"pt-PT\"}]}<\/script>\n<!-- \/ Yoast SEO plugin. -->","yoast_head_json":{"title":"V\u00eddeos - GP de Portugal","robots":{"index":"index","follow":"follow","max-snippet":"max-snippet:-1","max-image-preview":"max-image-preview:large","max-video-preview":"max-video-preview:-1"},"canonical":"https:\/\/talentos-objetivos.pt\/wecportugal\/videos\/","og_locale":"pt_PT","og_type":"article","og_title":"V\u00eddeos - GP de Portugal","og_description":"\u2013&nbsp;EEC 2017 | GP Portugal \u2013 Gouveia |&nbsp;Highlights Day 2 \u2013&nbsp;EEC 2017 | GP Portugal \u2013 Gouveia |&nbsp;Highlights Day 1 &nbsp; \u2013&nbsp;EEC 2017 | GP Portugal \u2013 Gouveia |&nbsp;Por amantes &nbsp; \u2013&nbsp;EWC 2016 | GP Portugal \u2013 Gouveia |&nbsp;Recap &nbsp; \u2013&nbsp;EWC 2016 | GP Portugal \u2013 Gouveia |&nbsp;Highlights Day 2&hellip;","og_url":"https:\/\/talentos-objetivos.pt\/wecportugal\/videos\/","og_site_name":"GP de Portugal","article_modified_time":"2022-12-13T10:10:49+00:00","twitter_card":"summary_large_image","twitter_misc":{"Tempo estimado de leitura":"1 minuto"},"schema":{"@context":"https:\/\/schema.org","@graph":[{"@type":"WebPage","@id":"https:\/\/talentos-objetivos.pt\/wecportugal\/videos\/","url":"https:\/\/talentos-objetivos.pt\/wecportugal\/videos\/","name":"V\u00eddeos - GP de Portugal","isPartOf":{"@id":"https:\/\/talentos-objetivos.pt\/wecportugal\/#website"},"primaryImageOfPage":{"@id":"https:\/\/talentos-objetivos.pt\/wecportugal\/videos\/#primaryimage"},"image":{"@id":"https:\/\/talentos-objetivos.pt\/wecportugal\/videos\/#primaryimage"},"thumbnailUrl":"","datePublished":"2014-12-05T22:42:45+00:00","dateModified":"2022-12-13T10:10:49+00:00","breadcrumb":{"@id":"https:\/\/talentos-objetivos.pt\/wecportugal\/videos\/#breadcrumb"},"inLanguage":"pt-PT","potentialAction":[{"@type":"ReadAction","target":["https:\/\/talentos-objetivos.pt\/wecportugal\/videos\/"]}]},{"@type":"ImageObject","inLanguage":"pt-PT","@id":"https:\/\/talentos-objetivos.pt\/wecportugal\/videos\/#primaryimage","url":"","contentUrl":""},{"@type":"BreadcrumbList","@id":"https:\/\/talentos-objetivos.pt\/wecportugal\/videos\/#breadcrumb","itemListElement":[{"@type":"ListItem","position":1,"name":"In\u00edcio","item":"https:\/\/talentos-objetivos.pt\/wecportugal\/"},{"@type":"ListItem","position":2,"name":"V\u00eddeos"}]},{"@type":"WebSite","@id":"https:\/\/talentos-objetivos.pt\/wecportugal\/#website","url":"https:\/\/talentos-objetivos.pt\/wecportugal\/","name":"GP de Portugal","description":"European Enduro Championship  - Gouveia","potentialAction":[{"@type":"SearchAction","target":{"@type":"EntryPoint","urlTemplate":"https:\/\/talentos-objetivos.pt\/wecportugal\/?s={search_term_string}"},"query-input":{"@type":"PropertyValueSpecification","valueRequired":true,"valueName":"search_term_string"}}],"inLanguage":"pt-PT"}]}},"_links":{"self":[{"href":"https:\/\/talentos-objetivos.pt\/wecportugal\/wp-json\/wp\/v2\/pages\/713","targetHints":{"allow":["GET"]}}],"collection":[{"href":"https:\/\/talentos-objetivos.pt\/wecportugal\/wp-json\/wp\/v2\/pages"}],"about":[{"href":"https:\/\/talentos-objetivos.pt\/wecportugal\/wp-json\/wp\/v2\/types\/page"}],"author":[{"embeddable":true,"href":"https:\/\/talentos-objetivos.pt\/wecportugal\/wp-json\/wp\/v2\/users\/2"}],"replies":[{"embeddable":true,"href":"https:\/\/talentos-objetivos.pt\/wecportugal\/wp-json\/wp\/v2\/comments?post=713"}],"version-history":[{"count":0,"href":"https:\/\/talentos-objetivos.pt\/wecportugal\/wp-json\/wp\/v2\/pages\/713\/revisions"}],"wp:featuredmedia":[{"embeddable":true,"href":"https:\/\/talentos-objetivos.pt\/wecportugal\/wp-json\/"}],"wp:attachment":[{"href":"https:\/\/talentos-objetivos.pt\/wecportugal\/wp-json\/wp\/v2\/media?parent=713"}],"curies":[{"name":"wp","href":"https:\/\/api.w.org\/{rel}","templated":true}]}}